{"id":9030,"date":"2024-08-27T16:21:31","date_gmt":"2024-08-27T14:21:31","guid":{"rendered":"https:\/\/antcube.shop\/product\/antcube-digfix-terra-nidum-platte-40x20-l-beige\/"},"modified":"2026-04-14T14:05:23","modified_gmt":"2026-04-14T12:05:23","slug":"antcube-digfix-terra-nidum-assiette-40x20-l-beige","status":"publish","type":"product","link":"https:\/\/antcube.shop\/fr\/produit\/antcube-digfix-terra-nidum-assiette-40x20-l-beige\/","title":{"rendered":"ANTCUBE - Digfix Plaque Terra nidum 40\u00d720 - L - beige"},"content":{"rendered":"<p><strong>Dimensions :<\/strong> 383x160x19 mm<\/p>\n<p><strong>Mat\u00e9riau :<\/strong> Mat\u00e9riau \u00e0 base de r\u00e9sine creusable<\/p>\n<p><strong>Description :<\/strong> La plaque Terra nidum (nid de terre en latin) en mat\u00e9riau creusable convient parfaitement \u00e0 nos fourmili\u00e8res ANTCUBE. Elle peut \u00eatre utilis\u00e9e aussi bien s\u00e8che qu'humide. Elle convient \u00e9galement \u00e0 de nombreuses esp\u00e8ces de fourmis, en particulier celles qui nichent dans le sable et le bois (mort). Il peut \u00eatre utilis\u00e9 \u00e0 la place des m\u00e9langes de sable et d'argile ou des nids en li\u00e8ge. L'avantage de ce nid est que l'humidification de la plaque est plus facile \u00e0 contr\u00f4ler gr\u00e2ce \u00e0 une d\u00e9coloration clairement visible et que la couleur de la plaque offre un excellent contraste avec les esp\u00e8ces de fourmis g\u00e9n\u00e9ralement plus fonc\u00e9es. De plus, les vitres int\u00e9rieures de la fourmili\u00e8re ne peuvent pas \u00eatre souill\u00e9es par du substrat, comme c'est le cas avec les m\u00e9langes sable\/argile, par exemple, ce qui permet une vue parfaite du nid. Notre mat\u00e9riau de nidification a \u00e9galement une structure beaucoup plus ferme, de sorte que les tunnels et les chambres creus\u00e9s par les fourmis ne s'effondrent pas.<\/p>\n<p><strong>Note :<\/strong> La couleur naturelle peut varier entre le beige\/sable et le brun clair. Le ton de la couleur n'a aucune influence sur la qualit\u00e9.<br \/>\nLes dimensions peuvent varier de +\/- 1 mm en raison du processus de fabrication.<\/p>","protected":false},"excerpt":{"rendered":"<p>Taille : <strong>L<\/strong><\/p>","protected":false},"featured_media":9039,"comment_status":"open","ping_status":"closed","template":"","meta":{"_acf_changed":false,"content-type":"","_monsterinsights_skip_tracking":false,"_monsterinsights_sitenote_active":false,"_monsterinsights_sitenote_note":"","_monsterinsights_sitenote_category":0},"product_brand":[],"product_cat":[257,87,88],"product_tag":[],"class_list":{"0":"post-9030","1":"product","2":"type-product","3":"status-publish","4":"has-post-thumbnail","6":"product_cat-new-innovatve-products","7":"product_cat-nest-insets","8":"product_cat-digfix","10":"first","11":"instock","12":"taxable","13":"shipping-taxable","14":"purchasable","15":"product-type-simple"},"acf":[],"aioseo_notices":[],"jetpack_sharing_enabled":true,"_links":{"self":[{"href":"https:\/\/antcube.shop\/fr\/wp-json\/wp\/v2\/product\/9030","targetHints":{"allow":["GET"]}}],"collection":[{"href":"https:\/\/antcube.shop\/fr\/wp-json\/wp\/v2\/product"}],"about":[{"href":"https:\/\/antcube.shop\/fr\/wp-json\/wp\/v2\/types\/product"}],"replies":[{"embeddable":true,"href":"https:\/\/antcube.shop\/fr\/wp-json\/wp\/v2\/comments?post=9030"}],"wp:featuredmedia":[{"embeddable":true,"href":"https:\/\/antcube.shop\/fr\/wp-json\/wp\/v2\/media\/9039"}],"wp:attachment":[{"href":"https:\/\/antcube.shop\/fr\/wp-json\/wp\/v2\/media?parent=9030"}],"wp:term":[{"taxonomy":"product_brand","embeddable":true,"href":"https:\/\/antcube.shop\/fr\/wp-json\/wp\/v2\/product_brand?post=9030"},{"taxonomy":"product_cat","embeddable":true,"href":"https:\/\/antcube.shop\/fr\/wp-json\/wp\/v2\/product_cat?post=9030"},{"taxonomy":"product_tag","embeddable":true,"href":"https:\/\/antcube.shop\/fr\/wp-json\/wp\/v2\/product_tag?post=9030"}],"curies":[{"name":"wp","href":"https:\/\/api.w.org\/{rel}","templated":true}]}}