{"id":8975,"date":"2024-08-19T20:52:02","date_gmt":"2024-08-19T18:52:02","guid":{"rendered":"https:\/\/antcube.shop\/product\/abstandshalter-fur-50mm-rohr\/"},"modified":"2026-01-12T12:40:38","modified_gmt":"2026-01-12T11:40:38","slug":"entretoise-pour-tube-de-50mm","status":"publish","type":"product","link":"https:\/\/antcube.shop\/fr\/produit\/entretoise-pour-tube-de-50mm\/","title":{"rendered":"Entretoise pour tube de 50mm"},"content":{"rendered":"<p><strong>Dimensions du produit :<\/strong> 49x19x8mm (entretoise)<\/p>\n<p><strong>Mat\u00e9riau :<\/strong> verre acrylique, acier \u00e0 ressort<\/p>\n<p><strong>Couleur :<\/strong> blanc, gris acier<\/p>\n<p><strong>Contenu :<\/strong><br \/>\n1x entretoise<br \/>\n1x support de pince - acier \u00e0 ressort pour 50mm<br \/>\n2x vis et chevilles pour le montage mural<br \/>\n2x petites vis pour fixer le support de serrage \u00e0 l'entretoise<\/p>\n<p><strong>Description :<\/strong><br \/>\nEntretoises pour fixer les tubes acryliques au mur. Ils ont \u00e9t\u00e9 con\u00e7us pour relier nos ar\u00e8nes murales et nos fourmili\u00e8res murales entre elles ou \u00e0 d'autres \u00e9l\u00e9ments par l'interm\u00e9diaire de tubes acryliques. Ils comblent l'\u00e9cart entre le mur et les tubes acryliques et permettent de fixer les tubes acryliques de mani\u00e8re s\u00fbre, solide et visuellement attrayante \u00e0 l'aide de colliers de serrage.<\/p>\n<p><strong>Note :<\/strong><br \/>\nLivr\u00e9 en pi\u00e8ces d\u00e9tach\u00e9es, il doit \u00eatre fix\u00e9 \u00e0 l'aide d'un tournevis cruciforme.<br \/>\nLes deux c\u00f4t\u00e9s de l'entretoise sont recouverts d'une fine pellicule protectrice. Il suffit de les d\u00e9coller.<\/p>\n<p><strong>Fermeture :<\/strong><br \/>\nPour fixer les 2 chevilles \"S6\" dans le mur, vous avez besoin d'une perceuse avec une m\u00e8che de 6 mm (bois, pierre ou m\u00e9tal selon le mat\u00e9riau).<br \/>\nDes trous d'une profondeur de 40 mm doivent \u00eatre perc\u00e9s dans le mur afin de fraiser les chevilles de 6x30 mm avec les vis de 4,5x40 mm.<br \/>\n<strong>Assemblage n\u00e9cessaire :<\/strong><br \/>\n- Niveau \u00e0 bulle<br \/>\n- Ruban adh\u00e9sif pour ne pas avoir \u00e0 marquer le mur en dessous.<br \/>\n- Tournevis cruciforme<br \/>\n- Perceuse\/visseuse en fonction du mur<br \/>\n- Foret de 6 mm (bois, pierre ou m\u00e9tal selon la surface)<\/p>","protected":false},"excerpt":{"rendered":"<p>Dimensions du produit : 49x14x8mm (entretoise) Mat\u00e9riau : verre acrylique, acier \u00e0 ressort Couleur : blanc, gris acier Contenu : 1x entretoise 1x support de pince - acier \u00e0 ressort pour 20mm 2x vis et cheville pour fixation murale 1x petite vis pour fixer le support de pince \u00e0 l'entretoise Description : Entretoises pour la fixation de tubes acryliques au mur. Elles ont \u00e9t\u00e9 d\u00e9velopp\u00e9es pour","protected":false},"featured_media":8988,"comment_status":"open","ping_status":"closed","template":"","meta":{"_acf_changed":false,"content-type":"","_monsterinsights_skip_tracking":false,"_monsterinsights_sitenote_active":false,"_monsterinsights_sitenote_note":"","_monsterinsights_sitenote_category":0},"product_brand":[],"product_cat":[345,119,120],"product_tag":[],"class_list":{"0":"post-8975","1":"product","2":"type-product","3":"status-publish","4":"has-post-thumbnail","6":"product_cat-pipe-connectors","7":"product_cat-formicarium-components","8":"product_cat-hoses","10":"first","11":"instock","12":"taxable","13":"shipping-taxable","14":"purchasable","15":"product-type-simple"},"acf":[],"aioseo_notices":[],"jetpack_sharing_enabled":true,"_links":{"self":[{"href":"https:\/\/antcube.shop\/fr\/wp-json\/wp\/v2\/product\/8975","targetHints":{"allow":["GET"]}}],"collection":[{"href":"https:\/\/antcube.shop\/fr\/wp-json\/wp\/v2\/product"}],"about":[{"href":"https:\/\/antcube.shop\/fr\/wp-json\/wp\/v2\/types\/product"}],"replies":[{"embeddable":true,"href":"https:\/\/antcube.shop\/fr\/wp-json\/wp\/v2\/comments?post=8975"}],"wp:featuredmedia":[{"embeddable":true,"href":"https:\/\/antcube.shop\/fr\/wp-json\/wp\/v2\/media\/8988"}],"wp:attachment":[{"href":"https:\/\/antcube.shop\/fr\/wp-json\/wp\/v2\/media?parent=8975"}],"wp:term":[{"taxonomy":"product_brand","embeddable":true,"href":"https:\/\/antcube.shop\/fr\/wp-json\/wp\/v2\/product_brand?post=8975"},{"taxonomy":"product_cat","embeddable":true,"href":"https:\/\/antcube.shop\/fr\/wp-json\/wp\/v2\/product_cat?post=8975"},{"taxonomy":"product_tag","embeddable":true,"href":"https:\/\/antcube.shop\/fr\/wp-json\/wp\/v2\/product_tag?post=8975"}],"curies":[{"name":"wp","href":"https:\/\/api.w.org\/{rel}","templated":true}]}}