{"id":8970,"date":"2024-08-19T20:48:32","date_gmt":"2024-08-19T18:48:32","guid":{"rendered":"https:\/\/antcube.shop\/product\/wand-formicarien-set\/"},"modified":"2026-03-04T17:24:31","modified_gmt":"2026-03-04T16:24:31","slug":"ensemble-de-formicarium-mural","status":"publish","type":"product","link":"https:\/\/antcube.shop\/fr\/produit\/ensemble-de-formicarium-mural\/","title":{"rendered":"Ensemble de formicarium mural"},"content":{"rendered":"<p><strong>Comprend :<\/strong><br \/>\n1x Fourmili\u00e8re murale - 30x15x15<br \/>\n1x fourmili\u00e8re murale - L - 30\u00d730 - verre<br \/>\n1x cadre de fourmili\u00e8re 30\u00d715<br \/>\n1x couverture de fourmili\u00e8re 30\u00d715<\/p>\n<p>3x raccord de tuyau transparent pour 20mm - L<br \/>\n1x raccord de tuyau transparent pour 20mm - I<br \/>\n1x connecteur de bassin 3\/4\u2033 \u00e0 20mm - clair comme de l'eau de roche<br \/>\n1x tube \u00e0 fourmis - transparent 20mm (3x3cm et 1x30cm)<br \/>\n1x entretoise avec support de pince de 20 mm<br \/>\n1x Capuchon de grille - 16mm - acier inoxydable<br \/>\n2x Grid insert acrylic &#8211; 50 mm with sealing ring<br \/>\n1x Grid insert acrylic &#8211; 27 mm with sealing ring<br \/>\n1x \u00e9crou de formicarium 3\/4 pouce - transparent<br \/>\n8x insert en caoutchouc pour les trous de forage comme protection<br \/>\n8x rondelles<br \/>\ny compris 8x vis et chevilles<\/p>\n<p><strong>Description :<\/strong><br \/>\nCet ensemble de formicarium mural a \u00e9t\u00e9 con\u00e7u pour un montage mural et est facile \u00e0 installer sur des murs en bois ou en pierre. L'ar\u00e8ne et la fourmili\u00e8re sont enti\u00e8rement transparentes, ce qui permet de bien voir le nid. Les fourmis peuvent nicher dans du sable et de l'argile ou dans l'un de nos nichoirs assortis en li\u00e8ge ou en Digfix. Pour relier la fourmili\u00e8re et l'ar\u00e8ne, nous avons inclus des tubes acryliques coup\u00e9s \u00e0 la bonne taille dans le kit. Les vis et les chevilles pour la fixation au mur sont \u00e9galement incluses dans le kit.<\/p>\n<p><strong>Instructions d'installation :<\/strong><\/p>\n<p><strong>Le panneau de verre \u00e9tant une paroi arri\u00e8re, le mur situ\u00e9 en dessous doit \u00eatre parfaitement droit.<\/strong><br \/>\nPour fixer les 8 chevilles \"S6\" dans le mur, vous avez besoin d'une perceuse avec une m\u00e8che de 6 mm (bois, pierre ou m\u00e9tal selon le mat\u00e9riau). Des trous de 45 mm de profondeur doivent \u00eatre perc\u00e9s dans le mur pour enfoncer les chevilles de 6x30 mm avec les vis de 4,5x40 mm.<br \/>\n<strong>Assemblage n\u00e9cessaire :<\/strong><br \/>\n- niveau \u00e0 bulle<br \/>\n- Ruban adh\u00e9sif pour \u00e9viter de marquer le mur du dessous.<br \/>\n- Tournevis cruciforme<br \/>\n- Perceuse\/visseuse en fonction du mur<br \/>\n- Foret de 6 mm (bois, pierre ou m\u00e9tal selon la surface)<br \/>\n- Il est \u00e9galement utile de faire un gabarit pour les trous de per\u00e7age \u00e0 partir d'une feuille de papier. Il suffit de la placer sous le mur arri\u00e8re et de marquer les trous.<\/p>\n<p><strong>D\u00e9tails de la fourmili\u00e8re :<\/strong><br \/>\nDimensions (LxH) :<br \/>\nParoi arri\u00e8re (6 mm d'\u00e9paisseur) : 400x293mm<\/p>\n<p>Ext\u00e9rieur (sans panneau arri\u00e8re)<br \/>\n334x28x296mm<\/p>\n<p>A l'int\u00e9rieur<br \/>\n284x20x290 mm<\/p>\n<p><strong>Mat\u00e9riau :<\/strong><br \/>\nVerre flott\u00e9<\/p>\n<p><strong>couleur :<\/strong><br \/>\nclair comme de l'eau de roche<\/p>\n<p><strong>D\u00e9tails de la fourmili\u00e8re :<\/strong><br \/>\nDimensions (LxlxH) :<br \/>\nParoi arri\u00e8re (6mm) : 400x150mm<\/p>\n<p>Ar\u00e9na (sans paroi arri\u00e8re) : 300x146x150mm<\/p>\n<p><strong>mat\u00e9riel :<\/strong><br \/>\nVerre flott\u00e9<\/p>\n<p><strong>Couleur :<\/strong><br \/>\nclair comme de l'eau de roche<\/p>\n<p><strong>Dimensions (LxlxH) :<\/strong><br \/>\nParoi arri\u00e8re (6mm) : 400x150mm<\/p>\n<p>Ar\u00e8ne (sans panneau arri\u00e8re) : 300x146x150mm<\/p>\n<p><strong>mat\u00e9riel :<\/strong><br \/>\nVerre flott\u00e9<\/p>\n<p><strong>Couleur :<\/strong><br \/>\nclair comme de l'eau de roche<\/p>\n<p><strong>Notes sur la production<\/strong><br \/>\nLe verre est d\u00e9coup\u00e9 conform\u00e9ment \u00e0 la norme DIN 1249 avec une tol\u00e9rance de +\/- 1 mm. Une protection suppl\u00e9mentaire est indispensable pour les esp\u00e8ces de fourmis de tr\u00e8s petite taille.<br \/>\nComme nos produits sont fabriqu\u00e9s \u00e0 la main, des \u00e9carts minimes peuvent se produire malgr\u00e9 le plus grand soin.<\/p>\n<p><strong>Note sur la ferme<\/strong><br \/>\n<strong>Lorsque vous fixez ou retirez des tuyaux, veuillez tenir compte des points suivants :<\/strong><br \/>\nSi le tuyau est tr\u00e8s difficile \u00e0 placer sur le manchon de raccordement, il faut frotter l\u00e9g\u00e8rement le manchon avec une goutte de notre huile ou de notre poudre anti-\u00e9clatement. Le tuyau doit ensuite \u00eatre pouss\u00e9 sur le manchon par des mouvements de torsion ou de vissage, sans solliciter le manchon par des mouvements de haut en bas. Il en va de m\u00eame lorsque vous retirez les tuyaux du manchon de raccordement \u00e0 la ferme. Ne tirez pas simplement sur le tuyau !<\/p>","protected":false},"excerpt":{"rendered":"<p>Cet ensemble est compos\u00e9 de 21 pi\u00e8ces<\/p>\n<p>Taille : <span style=\"color: #0000ff;\"><strong>L<\/strong> <\/span><\/p>","protected":false},"featured_media":8995,"comment_status":"open","ping_status":"closed","template":"","meta":{"_acf_changed":false,"content-type":"","_monsterinsights_skip_tracking":false,"_monsterinsights_sitenote_active":false,"_monsterinsights_sitenote_note":"","_monsterinsights_sitenote_category":0},"product_brand":[],"product_cat":[257,73,86],"product_tag":[],"class_list":{"0":"post-8970","1":"product","2":"type-product","3":"status-publish","4":"has-post-thumbnail","6":"product_cat-new-innovatve-products","7":"product_cat-starter-sets","8":"product_cat-formicariums","10":"first","11":"instock","12":"taxable","13":"shipping-taxable","14":"purchasable","15":"product-type-simple"},"acf":[],"aioseo_notices":[],"jetpack_sharing_enabled":true,"_links":{"self":[{"href":"https:\/\/antcube.shop\/fr\/wp-json\/wp\/v2\/product\/8970","targetHints":{"allow":["GET"]}}],"collection":[{"href":"https:\/\/antcube.shop\/fr\/wp-json\/wp\/v2\/product"}],"about":[{"href":"https:\/\/antcube.shop\/fr\/wp-json\/wp\/v2\/types\/product"}],"replies":[{"embeddable":true,"href":"https:\/\/antcube.shop\/fr\/wp-json\/wp\/v2\/comments?post=8970"}],"wp:featuredmedia":[{"embeddable":true,"href":"https:\/\/antcube.shop\/fr\/wp-json\/wp\/v2\/media\/8995"}],"wp:attachment":[{"href":"https:\/\/antcube.shop\/fr\/wp-json\/wp\/v2\/media?parent=8970"}],"wp:term":[{"taxonomy":"product_brand","embeddable":true,"href":"https:\/\/antcube.shop\/fr\/wp-json\/wp\/v2\/product_brand?post=8970"},{"taxonomy":"product_cat","embeddable":true,"href":"https:\/\/antcube.shop\/fr\/wp-json\/wp\/v2\/product_cat?post=8970"},{"taxonomy":"product_tag","embeddable":true,"href":"https:\/\/antcube.shop\/fr\/wp-json\/wp\/v2\/product_tag?post=8970"}],"curies":[{"name":"wp","href":"https:\/\/api.w.org\/{rel}","templated":true}]}}