{"id":8969,"date":"2024-08-19T20:48:04","date_gmt":"2024-08-19T18:48:04","guid":{"rendered":"https:\/\/antcube.shop\/product\/wand-ameisenarena-30x15x30\/"},"modified":"2026-04-01T13:28:19","modified_gmt":"2026-04-01T11:28:19","slug":"arene-murale-30x15x30","status":"publish","type":"product","link":"https:\/\/antcube.shop\/fr\/produit\/arene-murale-30x15x30\/","title":{"rendered":"Fourmili\u00e8re murale - 30x15x30"},"content":{"rendered":"<p><strong>Dimensions (LxH) :<\/strong><br \/>\nParoi arri\u00e8re (6mm) : 400x300mm<\/p>\n<p><strong>Arena (sans panneau arri\u00e8re) :<\/strong> 300x146x300mm<\/p>\n<p><strong>Mat\u00e9riau :<\/strong><br \/>\nVerre flott\u00e9<\/p>\n<p><strong>Couleur :<\/strong><br \/>\nclair comme de l'eau de roche<\/p>\n<p><strong>Contenu :<\/strong><br \/>\n1x fourmili\u00e8re murale - 30x15x30<br \/>\n4x insert en caoutchouc pour la protection des trous de per\u00e7age<br \/>\n4x rondelle pour les trous de forage<br \/>\n4x bouchons et vis<\/p>\n<p><strong>Connexion :<\/strong><br \/>\n<strong>ATTENTION 4x les bouchons\/ les inserts de grille\/ les connecteurs (selon les besoins) pour les trous lat\u00e9raux de 50 mm ne sont pas inclus dans la livraison.<\/strong><br \/>\n2 trous de 50 mm en bas (centre du trou \u00e0 4 cm du bord inf\u00e9rieur)<br \/>\n2 trous de 50 mm en haut (centre du trou \u00e0 4 cm du bord sup\u00e9rieur)<\/p>\n<p><strong>Description :<\/strong><br \/>\nCette fourmili\u00e8re a \u00e9t\u00e9 con\u00e7ue pour un montage mural et est facile \u00e0 installer sur des murs en bois ou en pierre. Des fourmili\u00e8res et des ar\u00e8nes suppl\u00e9mentaires peuvent \u00eatre connect\u00e9es via les trous de 50 mm sur le c\u00f4t\u00e9. Un tuyau ou un tube acrylique transparent peut \u00eatre utilis\u00e9 comme connexion. Nous proposons \u00e9galement une fourmili\u00e8re murale assortie \u00e0 la fourmili\u00e8re murale.<br \/>\nLes articles assortis Ant arena cover 30\u00d715 et Ant arena frame 30\u00d715 doivent \u00eatre command\u00e9s s\u00e9par\u00e9ment.<\/p>\n<p><strong>Instructions d'installation :<\/strong><br \/>\n<strong>Le panneau de verre \u00e9tant une paroi arri\u00e8re, le mur situ\u00e9 en dessous doit \u00eatre parfaitement droit.<\/strong><br \/>\nPour fixer les 4 chevilles \"S6\" dans le mur, vous avez besoin d'une perceuse avec une m\u00e8che de 6 mm (bois, pierre ou m\u00e9tal selon le mat\u00e9riau).<br \/>\nDes trous de 45 mm de profondeur doivent \u00eatre perc\u00e9s dans le mur pour fraiser les chevilles de 6x30 mm avec les vis de 4,5x40 mm.<br \/>\n<strong>Assemblage n\u00e9cessaire :<\/strong><br \/>\n- niveau \u00e0 bulle<br \/>\n- Ruban adh\u00e9sif pour \u00e9viter de marquer le mur du dessous.<br \/>\n- Tournevis cruciforme<br \/>\n- Perceuse\/visseuse en fonction du mur<br \/>\n- Foret de 6 mm (bois, pierre ou m\u00e9tal selon la surface)<br \/>\n- Il est \u00e9galement utile de faire un gabarit pour les trous de per\u00e7age \u00e0 partir d'une feuille de papier. Il suffit de la placer sous le mur arri\u00e8re et de marquer les trous.<\/p>\n<p><strong>Notes sur la production<\/strong><br \/>\nLe verre est coup\u00e9 selon la norme DIN 1249 avec une tol\u00e9rance de +\/- 1 mm. Pour les esp\u00e8ces de fourmis extr\u00eamement petites, une protection suppl\u00e9mentaire contre les fuites est indispensable.<br \/>\nNos produits \u00e9tant fabriqu\u00e9s \u00e0 la main, des \u00e9carts minimes peuvent survenir malgr\u00e9 le plus grand soin apport\u00e9 \u00e0 leur fabrication.<\/p>\n<p><strong>Note sur la ferme<\/strong><br \/>\nLorsque vous fixez ou retirez des tuyaux, veuillez tenir compte des points suivants :<br \/>\nSi le tuyau est tr\u00e8s difficile \u00e0 placer sur le manchon de raccordement, il faut frotter l\u00e9g\u00e8rement le manchon avec une goutte de notre huile ou de notre poudre anti-\u00e9clatement. Le tuyau doit ensuite \u00eatre pouss\u00e9 sur le manchon par des mouvements de torsion ou de vissage, sans solliciter le manchon par des mouvements de haut en bas. Il en va de m\u00eame lorsque vous retirez les tuyaux du manchon de raccordement \u00e0 la ferme. Ne tirez pas simplement sur le tuyau !<\/p>","protected":false},"excerpt":{"rendered":"<p>Raccordement : Trou 4x 50 mm<\/p>","protected":false},"featured_media":9001,"comment_status":"open","ping_status":"closed","template":"","meta":{"_acf_changed":false,"content-type":"","_monsterinsights_skip_tracking":false,"_monsterinsights_sitenote_active":false,"_monsterinsights_sitenote_note":"","_monsterinsights_sitenote_category":0},"product_brand":[],"product_cat":[257,85,86],"product_tag":[],"class_list":{"0":"post-8969","1":"product","2":"type-product","3":"status-publish","4":"has-post-thumbnail","6":"product_cat-new-innovatve-products","7":"product_cat-ant-arenas","8":"product_cat-formicariums","10":"first","11":"instock","12":"taxable","13":"shipping-taxable","14":"purchasable","15":"product-type-simple"},"acf":[],"aioseo_notices":[],"jetpack_sharing_enabled":true,"_links":{"self":[{"href":"https:\/\/antcube.shop\/fr\/wp-json\/wp\/v2\/product\/8969","targetHints":{"allow":["GET"]}}],"collection":[{"href":"https:\/\/antcube.shop\/fr\/wp-json\/wp\/v2\/product"}],"about":[{"href":"https:\/\/antcube.shop\/fr\/wp-json\/wp\/v2\/types\/product"}],"replies":[{"embeddable":true,"href":"https:\/\/antcube.shop\/fr\/wp-json\/wp\/v2\/comments?post=8969"}],"wp:featuredmedia":[{"embeddable":true,"href":"https:\/\/antcube.shop\/fr\/wp-json\/wp\/v2\/media\/9001"}],"wp:attachment":[{"href":"https:\/\/antcube.shop\/fr\/wp-json\/wp\/v2\/media?parent=8969"}],"wp:term":[{"taxonomy":"product_brand","embeddable":true,"href":"https:\/\/antcube.shop\/fr\/wp-json\/wp\/v2\/product_brand?post=8969"},{"taxonomy":"product_cat","embeddable":true,"href":"https:\/\/antcube.shop\/fr\/wp-json\/wp\/v2\/product_cat?post=8969"},{"taxonomy":"product_tag","embeddable":true,"href":"https:\/\/antcube.shop\/fr\/wp-json\/wp\/v2\/product_tag?post=8969"}],"curies":[{"name":"wp","href":"https:\/\/api.w.org\/{rel}","templated":true}]}}