{"id":8968,"date":"2024-08-19T20:47:21","date_gmt":"2024-08-19T18:47:21","guid":{"rendered":"https:\/\/antcube.shop\/product\/wand-ameisenfarm-l-30x30-glas\/"},"modified":"2026-01-12T12:39:31","modified_gmt":"2026-01-12T11:39:31","slug":"mur-fourmi-ferme-l-30x30-verre","status":"publish","type":"product","link":"https:\/\/antcube.shop\/fr\/produit\/mur-fourmi-ferme-l-30x30-verre\/","title":{"rendered":"Fourmili\u00e8re murale - L - 30\u00d730 - Verre"},"content":{"rendered":"<p><strong>Dimensions (LxH) :<\/strong><br \/>\nParoi arri\u00e8re (6mm d'\u00e9paisseur) : 400x293mm<\/p>\n<p>Ext\u00e9rieur (sans panneau arri\u00e8re)<br \/>\n334x28x296mm<\/p>\n<p>A l'int\u00e9rieur<br \/>\n284x20x290 mm<\/p>\n<p><strong>Mat\u00e9riau :<\/strong><br \/>\nVerre flott\u00e9<\/p>\n<p><strong>Couleur :<\/strong><br \/>\nclair comme de l'eau de roche<\/p>\n<p><strong>Contenu :<\/strong><br \/>\nFourmili\u00e8re murale - L - 30\u00d730 - Verre<br \/>\n1x couverture fourmili\u00e8re<br \/>\n4x insert en caoutchouc pour la protection des trous de per\u00e7age<br \/>\n4x rondelle pour les trous de forage<br \/>\n4x bouchons et vis<\/p>\n<p><strong>Connexion :<\/strong><br \/>\n2x douille 14\/16\/18\/20 x 20mm<\/p>\n<p>Le tuyau 14\/10 est ins\u00e9r\u00e9 fermement dans la douille de 14 mm.<br \/>\nLe tuyau 20\/16 est solidement fix\u00e9 \u00e0 la premi\u00e8re marche de 16 mm.<\/p>\n<p><strong>Description :<\/strong><br \/>\nCette fourmili\u00e8re a \u00e9t\u00e9 con\u00e7ue pour un montage mural et est facile \u00e0 installer sur des murs en bois ou en pierre. Elle est enti\u00e8rement transparente et permet de bien voir le nid. Le sable et l'argile ou l'un de nos nids assortis en li\u00e8ge ou en Digfix peuvent \u00eatre utilis\u00e9s comme mat\u00e9riau de nidification pour les fourmis. En outre, un tuyau, un tube acrylique transparent ou \"l'escalier \u00e0 fourmis\" peuvent \u00eatre raccord\u00e9s aux prises lat\u00e9rales. Nous proposons \u00e9galement des fourmili\u00e8res murales de 30\u00d715 ou 30\u00d730, assorties \u00e0 la fourmili\u00e8re murale.<\/p>\n<p><strong>Instructions d'installation :<\/strong><br \/>\n<strong>Le panneau de verre \u00e9tant une paroi arri\u00e8re, le mur situ\u00e9 en dessous doit \u00eatre parfaitement droit.<\/strong><br \/>\nPour fixer les 4 chevilles \"S6\" dans le mur, vous avez besoin d'une perceuse avec une m\u00e8che de 6 mm (bois, pierre ou m\u00e9tal selon le mat\u00e9riau).<br \/>\nDes trous de 45 mm de profondeur doivent \u00eatre perc\u00e9s dans le mur pour fraiser les chevilles de 6x30 mm avec les vis de 4,5x40 mm.<br \/>\n<strong>Assemblage n\u00e9cessaire :<\/strong><br \/>\n- niveau \u00e0 bulle<br \/>\n- Ruban adh\u00e9sif pour \u00e9viter de marquer le mur du dessous.<br \/>\n- Tournevis cruciforme<br \/>\n- Perceuse\/visseuse en fonction du mur<br \/>\n- Foret de 6 mm (bois, pierre ou m\u00e9tal selon la surface)<br \/>\n- Il est \u00e9galement utile de faire un gabarit pour les trous de per\u00e7age \u00e0 partir d'une feuille de papier. Il suffit de la placer sous le mur arri\u00e8re et de marquer les trous.<\/p>\n<p><strong>Notes sur la production<\/strong><br \/>\nLe verre est coup\u00e9 selon la norme DIN 1249 avec une tol\u00e9rance de +\/- 1 mm. Pour les esp\u00e8ces de fourmis extr\u00eamement petites, une protection suppl\u00e9mentaire contre les fuites est indispensable.<br \/>\nComme nos produits sont fabriqu\u00e9s \u00e0 la main, des \u00e9carts minimes peuvent se produire malgr\u00e9 le plus grand soin.<\/p>\n<p><strong>Note sur la ferme<\/strong><br \/>\nLorsque vous fixez ou retirez des tuyaux, veuillez tenir compte des points suivants :<br \/>\nSi le tuyau est tr\u00e8s difficile \u00e0 placer sur le manchon de raccordement, il faut frotter l\u00e9g\u00e8rement le manchon avec une goutte de notre huile ou de notre poudre anti-\u00e9clatement. Le tuyau doit ensuite \u00eatre pouss\u00e9 sur le manchon par des mouvements de torsion ou de vissage, sans solliciter le manchon par des mouvements de haut en bas. Il en va de m\u00eame lorsque vous retirez les tuyaux du manchon de raccordement \u00e0 la ferme. Ne tirez pas simplement sur le tuyau !<\/p>","protected":false},"excerpt":{"rendered":"<p>Raccordement : Douille 2x 14\/16 x 20mm ; Distance de la plaque : Int\u00e9rieur 20mm<\/p>\n<p>Taille : <span style=\"color: #0000ff;\"><strong>L<\/strong> <\/span><\/p>","protected":false},"featured_media":8997,"comment_status":"open","ping_status":"closed","template":"","meta":{"_acf_changed":false,"content-type":"","_monsterinsights_skip_tracking":false,"_monsterinsights_sitenote_active":false,"_monsterinsights_sitenote_note":"","_monsterinsights_sitenote_category":0},"product_brand":[],"product_cat":[257,80,83,86],"product_tag":[],"class_list":{"0":"post-8968","1":"product","2":"type-product","3":"status-publish","4":"has-post-thumbnail","6":"product_cat-new-innovatve-products","7":"product_cat-antfarms","8":"product_cat-antfarms-l","9":"product_cat-formicariums","11":"first","12":"instock","13":"taxable","14":"shipping-taxable","15":"purchasable","16":"product-type-simple"},"acf":[],"aioseo_notices":[],"jetpack_sharing_enabled":true,"_links":{"self":[{"href":"https:\/\/antcube.shop\/fr\/wp-json\/wp\/v2\/product\/8968","targetHints":{"allow":["GET"]}}],"collection":[{"href":"https:\/\/antcube.shop\/fr\/wp-json\/wp\/v2\/product"}],"about":[{"href":"https:\/\/antcube.shop\/fr\/wp-json\/wp\/v2\/types\/product"}],"replies":[{"embeddable":true,"href":"https:\/\/antcube.shop\/fr\/wp-json\/wp\/v2\/comments?post=8968"}],"wp:featuredmedia":[{"embeddable":true,"href":"https:\/\/antcube.shop\/fr\/wp-json\/wp\/v2\/media\/8997"}],"wp:attachment":[{"href":"https:\/\/antcube.shop\/fr\/wp-json\/wp\/v2\/media?parent=8968"}],"wp:term":[{"taxonomy":"product_brand","embeddable":true,"href":"https:\/\/antcube.shop\/fr\/wp-json\/wp\/v2\/product_brand?post=8968"},{"taxonomy":"product_cat","embeddable":true,"href":"https:\/\/antcube.shop\/fr\/wp-json\/wp\/v2\/product_cat?post=8968"},{"taxonomy":"product_tag","embeddable":true,"href":"https:\/\/antcube.shop\/fr\/wp-json\/wp\/v2\/product_tag?post=8968"}],"curies":[{"name":"wp","href":"https:\/\/api.w.org\/{rel}","templated":true}]}}