{"id":8853,"date":"2024-08-01T15:35:42","date_gmt":"2024-08-01T13:35:42","guid":{"rendered":"https:\/\/antcube.shop\/product\/bundle-offer-pseudoneoponera-rufipes\/"},"modified":"2025-10-19T16:10:44","modified_gmt":"2025-10-19T14:10:44","slug":"offre-groupee-pseudoneoponera-rufipes","status":"publish","type":"product","link":"https:\/\/antcube.shop\/fr\/produit\/offre-groupee-pseudoneoponera-rufipes\/","title":{"rendered":"Offre group\u00e9e - Pseudoneoponera rufipes"},"content":{"rendered":"<p><span data-text-color=\"secondary\"><strong>Offre group\u00e9e incluant une colonie de fourmis Pseudoneoponera rufipes (reine avec 11-25 ouvri\u00e8res + couvain)<\/strong><\/span><\/p>\n<p><span data-text-color=\"alert\"><strong>Dans la limite des stocks disponibles.<\/strong><\/span><\/p>\n<p><span data-text-color=\"alert\"><strong>L'exp\u00e9dition n'est possible que par GO ! \u00e0 l'int\u00e9rieur de l'Allemagne.<\/strong><\/span><\/p>\n<p><strong>Tout ce dont vous avez besoin pour une colonie de fourmis Pseudoneoponera rufipes :<\/strong><br \/>\nCe kit contient tout ce dont vous avez besoin pour mener \u00e0 bien les premiers mois d'une colonie de Pseudoneoponera rufipes. Il est extensible \u00e0 souhait et a \u00e9t\u00e9 test\u00e9 pendant plusieurs ann\u00e9es avec cette esp\u00e8ce de fourmis.<\/p>\n<p><strong>Esp\u00e8ce de fourmi Pseudoneoponera rufipes :<\/strong><br \/>\nPseudoneoponera rufipes est une grande esp\u00e8ce de fourmis d'Asie du Sud-Est. Elles y nichent g\u00e9n\u00e9ralement dans des sols limoneux et parfois aussi sur des arbres. En raison de leur origine dans les r\u00e9gions tropicales, elles n'hibernent pas. Leurs colonies atteignent une taille maximale de plusieurs centaines d'animaux, mais g\u00e9n\u00e9ralement pas plus de 200.<\/p>\n<p>Ils semblent relativement l\u00e9thargiques pendant la journ\u00e9e, car ils sont plus actifs la nuit et au cr\u00e9puscule. Cependant, elles sont \u00e9galement actives pendant la journ\u00e9e et leur comportement silencieux fait de leur observation une exp\u00e9rience particuli\u00e8re. Comme m\u00e9canisme de d\u00e9fense, elles recouvrent leurs ennemis d'une s\u00e9cr\u00e9tion d\u00e9fensive ressemblant \u00e0 de la mousse.<\/p>\n<p><strong>Nid de Pseudoneoponera rufipes :<\/strong><br \/>\nComme elles nichent g\u00e9n\u00e9ralement dans un sol limoneux dans les for\u00eats tropicales humides de l'Asie du Sud-Est, nous avons opt\u00e9 pour une fourmili\u00e8re XL avec un sol de for\u00eat tropicale.<\/p>\n<p><strong>Nourriture pour Pseudoneoponera rufipes :<\/strong><br \/>\nNous avons inclus nos grillons entiers blanchis et notre m\u00e9lange de miellat comme nourriture dans ce set. Les deux sont tr\u00e8s bien accept\u00e9s par Pseudoneoponera rufipes et favorisent un d\u00e9veloppement naturel et positif de la colonie gr\u00e2ce aux nutriments qu'ils contiennent.<\/p>\n<p><strong>Les conditions climatiques optimales pour Pseudoneoponera rufipes sont les suivantes :<\/strong><br \/>\nHumidit\u00e9 :<br \/>\nAr\u00e8ne : 60 - 70% Zone de nidification : 60 - 80%<br \/>\nTemp\u00e9rature :<br \/>\nAr\u00e8ne : 21 - 30\u00b0C Zone de nidification : 24 - 28\u00b0C<\/p>\n<p><strong>Contenu :<\/strong><br \/>\n1x Pseudoneoponera rufipes (reine + 11-25 ouvri\u00e8res + couvain)<\/p>\n<p>1x honeydew mix (HT) - recharge 10ml<br \/>\n1x grillon entier blanchi 10g<br \/>\n1x support d'ar\u00e8ne 20\u00d720<br \/>\n1x base de formicarium - 20\u00d76<\/p>\n<p>1x ANTCUBE - Arena 20x20x10 - plat<br \/>\n1x ANTCUBE - Fourmili\u00e8re - L - 20\u00d720 - vertical<br \/>\n1x cadre d'ar\u00e8ne de fourmis 20\u00d720<br \/>\n1x couverture de fourmili\u00e8re 20\u00d720<br \/>\n4x point de fixation pour la couverture de l'ar\u00e8ne<\/p>\n<p>1x 0,5 m de tuyau transparent 20\/16 mm<br \/>\n2x connecteur de tuyau de bassin 27 mm -14,16,20 mm - transparent<br \/>\n1x pinces adh\u00e9sives - transparentes 2 pcs.<br \/>\n2x ANTCUBE - Feuille rouge 20\u00d720 - filtre<\/p>\n<p>2x substrat - rainforest - 1 kg<br \/>\n1x panneau arri\u00e8re photo - rainforest - 20\u00d710<\/p>\n<p>2x grille d'insertion - 50mm - acier inoxydable<br \/>\n1x grille d'insertion - 27mm - acier inoxydable<\/p>\n<p>Mini thermo hygrom\u00e8tre analogique - affichage - suspension<br \/>\n1x pince \u00e0 \u00e9piler en acier \u00e0 ressort large - souple<br \/>\n1x pince \u00e0 \u00e9piler en plastique standard<br \/>\n1x Pipette en plastique 3ml<br \/>\n1x Huile de protection contre les fourmis 10ml<br \/>\n1x Abreuvoir 2ml - 360 degr\u00e9s<br \/>\n1x bol transparent 1\u00d720 - \u00e9ponge<br \/>\n1x abreuvoir transparent 20ml - \u00e9ponge<br \/>\n1x Loupe de poche - 2x - 30mm<br \/>\n1x racleur en mousse 150x18x2.5mm<\/p>\n<p><strong>Description :<\/strong><br \/>\nCe kit de d\u00e9marrage extensible pour Pseudoneoponera rufipes contient non seulement le formicarium adapt\u00e9 de mani\u00e8re optimale, mais aussi les accessoires appropri\u00e9s pour l'\u00e9levage de cette esp\u00e8ce de fourmis. L'\"abreuvoir clair 20ml - \u00e9ponge\" est destin\u00e9 \u00e0 l'eau, l'\"abreuvoir 2ml - 360 degr\u00e9s\" au m\u00e9lange de miellat.<\/p>\n<p><span data-text-color=\"alert\"><strong>Important :<\/strong><\/span> Veuillez humidifier le substrat avant de l'utiliser afin que le m\u00e9lange puisse se lier et se d\u00e9velopper fermement dans la fourmili\u00e8re. En outre, un substrat sec et poussi\u00e9reux peut entra\u00eener l'obstruction des voies respiratoires des fourmis et, dans le pire des cas, la suffocation des animaux.<\/p>\n<p><strong>Notes sur la production<\/strong><br \/>\nLe verre est d\u00e9coup\u00e9 conform\u00e9ment \u00e0 la norme DIN 1249 avec une tol\u00e9rance de +\/- 1 mm. Une protection suppl\u00e9mentaire est indispensable pour les esp\u00e8ces de fourmis de tr\u00e8s petite taille.<\/p>\n<p><strong>Note sur les grillons blanchis :<\/strong><br \/>\nNos grillons blanchis sont un moyen facile de fournir \u00e0 vos fourmis une nourriture prot\u00e9in\u00e9e fra\u00eechement conserv\u00e9e sans avoir \u00e0 nourrir les insectes vivants. Les grillons contenus (Acheta domesticus) ont \u00e9t\u00e9 d\u00e9licatement blanchis pour garantir que les valeurs nutritionnelles, le go\u00fbt et l'ar\u00f4me soient conserv\u00e9s. En outre, la carapace chitineuse des insectes est ramollie de mani\u00e8re \u00e0 ce qu'elle puisse \u00eatre dig\u00e9r\u00e9e plus facilement. Les liaisons des prot\u00e9ines de collag\u00e8ne sont bris\u00e9es afin que les fourmis puissent mieux les utiliser. Les Acheta domesticus en conserve ont la m\u00eame valeur nutritionnelle que les grillons vivants, mais sont plus faciles \u00e0 dig\u00e9rer.<\/p>\n<p>Les grillons blanchis ne conviennent pas pour chasser les esp\u00e8ces de fourmis qui ont besoin de nourriture vivante (par exemple les pon\u00e9rines telles que Harpegnathos ou Odontomachus).<\/p>\n<p><strong>Autres avantages :<\/strong><br \/>\nGaranti sans acariens<br \/>\nPeut \u00eatre portionn\u00e9<br \/>\nSt\u00e9rilis\u00e9 et mis sous vide<br \/>\nSans additifs<br \/>\nGrillons issus d'un \u00e9levage durable et purement biologique, nourris avec des d\u00e9chets organiques<\/p>\n<p><strong>A noter :<\/strong><br \/>\nSe conserve au r\u00e9frig\u00e9rateur pendant environ quatre jours apr\u00e8s ouverture. La dur\u00e9e de conservation est plus longue si le produit est congel\u00e9.<\/p>\n<p><strong>Note sur le miellat :<\/strong><br \/>\nContenu : 10 ml<br \/>\nIl s'agit d'un produit naturel, que nous avons affin\u00e9 apr\u00e8s de nombreux tests dans notre laboratoire et d\u00e9velopp\u00e9 en un aliment tr\u00e8s bien accept\u00e9 par les fourmis. La raison en est que le miel de miellat non transform\u00e9 sous sa forme originale concentr\u00e9e n'est pas bien accept\u00e9 par les fourmis et leur m\u00e9tabolisme.<br \/>\nNotre miellat a \u00e9t\u00e9 r\u00e9colt\u00e9 dans les for\u00eats de montagne sauvages et non pollu\u00e9es de Bulgarie. Le miellat n'est produit que pendant une p\u00e9riode tr\u00e8s limit\u00e9e, environ deux mois en \u00e9t\u00e9. Il est donc tr\u00e8s rare. En raison des caract\u00e9ristiques sp\u00e9cifiques du sol des for\u00eats et du climat, des nutriments essentiels sont stock\u00e9s dans les feuilles des arbres et sont absorb\u00e9s par les pucerons. C'est ce qui rend ce m\u00e9lange de miellat si d\u00e9sirable pour les fourmis.<\/p>\n<p><strong>Application :<\/strong><br \/>\nLa quantit\u00e9 de nourriture doit \u00eatre consomm\u00e9e dans les 3 jours environ.<\/p>\n<p><strong>Description :<\/strong><br \/>\nLe miellat, contrairement au miel de fleurs, est obtenu \u00e0 partir des s\u00e9cr\u00e9tions d'insectes qui sucent les plantes, comme les pucerons. Le miellat est une source de nourriture appr\u00e9ci\u00e9e par de nombreux insectes tels que les fourmis, les abeilles et les bourdons. Les abeilles et les bourdons le l\u00e8chent sur les feuilles ou les aiguilles de divers arbres. Les fourmis comme Lasius niger gardent litt\u00e9ralement les pucerons. Elles les d\u00e9fendent m\u00eame contre les pr\u00e9dateurs et les transportent jusqu'aux nouvelles pousses.<\/p>\n<p>Le miellat est particuli\u00e8rement appr\u00e9ci\u00e9 des fourmis en raison de ses composants quelque peu diff\u00e9rents. Les principaux sucres du miellat sont le saccharose et le fructose, mais on y trouve aussi, en plus petites quantit\u00e9s, du maltose, du tr\u00e9halose, du m\u00e9l\u00e9zitose, du raffinose et d'autres oligosaccharides. Outre le sucre et l'eau, la miell\u00e9e contient \u00e9galement des acides amin\u00e9s essentiels, des min\u00e9raux, des oligo-\u00e9l\u00e9ments, des ad\u00e9nosines, des phosphates et d'autres ingr\u00e9dients tels que des vitamines.<\/p>\n<p><strong>Utilisez :<\/strong><br \/>\nPour les esp\u00e8ces de fourmis mangeuses de miel (Meliphagidae)<br \/>\nIl s'agit d'un aliment compl\u00e9mentaire<br \/>\nIl peut \u00eatre propos\u00e9 aux animaux tel quel. Comme la concentration en sucre est r\u00e9duite par l'humidit\u00e9 et qu'un processus de fermentation commence, la nourriture doit \u00eatre remplac\u00e9e tous les 3 jours. Nettoyer soigneusement le bol\/tube d'alimentation avant de le r\u00e9utiliser.<br \/>\nUne fois ouvert, l'emballage doit \u00eatre conserv\u00e9 herm\u00e9tiquement ferm\u00e9 jusqu'\u00e0 la date de p\u00e9remption.<\/p>\n<p><strong>Informations nutritionnelles pour 100 g :<\/strong><br \/>\nenviron 2,7 graisses %<br \/>\ndont environ 0,45 % satur\u00e9<br \/>\nenviron 95 % de glucides<br \/>\ndont environ 71 % de sucre<br \/>\nenviron 2,85% de prot\u00e9ines<\/p>\n<p>Min\u00e9raux (potassium, calcium, cuivre, fer, sodium, magn\u00e9sium, phosphore, zinc et autres oligo-\u00e9l\u00e9ments) Acides amin\u00e9s (proline, leucine, ph\u00e9nylalanine, alanine, histidine, isoleucine, acide glutamique, arginine, acide aspartique, etc.) Acides organiques Enzymes (ferments) Ar\u00f4mes Inhibines (substances antibact\u00e9riennes) Fleurs Pollen<\/p>\n<p><strong>Stockage :<\/strong><br \/>\nPour garantir la qualit\u00e9 des aliments, ceux-ci doivent \u00eatre stock\u00e9s dans un endroit sombre et sec.<\/p>\n<p><strong>Note :<\/strong><br \/>\nAlimentation compl\u00e9mentaire pour les fourmis mangeuses de miel.<br \/>\nVeuillez consulter la notice pour conna\u00eetre la composition, les ingr\u00e9dients analytiques, la date de p\u00e9remption et le num\u00e9ro de lot.<\/p>\n<p>Num\u00e9ro d'information +49 30 439703870<\/p>\n<p><strong>Inspections v\u00e9t\u00e9rinaires et alimentaires responsables :<\/strong><br \/>\nCabinet v\u00e9t\u00e9rinaire Steglitz<br \/>\nK\u00f6nigin-Luise-Str. 92<br \/>\n14195 Berlin<\/p>","protected":false},"excerpt":{"rendered":"<p>L'ensemble est compos\u00e9 de 35 pi\u00e8ces<\/p>","protected":false},"featured_media":8855,"comment_status":"open","ping_status":"closed","template":"","meta":{"_acf_changed":false,"content-type":"","_monsterinsights_skip_tracking":false,"_monsterinsights_sitenote_active":false,"_monsterinsights_sitenote_note":"","_monsterinsights_sitenote_category":0},"product_brand":[],"product_cat":[355,73],"product_tag":[],"class_list":{"0":"post-8853","1":"product","2":"type-product","3":"status-publish","4":"has-post-thumbnail","6":"product_cat-bundle-offers","7":"product_cat-starter-sets","8":"product_shipping_class-germany-only","10":"first","11":"outofstock","12":"taxable","13":"shipping-taxable","14":"purchasable","15":"product-type-simple"},"acf":[],"aioseo_notices":[],"jetpack_sharing_enabled":true,"_links":{"self":[{"href":"https:\/\/antcube.shop\/fr\/wp-json\/wp\/v2\/product\/8853","targetHints":{"allow":["GET"]}}],"collection":[{"href":"https:\/\/antcube.shop\/fr\/wp-json\/wp\/v2\/product"}],"about":[{"href":"https:\/\/antcube.shop\/fr\/wp-json\/wp\/v2\/types\/product"}],"replies":[{"embeddable":true,"href":"https:\/\/antcube.shop\/fr\/wp-json\/wp\/v2\/comments?post=8853"}],"wp:featuredmedia":[{"embeddable":true,"href":"https:\/\/antcube.shop\/fr\/wp-json\/wp\/v2\/media\/8855"}],"wp:attachment":[{"href":"https:\/\/antcube.shop\/fr\/wp-json\/wp\/v2\/media?parent=8853"}],"wp:term":[{"taxonomy":"product_brand","embeddable":true,"href":"https:\/\/antcube.shop\/fr\/wp-json\/wp\/v2\/product_brand?post=8853"},{"taxonomy":"product_cat","embeddable":true,"href":"https:\/\/antcube.shop\/fr\/wp-json\/wp\/v2\/product_cat?post=8853"},{"taxonomy":"product_tag","embeddable":true,"href":"https:\/\/antcube.shop\/fr\/wp-json\/wp\/v2\/product_tag?post=8853"}],"curies":[{"name":"wp","href":"https:\/\/api.w.org\/{rel}","templated":true}]}}