{"id":8718,"date":"2024-07-22T15:43:52","date_gmt":"2024-07-22T13:43:52","guid":{"rendered":"https:\/\/antcube.shop\/product\/bonsai-tree-deko\/"},"modified":"2026-01-20T18:00:36","modified_gmt":"2026-01-20T17:00:36","slug":"bonsai-deko","status":"publish","type":"product","link":"https:\/\/antcube.shop\/fr\/produit\/bonsai-deko\/","title":{"rendered":"Arbre \u00e0 bonsa\u00efs"},"content":{"rendered":"<p>Taille \/ hauteur 20 cm \u00e0 28 cm<br \/>\nDiam\u00e8tre ~ 10 cm - 20 cm, id\u00e9al pour les ar\u00e8nes de 30x30x30 cm et plus.<br \/>\nLe poids varie entre 250 et 400 grammes<\/p>\n<p>Notre arbre Bonsa\u00ef est une d\u00e9coration id\u00e9ale pour votre formarium. Il peut \u00eatre utilis\u00e9 aussi bien en pose libre dans un fromicarium que dans des vivariums naturellement plant\u00e9s. Comme les fourmis peuvent se cacher sous ou dans le bonsa\u00ef, nous vous recommandons de ne l'utiliser que lorsque votre colonie de fourmis s'est d\u00e9j\u00e0 install\u00e9e dans son nid. Dans le cas contraire, les fourmis pourraient pr\u00e9f\u00e9rer le bonsa\u00ef comme site de nidification et vous perdriez de vue le nid.<\/p>\n<p><strong>ATTENTION :<\/strong> Ne pas placer le bonsa\u00ef dans un formica tr\u00e8s humide (plus de 60% d'humidit\u00e9). Le bonsa\u00ef pourrait commencer \u00e0 moisir. Avec une tr\u00e8s bonne ventilation, le bonsa\u00ef peut \u00e9galement \u00eatre plac\u00e9 dans des formicariums plus humides.<\/p>\n<p><span data-text-color=\"alert\"><strong>NOTE IMPORTANTE CONCERNANT L'ARTICLE :<\/strong><\/span><br \/>\nComme il s'agit d'un produit naturel\/unique, les photos ici ne sont pas compl\u00e8tement identiques \u00e0 l'article que vous recevrez. Il y aura des variations dans la taille, la forme et la couleur du mini arbre ainsi que de la plaque de base en ardoise de carri\u00e8re. Nous ne garantissons que la hauteur maximale de l'article.<\/p>\n<p>En commandant cet article, vous acceptez et consentez aux variations possibles du produit en taille, forme et couleur au moment de l'achat.<\/p>","protected":false},"excerpt":{"rendered":"<p>Dimensions : 20-28 cm de hauteur<\/p>","protected":false},"featured_media":8721,"comment_status":"open","ping_status":"closed","template":"","meta":{"_acf_changed":false,"content-type":"","_monsterinsights_skip_tracking":false,"_monsterinsights_sitenote_active":false,"_monsterinsights_sitenote_note":"","_monsterinsights_sitenote_category":0},"product_brand":[],"product_cat":[95,98],"product_tag":[],"class_list":{"0":"post-8718","1":"product","2":"type-product","3":"status-publish","4":"has-post-thumbnail","6":"product_cat-accessories-for-ants","7":"product_cat-decoration","9":"first","10":"outofstock","11":"taxable","12":"shipping-taxable","13":"purchasable","14":"product-type-simple"},"acf":[],"aioseo_notices":[],"jetpack_sharing_enabled":true,"_links":{"self":[{"href":"https:\/\/antcube.shop\/fr\/wp-json\/wp\/v2\/product\/8718","targetHints":{"allow":["GET"]}}],"collection":[{"href":"https:\/\/antcube.shop\/fr\/wp-json\/wp\/v2\/product"}],"about":[{"href":"https:\/\/antcube.shop\/fr\/wp-json\/wp\/v2\/types\/product"}],"replies":[{"embeddable":true,"href":"https:\/\/antcube.shop\/fr\/wp-json\/wp\/v2\/comments?post=8718"}],"wp:featuredmedia":[{"embeddable":true,"href":"https:\/\/antcube.shop\/fr\/wp-json\/wp\/v2\/media\/8721"}],"wp:attachment":[{"href":"https:\/\/antcube.shop\/fr\/wp-json\/wp\/v2\/media?parent=8718"}],"wp:term":[{"taxonomy":"product_brand","embeddable":true,"href":"https:\/\/antcube.shop\/fr\/wp-json\/wp\/v2\/product_brand?post=8718"},{"taxonomy":"product_cat","embeddable":true,"href":"https:\/\/antcube.shop\/fr\/wp-json\/wp\/v2\/product_cat?post=8718"},{"taxonomy":"product_tag","embeddable":true,"href":"https:\/\/antcube.shop\/fr\/wp-json\/wp\/v2\/product_tag?post=8718"}],"curies":[{"name":"wp","href":"https:\/\/api.w.org\/{rel}","templated":true}]}}