{"id":8518,"date":"2024-06-10T10:41:37","date_gmt":"2024-06-10T08:41:37","guid":{"rendered":"https:\/\/antcube.shop\/product\/poster\/"},"modified":"2025-09-30T10:22:23","modified_gmt":"2025-09-30T08:22:23","slug":"anatomie-du-poster","status":"publish","type":"product","link":"https:\/\/antcube.shop\/fr\/produit\/anatomie-du-poster\/","title":{"rendered":"Anatomie du poster"},"content":{"rendered":"<p>Affiches de qualit\u00e9 mus\u00e9ale r\u00e9alis\u00e9es sur du papier mat \u00e9pais. Ajoutez un accent merveilleux \u00e0 votre chambre et \u00e0 votre bureau avec ces affiches qui ne manqueront pas d'\u00e9gayer n'importe quel environnement.<\/p>\n<p>- Epaisseur du papier : 10,3 mil<br \/>\n- Poids du papier : 189 g\/m\u00b2.<br \/>\n- Opacit\u00e9 : 94%<br \/>\n- Luminosit\u00e9 ISO : 104%<br \/>\n- Le papier provient du Japon<\/p>\n<p>Ce produit est fabriqu\u00e9 sp\u00e9cialement pour vous d\u00e8s que vous passez commande, c'est pourquoi il nous faut un peu plus de temps pour vous le livrer. Le fait de fabriquer des produits \u00e0 la demande plut\u00f4t qu'en vrac permet de r\u00e9duire la surproduction. Nous vous remercions donc de prendre des d\u00e9cisions d'achat r\u00e9fl\u00e9chies !<\/p>","protected":false},"excerpt":{"rendered":"<p>Affiches de qualit\u00e9 mus\u00e9ale r\u00e9alis\u00e9es sur du papier mat \u00e9pais. Ajoutez un accent merveilleux \u00e0 votre chambre et \u00e0 votre bureau avec ces affiches qui ne manqueront pas d'\u00e9gayer n'importe quel environnement. - Epaisseur du papier : 10.3 mil - Poids du papier : 189 g\/m\u00b2 - Opacit\u00e9 : 94% - Luminosit\u00e9 ISO : 104% - Le papier provient du Japon Ce produit est sp\u00e9cialement con\u00e7u pour [...]","protected":false},"featured_media":8523,"comment_status":"open","ping_status":"closed","template":"","meta":{"_acf_changed":false,"content-type":"","_monsterinsights_skip_tracking":false,"_monsterinsights_sitenote_active":false,"_monsterinsights_sitenote_note":"","_monsterinsights_sitenote_category":0},"product_brand":[],"product_cat":[245],"product_tag":[],"class_list":{"0":"post-8518","1":"product","2":"type-product","3":"status-publish","4":"has-post-thumbnail","6":"product_cat-merchandise","8":"first","9":"instock","10":"taxable","11":"shipping-taxable","12":"purchasable","13":"product-type-variable"},"acf":[],"aioseo_notices":[],"jetpack_sharing_enabled":true,"_links":{"self":[{"href":"https:\/\/antcube.shop\/fr\/wp-json\/wp\/v2\/product\/8518","targetHints":{"allow":["GET"]}}],"collection":[{"href":"https:\/\/antcube.shop\/fr\/wp-json\/wp\/v2\/product"}],"about":[{"href":"https:\/\/antcube.shop\/fr\/wp-json\/wp\/v2\/types\/product"}],"replies":[{"embeddable":true,"href":"https:\/\/antcube.shop\/fr\/wp-json\/wp\/v2\/comments?post=8518"}],"wp:featuredmedia":[{"embeddable":true,"href":"https:\/\/antcube.shop\/fr\/wp-json\/wp\/v2\/media\/8523"}],"wp:attachment":[{"href":"https:\/\/antcube.shop\/fr\/wp-json\/wp\/v2\/media?parent=8518"}],"wp:term":[{"taxonomy":"product_brand","embeddable":true,"href":"https:\/\/antcube.shop\/fr\/wp-json\/wp\/v2\/product_brand?post=8518"},{"taxonomy":"product_cat","embeddable":true,"href":"https:\/\/antcube.shop\/fr\/wp-json\/wp\/v2\/product_cat?post=8518"},{"taxonomy":"product_tag","embeddable":true,"href":"https:\/\/antcube.shop\/fr\/wp-json\/wp\/v2\/product_tag?post=8518"}],"curies":[{"name":"wp","href":"https:\/\/api.w.org\/{rel}","templated":true}]}}