{"id":8505,"date":"2024-06-10T10:40:55","date_gmt":"2024-06-10T08:40:55","guid":{"rendered":"https:\/\/antcube.shop\/product\/sports-water-bottle\/"},"modified":"2025-12-03T21:47:07","modified_gmt":"2025-12-03T20:47:07","slug":"bouteille-deau-de-sport","status":"publish","type":"product","link":"https:\/\/antcube.shop\/fr\/produit\/bouteille-deau-de-sport\/","title":{"rendered":"Bouteille d'eau pour le sport"},"content":{"rendered":"<p>Obtenez une bouteille d'eau personnalis\u00e9e et sportive en plastique recycl\u00e9 50% pour vous hydrater avec style. R\u00e9sistante aux taches, aux \u00e9clats et aux odeurs, elle garde vos boissons fra\u00eeches, et le couvercle anti-d\u00e9bordement et la valve \u00e0 mordre emp\u00eachent les fuites. La taille extra-large de cette bouteille convient \u00e9galement aux longues s\u00e9ances de gym, de travail ou d'\u00e9tude ! - 25 [...]<\/p>\n<p>- 25 oz (739 ml) <br \/>\n- Dimensions : 10\u2033 \u00d7 3\u2033 (25,4 \u00d7 7,62 cm)<br \/>\n- Mat\u00e9riau recycl\u00e9 Eastman Tritan\u2122 Renew 50% sans BPA <br \/>\n- R\u00e9sistant aux taches, aux \u00e9clats et aux odeurs<br \/>\n- Couvercle \u00e0 visser anti-d\u00e9versement avec valve \u00e0 mordre<br \/>\n- Poign\u00e9e \u00e0 un doigt<\/p>","protected":false},"excerpt":{"rendered":"<p>Obtenez une bouteille d'eau personnalis\u00e9e et sportive en plastique recycl\u00e9 50% pour vous hydrater avec style. R\u00e9sistante aux taches, aux \u00e9clats et aux odeurs, elle garde vos boissons fra\u00eeches, et le couvercle anti-d\u00e9bordement et la valve \u00e0 mordre emp\u00eachent les fuites. La taille extra-large de cette bouteille convient \u00e9galement aux longues s\u00e9ances de gym, de travail ou d'\u00e9tude ! - 25 [...]","protected":false},"featured_media":0,"comment_status":"open","ping_status":"closed","template":"","meta":{"_acf_changed":false,"content-type":"","_monsterinsights_skip_tracking":false,"_monsterinsights_sitenote_active":false,"_monsterinsights_sitenote_note":"","_monsterinsights_sitenote_category":0},"product_brand":[],"product_cat":[245],"product_tag":[],"class_list":{"0":"post-8505","1":"product","2":"type-product","3":"status-publish","5":"product_cat-merchandise","7":"first","8":"outofstock","9":"taxable","10":"shipping-taxable","11":"product-type-variable"},"acf":[],"aioseo_notices":[],"jetpack_sharing_enabled":true,"_links":{"self":[{"href":"https:\/\/antcube.shop\/fr\/wp-json\/wp\/v2\/product\/8505","targetHints":{"allow":["GET"]}}],"collection":[{"href":"https:\/\/antcube.shop\/fr\/wp-json\/wp\/v2\/product"}],"about":[{"href":"https:\/\/antcube.shop\/fr\/wp-json\/wp\/v2\/types\/product"}],"replies":[{"embeddable":true,"href":"https:\/\/antcube.shop\/fr\/wp-json\/wp\/v2\/comments?post=8505"}],"wp:attachment":[{"href":"https:\/\/antcube.shop\/fr\/wp-json\/wp\/v2\/media?parent=8505"}],"wp:term":[{"taxonomy":"product_brand","embeddable":true,"href":"https:\/\/antcube.shop\/fr\/wp-json\/wp\/v2\/product_brand?post=8505"},{"taxonomy":"product_cat","embeddable":true,"href":"https:\/\/antcube.shop\/fr\/wp-json\/wp\/v2\/product_cat?post=8505"},{"taxonomy":"product_tag","embeddable":true,"href":"https:\/\/antcube.shop\/fr\/wp-json\/wp\/v2\/product_tag?post=8505"}],"curies":[{"name":"wp","href":"https:\/\/api.w.org\/{rel}","templated":true}]}}