{"id":8503,"date":"2024-06-10T10:40:31","date_gmt":"2024-06-10T08:40:31","guid":{"rendered":"https:\/\/antcube.shop\/product\/stainless-steel-water-bottle-2\/"},"modified":"2024-12-12T11:07:50","modified_gmt":"2024-12-12T10:07:50","slug":"bouteille-deau-en-acier-inoxydable-2","status":"publish","type":"product","link":"https:\/\/antcube.shop\/fr\/produit\/bouteille-deau-en-acier-inoxydable-2\/","title":{"rendered":"Bouteille d'eau en acier inoxydable"},"content":{"rendered":"<p>Cette bouteille d'eau en acier inoxydable \u00e0 double paroi de 17 onces est parfaite pour vos sorties quotidiennes. Elle gardera votre boisson pr\u00e9f\u00e9r\u00e9e chaude ou froide pendant des heures. Elle est \u00e9galement dot\u00e9e d'un bouchon anti-odeurs et anti-fuites. Placez-la dans le porte-gobelet de votre voiture pour aller au travail, emportez-la en randonn\u00e9e ou glissez-la dans votre sac \u00e0 chaque fois que vous avez soif.<\/p>\n<p>- Acier inoxydable de haute qualit\u00e9<br \/>\n- 500 ml (17 oz)<br \/>\n- Dimensions : 10.5\u2033 \u00d7 2.85\u2033 (27 \u00d7 7 cm)<br \/>\n- Ballon \u00e0 vide<br \/>\n- Construction \u00e0 double paroi<br \/>\n- Forme de quille de bowling<br \/>\n- Finition brillante<br \/>\n- Bouchon inodore et \u00e9tanche<br \/>\n- Isol\u00e9 pour les liquides chauds et froids (garde le liquide chaud ou froid pendant 6 h)<br \/>\n- Rev\u00eatement ORCA brevet\u00e9 pour des couleurs \u00e9clatantes<br \/>\n- Lavage \u00e0 la main uniquement<br \/>\n- Produit vierge en provenance de Chine<\/p>\n<p>Avertissement : conserver de l'eau dans la bouteille pendant plus de 24 heures n'est pas hygi\u00e9nique et peut entra\u00eener une odeur d\u00e9sagr\u00e9able.<\/p>","protected":false},"excerpt":{"rendered":"<p>Cette bouteille d'eau en acier inoxydable \u00e0 double paroi de 17 onces est parfaite pour vos sorties quotidiennes. Elle gardera votre boisson pr\u00e9f\u00e9r\u00e9e chaude ou froide pendant des heures. Elle est \u00e9galement dot\u00e9e d'un bouchon anti-odeurs et anti-fuites. Vous pouvez la placer dans le porte-gobelet de votre voiture sur le chemin du travail, l'emporter en randonn\u00e9e ou la jeter dans [...]","protected":false},"featured_media":8504,"comment_status":"open","ping_status":"closed","template":"","meta":{"_acf_changed":false,"content-type":"","_monsterinsights_skip_tracking":false,"_monsterinsights_sitenote_active":false,"_monsterinsights_sitenote_note":"","_monsterinsights_sitenote_category":0},"product_brand":[],"product_cat":[245],"product_tag":[],"class_list":{"0":"post-8503","1":"product","2":"type-product","3":"status-publish","4":"has-post-thumbnail","6":"product_cat-merchandise","8":"first","9":"instock","10":"taxable","11":"shipping-taxable","12":"purchasable","13":"product-type-simple"},"acf":[],"aioseo_notices":[],"jetpack_sharing_enabled":true,"_links":{"self":[{"href":"https:\/\/antcube.shop\/fr\/wp-json\/wp\/v2\/product\/8503","targetHints":{"allow":["GET"]}}],"collection":[{"href":"https:\/\/antcube.shop\/fr\/wp-json\/wp\/v2\/product"}],"about":[{"href":"https:\/\/antcube.shop\/fr\/wp-json\/wp\/v2\/types\/product"}],"replies":[{"embeddable":true,"href":"https:\/\/antcube.shop\/fr\/wp-json\/wp\/v2\/comments?post=8503"}],"wp:featuredmedia":[{"embeddable":true,"href":"https:\/\/antcube.shop\/fr\/wp-json\/wp\/v2\/media\/8504"}],"wp:attachment":[{"href":"https:\/\/antcube.shop\/fr\/wp-json\/wp\/v2\/media?parent=8503"}],"wp:term":[{"taxonomy":"product_brand","embeddable":true,"href":"https:\/\/antcube.shop\/fr\/wp-json\/wp\/v2\/product_brand?post=8503"},{"taxonomy":"product_cat","embeddable":true,"href":"https:\/\/antcube.shop\/fr\/wp-json\/wp\/v2\/product_cat?post=8503"},{"taxonomy":"product_tag","embeddable":true,"href":"https:\/\/antcube.shop\/fr\/wp-json\/wp\/v2\/product_tag?post=8503"}],"curies":[{"name":"wp","href":"https:\/\/api.w.org\/{rel}","templated":true}]}}