{"id":8320,"date":"2024-06-10T10:36:48","date_gmt":"2024-06-10T08:36:48","guid":{"rendered":"https:\/\/antcube.shop\/product\/unisex-t-shirt-2\/"},"modified":"2024-12-12T11:08:12","modified_gmt":"2024-12-12T10:08:12","slug":"t-shirt-unisexe-2","status":"publish","type":"product","link":"https:\/\/antcube.shop\/fr\/produit\/t-shirt-unisexe-2\/","title":{"rendered":"T-shirt unisexe"},"content":{"rendered":"<p>Ce t-shirt est tout ce dont vous avez r\u00eav\u00e9 et plus encore. Il est doux et l\u00e9ger, avec la bonne dose d'\u00e9lasticit\u00e9. Il est confortable et flatteur pour tous. <\/p>\n<p>- 100% coton peign\u00e9 et ring-spun (les couleurs Heather contiennent du polyester)<br \/>\n- Poids du tissu : 142 g\/m\u00b2 (4,2 oz\/yd.\u00b2)<br \/>\n- Tissu pr\u00e9-r\u00e9tr\u00e9ci<br \/>\n- Construction \u00e0 coutures lat\u00e9rales<br \/>\n- Ruban adh\u00e9sif \u00e9paule \u00e0 \u00e9paule<br \/>\n- Produit vierge provenant du Nicaragua, du Mexique, du Honduras ou des \u00c9tats-Unis<\/p>\n<p>Ce produit est fabriqu\u00e9 sp\u00e9cialement pour vous d\u00e8s que vous passez commande, c'est pourquoi il nous faut un peu plus de temps pour vous le livrer. Le fait de fabriquer des produits \u00e0 la demande plut\u00f4t qu'en vrac permet de r\u00e9duire la surproduction. Nous vous remercions donc de prendre des d\u00e9cisions d'achat r\u00e9fl\u00e9chies !<\/p>","protected":false},"excerpt":{"rendered":"<p>Ce t-shirt est tout ce dont vous avez r\u00eav\u00e9 et plus encore. Il est doux et l\u00e9ger, avec la bonne dose d'\u00e9lasticit\u00e9. Il est confortable et flatteur pour tous. - 100% coton peign\u00e9 et ring-spun (les couleurs Heather contiennent du polyester) - Poids du tissu : 142 g\/m\u00b2 (4,2 oz\/yd.\u00b2) - Tissu pr\u00e9-r\u00e9tr\u00e9ci - Construction \u00e0 coutures lat\u00e9rales - Bande de propret\u00e9 d'une \u00e9paule \u00e0 l'autre - Produit vierge","protected":false},"featured_media":8423,"comment_status":"open","ping_status":"closed","template":"","meta":{"_acf_changed":false,"content-type":"","_monsterinsights_skip_tracking":false,"_monsterinsights_sitenote_active":false,"_monsterinsights_sitenote_note":"","_monsterinsights_sitenote_category":0},"product_brand":[],"product_cat":[245],"product_tag":[],"class_list":{"0":"post-8320","1":"product","2":"type-product","3":"status-publish","4":"has-post-thumbnail","6":"product_cat-merchandise","8":"first","9":"instock","10":"taxable","11":"shipping-taxable","12":"purchasable","13":"product-type-variable"},"acf":[],"aioseo_notices":[],"jetpack_sharing_enabled":true,"_links":{"self":[{"href":"https:\/\/antcube.shop\/fr\/wp-json\/wp\/v2\/product\/8320","targetHints":{"allow":["GET"]}}],"collection":[{"href":"https:\/\/antcube.shop\/fr\/wp-json\/wp\/v2\/product"}],"about":[{"href":"https:\/\/antcube.shop\/fr\/wp-json\/wp\/v2\/types\/product"}],"replies":[{"embeddable":true,"href":"https:\/\/antcube.shop\/fr\/wp-json\/wp\/v2\/comments?post=8320"}],"wp:featuredmedia":[{"embeddable":true,"href":"https:\/\/antcube.shop\/fr\/wp-json\/wp\/v2\/media\/8423"}],"wp:attachment":[{"href":"https:\/\/antcube.shop\/fr\/wp-json\/wp\/v2\/media?parent=8320"}],"wp:term":[{"taxonomy":"product_brand","embeddable":true,"href":"https:\/\/antcube.shop\/fr\/wp-json\/wp\/v2\/product_brand?post=8320"},{"taxonomy":"product_cat","embeddable":true,"href":"https:\/\/antcube.shop\/fr\/wp-json\/wp\/v2\/product_cat?post=8320"},{"taxonomy":"product_tag","embeddable":true,"href":"https:\/\/antcube.shop\/fr\/wp-json\/wp\/v2\/product_tag?post=8320"}],"curies":[{"name":"wp","href":"https:\/\/api.w.org\/{rel}","templated":true}]}}