{"id":8185,"date":"2024-06-10T10:28:06","date_gmt":"2024-06-10T08:28:06","guid":{"rendered":"https:\/\/antcube.shop\/product\/boxer-briefs\/"},"modified":"2024-12-12T11:08:38","modified_gmt":"2024-12-12T10:08:38","slug":"calecon-boxeur","status":"publish","type":"product","link":"https:\/\/antcube.shop\/fr\/produit\/calecon-boxeur\/","title":{"rendered":"Cale\u00e7on boxeur"},"content":{"rendered":"<p>Ce boxer est fabriqu\u00e9 dans une mati\u00e8re douce et extensible qui garantit le confort tout au long de la journ\u00e9e. Le boxer n'a pas de couture arri\u00e8re et est dot\u00e9 d'une poche avant doubl\u00e9e pour plus de confort et de maintien. <\/p>\n<p>- 95% polyester, 5% \u00e9lasthanne (la composition du tissu peut varier de 1%)<br \/>\n- Moyenne hauteur<br \/>\n- Poche frontale doubl\u00e9e pour un soutien suppl\u00e9mentaire<br \/>\n- Ceinture \u00e9lastique de 4 cm de large recouverte de tissu<br \/>\n- Panneau d'entrejambe <br \/>\n- Surjet et point de recouvrement <br \/>\n- Pas de couture arri\u00e8re pour plus de confort<br \/>\n- Composants de produits vierges dans l'UE originaires de Lituanie<br \/>\n- Composants de produits vierges au Mexique provenant des \u00c9tats-Unis et de la Chine<\/p>","protected":false},"excerpt":{"rendered":"<p>Ce boxer est fabriqu\u00e9 dans une mati\u00e8re douce et extensible qui garantit le confort tout au long de la journ\u00e9e. Le boxer n'a pas de couture arri\u00e8re et est dot\u00e9 d'une poche avant doubl\u00e9e pour plus de confort et de maintien. - 95% polyester, 5% \u00e9lasthanne (la composition du tissu peut varier de 1%) - Taille moyenne - Poche avant doubl\u00e9e pour un [...]","protected":false},"featured_media":8195,"comment_status":"open","ping_status":"closed","template":"","meta":{"_acf_changed":false,"content-type":"","_monsterinsights_skip_tracking":false,"_monsterinsights_sitenote_active":false,"_monsterinsights_sitenote_note":"","_monsterinsights_sitenote_category":0},"product_brand":[],"product_cat":[245],"product_tag":[],"class_list":{"0":"post-8185","1":"product","2":"type-product","3":"status-publish","4":"has-post-thumbnail","6":"product_cat-merchandise","8":"first","9":"instock","10":"taxable","11":"shipping-taxable","12":"purchasable","13":"product-type-variable"},"acf":[],"aioseo_notices":[],"jetpack_sharing_enabled":true,"_links":{"self":[{"href":"https:\/\/antcube.shop\/fr\/wp-json\/wp\/v2\/product\/8185","targetHints":{"allow":["GET"]}}],"collection":[{"href":"https:\/\/antcube.shop\/fr\/wp-json\/wp\/v2\/product"}],"about":[{"href":"https:\/\/antcube.shop\/fr\/wp-json\/wp\/v2\/types\/product"}],"replies":[{"embeddable":true,"href":"https:\/\/antcube.shop\/fr\/wp-json\/wp\/v2\/comments?post=8185"}],"wp:featuredmedia":[{"embeddable":true,"href":"https:\/\/antcube.shop\/fr\/wp-json\/wp\/v2\/media\/8195"}],"wp:attachment":[{"href":"https:\/\/antcube.shop\/fr\/wp-json\/wp\/v2\/media?parent=8185"}],"wp:term":[{"taxonomy":"product_brand","embeddable":true,"href":"https:\/\/antcube.shop\/fr\/wp-json\/wp\/v2\/product_brand?post=8185"},{"taxonomy":"product_cat","embeddable":true,"href":"https:\/\/antcube.shop\/fr\/wp-json\/wp\/v2\/product_cat?post=8185"},{"taxonomy":"product_tag","embeddable":true,"href":"https:\/\/antcube.shop\/fr\/wp-json\/wp\/v2\/product_tag?post=8185"}],"curies":[{"name":"wp","href":"https:\/\/api.w.org\/{rel}","templated":true}]}}