{"id":7997,"date":"2024-06-07T18:17:29","date_gmt":"2024-06-07T16:17:29","guid":{"rendered":"https:\/\/antcube.shop\/product\/unisex-hoodie\/"},"modified":"2024-12-12T11:08:58","modified_gmt":"2024-12-12T10:08:58","slug":"sweat-a-capuche-unisexe","status":"publish","type":"product","link":"https:\/\/antcube.shop\/fr\/produit\/sweat-a-capuche-unisexe\/","title":{"rendered":"Sweat \u00e0 capuche unisexe"},"content":{"rendered":"<p>Tout le monde a besoin d'un sweat \u00e0 capuche douillet pour se blottir, alors optez pour un sweat \u00e0 capuche doux, souple et \u00e9l\u00e9gant. C'est le choix id\u00e9al pour les soir\u00e9es plus fra\u00eeches !<\/p>\n<p>- 50% coton pr\u00e9-r\u00e9tr\u00e9ci, 50% polyester<br \/>\n- Poids du tissu : 8.0 oz\/yd\u00b2 (271.25 g\/m\u00b2)<br \/>\n- Fil\u00e9 par jet d'air avec un toucher doux et un boulochage r\u00e9duit<br \/>\n- Capuche doubl\u00e9e avec cordon de serrage assorti<br \/>\n- Corps tourn\u00e9 d'un quart de tour pour \u00e9viter les plis au milieu du corps<br \/>\n- Poignets et ceinture en tricot c\u00f4tel\u00e9 athl\u00e9tique 1 \u00d7 1 avec \u00e9lasthanne<br \/>\n- Pochette avant<br \/>\n- Col, \u00e9paules, emmanchures, poignets et ourlets doublement cousus.<br \/>\n- Produit vierge provenant du Bangladesh, du Nicaragua, du Honduras ou du Salvador<\/p>\n<p>Ce produit est fabriqu\u00e9 sp\u00e9cialement pour vous d\u00e8s que vous passez commande, c'est pourquoi il nous faut un peu plus de temps pour vous le livrer. Le fait de fabriquer des produits \u00e0 la demande plut\u00f4t qu'en vrac permet de r\u00e9duire la surproduction. Nous vous remercions donc de prendre des d\u00e9cisions d'achat r\u00e9fl\u00e9chies !<\/p>","protected":false},"excerpt":{"rendered":"<p>Tout le monde a besoin d'un sweat \u00e0 capuche douillet pour se blottir, alors optez pour un sweat \u00e0 capuche doux, souple et \u00e9l\u00e9gant. C'est le choix id\u00e9al pour les soir\u00e9es plus fra\u00eeches ! - Coton pr\u00e9-r\u00e9tr\u00e9ci 50%, polyester 50% - Poids du tissu : 271,25 g\/m\u00b2 (8,0 oz\/yd\u00b2) - Fil\u00e9 par jet d'air pour un toucher doux et un boulochage r\u00e9duit - Capuche doublement doubl\u00e9e et assortie \u00e0 la capuche.","protected":false},"featured_media":8060,"comment_status":"open","ping_status":"closed","template":"","meta":{"_acf_changed":false,"content-type":"","_monsterinsights_skip_tracking":false,"_monsterinsights_sitenote_active":false,"_monsterinsights_sitenote_note":"","_monsterinsights_sitenote_category":0},"product_brand":[],"product_cat":[245],"product_tag":[],"class_list":{"0":"post-7997","1":"product","2":"type-product","3":"status-publish","4":"has-post-thumbnail","6":"product_cat-merchandise","8":"first","9":"instock","10":"taxable","11":"shipping-taxable","12":"purchasable","13":"product-type-variable"},"acf":[],"aioseo_notices":[],"jetpack_sharing_enabled":true,"_links":{"self":[{"href":"https:\/\/antcube.shop\/fr\/wp-json\/wp\/v2\/product\/7997","targetHints":{"allow":["GET"]}}],"collection":[{"href":"https:\/\/antcube.shop\/fr\/wp-json\/wp\/v2\/product"}],"about":[{"href":"https:\/\/antcube.shop\/fr\/wp-json\/wp\/v2\/types\/product"}],"replies":[{"embeddable":true,"href":"https:\/\/antcube.shop\/fr\/wp-json\/wp\/v2\/comments?post=7997"}],"wp:featuredmedia":[{"embeddable":true,"href":"https:\/\/antcube.shop\/fr\/wp-json\/wp\/v2\/media\/8060"}],"wp:attachment":[{"href":"https:\/\/antcube.shop\/fr\/wp-json\/wp\/v2\/media?parent=7997"}],"wp:term":[{"taxonomy":"product_brand","embeddable":true,"href":"https:\/\/antcube.shop\/fr\/wp-json\/wp\/v2\/product_brand?post=7997"},{"taxonomy":"product_cat","embeddable":true,"href":"https:\/\/antcube.shop\/fr\/wp-json\/wp\/v2\/product_cat?post=7997"},{"taxonomy":"product_tag","embeddable":true,"href":"https:\/\/antcube.shop\/fr\/wp-json\/wp\/v2\/product_tag?post=7997"}],"curies":[{"name":"wp","href":"https:\/\/api.w.org\/{rel}","templated":true}]}}