{"id":7942,"date":"2024-05-29T15:42:05","date_gmt":"2024-05-29T13:42:05","guid":{"rendered":"https:\/\/antcube.shop\/product\/rote-abdeckplatte-20x20-liegend\/"},"modified":"2026-04-16T12:33:06","modified_gmt":"2026-04-16T10:33:06","slug":"plaque-de-recouvrement-rouge-20x20","status":"publish","type":"product","link":"https:\/\/antcube.shop\/fr\/produit\/plaque-de-recouvrement-rouge-20x20\/","title":{"rendered":"Plaque de recouvrement rouge 20\u00d720 - horizontale"},"content":{"rendered":"<p><strong>Dimensions :<\/strong> 180 x 180 mm,<br \/>\n<strong>\u00c9paisseur :<\/strong> 3 mm<br \/>\nDimension ext\u00e9rieure de l'anneau de 56 mm - Dimension int\u00e9rieure de l'anneau de 33 mm<\/p>\n<p><strong>Mat\u00e9riau :<\/strong> PMMA<\/p>\n<p><strong>Couleur :<\/strong> rouge fonc\u00e9, transparent<\/p>\n<p><strong>Contenu :<\/strong> 1 pc.<\/p>\n<p><strong>Description :<\/strong> La plaque de recouvrement transparente rouge - horizontale, est utilis\u00e9e pour donner aux fourmis l'impression d'\u00eatre sous terre. Nous recommandons donc d'utiliser ce produit au moins partiellement dans la zone du nid. Vous pouvez m\u00eame voir les fourmis dans le nid \u00e0 travers le couvercle.<\/p>","protected":false},"excerpt":{"rendered":"<p>Dimensions : 180 x 180 mm, Epaisseur : 3 mm Dimension ext\u00e9rieure de l'anneau de 56 mm - Dimension int\u00e9rieure de 33 mm Mat\u00e9riau : PMMA Couleur : rouge fonc\u00e9, transparent Contenu : 1 pi\u00e8ce Description : La plaque de recouvrement transparente rouge - horizontale, est utilis\u00e9e pour donner aux fourmis l'impression d'\u00eatre sous terre. Nous recommandons donc d'utiliser ce produit au moins en partie dans la chambre de la fourmi.","protected":false},"featured_media":7945,"comment_status":"open","ping_status":"closed","template":"","meta":{"_acf_changed":false,"content-type":"","_monsterinsights_skip_tracking":false,"_monsterinsights_sitenote_active":false,"_monsterinsights_sitenote_note":"","_monsterinsights_sitenote_category":0},"product_brand":[],"product_cat":[119,239],"product_tag":[],"class_list":{"0":"post-7942","1":"product","2":"type-product","3":"status-publish","4":"has-post-thumbnail","6":"product_cat-formicarium-components","7":"product_cat-useful-additions","9":"first","10":"instock","11":"taxable","12":"shipping-taxable","13":"purchasable","14":"product-type-simple"},"acf":[],"aioseo_notices":[],"jetpack_sharing_enabled":true,"_links":{"self":[{"href":"https:\/\/antcube.shop\/fr\/wp-json\/wp\/v2\/product\/7942","targetHints":{"allow":["GET"]}}],"collection":[{"href":"https:\/\/antcube.shop\/fr\/wp-json\/wp\/v2\/product"}],"about":[{"href":"https:\/\/antcube.shop\/fr\/wp-json\/wp\/v2\/types\/product"}],"replies":[{"embeddable":true,"href":"https:\/\/antcube.shop\/fr\/wp-json\/wp\/v2\/comments?post=7942"}],"wp:featuredmedia":[{"embeddable":true,"href":"https:\/\/antcube.shop\/fr\/wp-json\/wp\/v2\/media\/7945"}],"wp:attachment":[{"href":"https:\/\/antcube.shop\/fr\/wp-json\/wp\/v2\/media?parent=7942"}],"wp:term":[{"taxonomy":"product_brand","embeddable":true,"href":"https:\/\/antcube.shop\/fr\/wp-json\/wp\/v2\/product_brand?post=7942"},{"taxonomy":"product_cat","embeddable":true,"href":"https:\/\/antcube.shop\/fr\/wp-json\/wp\/v2\/product_cat?post=7942"},{"taxonomy":"product_tag","embeddable":true,"href":"https:\/\/antcube.shop\/fr\/wp-json\/wp\/v2\/product_tag?post=7942"}],"curies":[{"name":"wp","href":"https:\/\/api.w.org\/{rel}","templated":true}]}}