{"id":7881,"date":"2024-05-16T10:12:04","date_gmt":"2024-05-16T08:12:04","guid":{"rendered":"https:\/\/antcube.shop\/product\/bundle-offer-camponotus-singularis\/"},"modified":"2026-03-04T16:55:09","modified_gmt":"2026-03-04T15:55:09","slug":"offre-groupee-camponotus-singularis","status":"publish","type":"product","link":"https:\/\/antcube.shop\/fr\/produit\/offre-groupee-camponotus-singularis\/","title":{"rendered":"Offre group\u00e9e - Camponotus singularis"},"content":{"rendered":"<p><span data-text-color=\"secondary\"><strong>Offre group\u00e9e incluant une colonie de fourmis Camponotus singularis (reine avec 11-25 ouvri\u00e8res + couvain)<\/strong><\/span><\/p>\n<p><span data-text-color=\"alert\"><strong>Dans la limite des stocks disponibles.<\/strong><\/span><\/p>\n<p><span data-text-color=\"alert\"><strong>L'exp\u00e9dition n'est possible que par GO ! \u00e0 l'int\u00e9rieur de l'Allemagne.<\/strong><\/span><\/p>\n<p>1x reine Camponotus singularis + 11-25 ouvri\u00e8res + couvain<\/p>\n<p>1x Nid d'Ytong - 40\u00d720 avec ar\u00e8ne<br \/>\n1x bac en verre 40\u00d720<br \/>\n1x tampon de formicarium - 40x20cm<br \/>\n1x plaque de recouvrement rouge 20\u00d720 - horizontale<\/p>\n<p>1x Argile couleur - beige - 100ml<br \/>\n1x substrat - rainforest - 1kg<br \/>\n1x Formicarium granul\u00e9s 200 ml - noir<br \/>\n1x panneau arri\u00e8re photo - rainforest - 20\u00d710<\/p>\n<p>2x Grid insert acrylic &#8211; 50 mm with sealing ring<br \/>\n1x Grid insert acrylic &#8211; 27 mm with sealing ring<\/p>\n<p>1x Confiture de grillons 25g<br \/>\n1x Honeydew Mix (HT) - recharge 10ml<\/p>\n<p>1x drinking clear 5ml &#8211; sponge<br \/>\n1x Feeding dish white rectangle &#8211; 3 compartments<br \/>\n1x Drinking trough 2ml &#8211; 360 Degrees<\/p>\n<p>1x Foil thermometer Display<\/p>\n<p>1x Huile anti-fourmis 10ml<br \/>\n1x Pince \u00e0 \u00e9piler en acier \u00e0 ressort - large - souple<br \/>\n1x Pince \u00e0 \u00e9piler en plastique transparent<br \/>\n1x pipette en plastique 3ml<br \/>\n1x loupe \u00e0 main - 2x - 30mm<br \/>\n1x racleur en mousse 150x18x2,5mm<\/p>\n<p><iframe loading=\"lazy\" title=\"#Camponotus #singularis + Offre group\u00e9e \ud83d\udc1c\" src=\"https:\/\/www.youtube.com\/embed\/ld6DtoTWUWk\" width=\"449\" height=\"799\" frameborder=\"0\" allowfullscreen=\"allowfullscreen\"><\/iframe><br \/>\n<strong>Esp\u00e8ce de fourmi Camponotus singularis :<\/strong><br \/>\nCamponotus singularis est une tr\u00e8s belle et tr\u00e8s grande esp\u00e8ce de fourmis d'Asie du Sud-Est. Elles sont principalement nocturnes, mais sont \u00e9galement actives pendant la journ\u00e9e en raison de l'intensit\u00e9 lumineuse g\u00e9n\u00e9ralement plus faible dans la maison. Elles forment tr\u00e8s t\u00f4t des majors particuli\u00e8rement grandes qui d\u00e9fendent la colonie. On les voit souvent assises \u00e0 l'entr\u00e9e du nid.<\/p>\n<p>Leurs colonies peuvent atteindre plusieurs milliers d'animaux dans la nature. Mais ne vous inqui\u00e9tez pas, cela prend quelques ann\u00e9es.<\/p>\n<p>Vous pouvez les nourrir avec une solution de sucre et de miel, du miel et des aliments prot\u00e9in\u00e9s ou m\u00eame de petits insectes vivants tels que des grillons et des drosophiles. Le comportement de chasse active n'est vraiment d\u00e9velopp\u00e9 que dans les grandes colonies. Comme pour les esp\u00e8ces de Camponotus, le d\u00e9veloppement de l'\u0153uf \u00e0 l'ouvri\u00e8re prend quelques semaines.<\/p>\n<p>L'humidit\u00e9 et la temp\u00e9rature dans l'ar\u00e8ne doivent \u00eatre l\u00e9g\u00e8rement augment\u00e9es au maximum, mais le nid doit toujours \u00eatre humide. Les animaux pr\u00e9f\u00e8rent des zones diff\u00e9remment humides dans le nid.<\/p>\n<p>Camponotus singularis est relativement paresseux lorsqu'il s'agit de creuser des nids. Nous avons donc d\u00e9cid\u00e9 d'utiliser un nid Ytong. Les chambres et les passages pr\u00e9fabriqu\u00e9s peuvent \u00eatre utilis\u00e9s directement par la colonie. Le nid Ytong peut \u00eatre facilement humidifi\u00e9 \u00e0 l'aide du bac en verre fourni. Il suffit de verser un peu d'eau dans le bac et d'attendre que la pierre d'Ytong absorbe l'eau d'elle-m\u00eame.<\/p>\n<p><strong>Informations sur le nid Ytong avec ar\u00e8ne :<\/strong><br \/>\n<strong>Contient :<\/strong><br \/>\n<strong>Mat\u00e9riau :<\/strong> b\u00e9ton cellulaire, verre, plastique PMMA et PVC<\/p>\n<p><strong>Connexion :<\/strong> 1x ouverture de 14mm ; 1x ouverture de 27mm<\/p>\n<p><strong>Contenu :<\/strong><br \/>\n1x bloc de b\u00e9ton cellulaire 40x20x5 cm avec des chambres de 20mm de profondeur.<br \/>\n1x plaque de verre 40\u00d720 cm avec une ouverture de 50mm et une ar\u00e8ne 20\u00d720 cm<br \/>\n1x cadre d'ar\u00e8ne de fourmis 20\u00d720<br \/>\n1x couverture de fourmili\u00e8re 20\u00d720<br \/>\n1x anneau de 50 mm avec ouverture de 27 mm<br \/>\n1x bouchon de formicarium 13mm<br \/>\n2x bouchons de formicarium 27mm<br \/>\n2x 50mm bouchons de formicarium<\/p>\n<p>Gr\u00e2ce \u00e0 ses propri\u00e9t\u00e9s de r\u00e9tention d'eau, ce mat\u00e9riau convient parfaitement \u00e0 la conservation des fourmis. Il peut \u00eatre utilis\u00e9 pour un grand nombre d'esp\u00e8ces nichant dans la terre, dans des habitats secs ou humides. Selon l'esp\u00e8ce de fourmis, il est conseill\u00e9 de recouvrir le fond des chambres de peinture \u00e0 l'argile et de substrat de terre. Certaines esp\u00e8ces se sentent plus \u00e0 l'aise de cette mani\u00e8re et les esp\u00e8ces Ponerinae, par exemple, ont besoin de terre pour que leurs larves puissent se nymphoser correctement. Comme ce nid contient d\u00e9j\u00e0 une ar\u00e8ne, il peut \u00eatre utilis\u00e9 comme un syst\u00e8me de formarium complet.<\/p>\n<p><strong>Note :<\/strong><br \/>\nPour \u00e9viter que l'eau ne s'\u00e9coule de l'Ytong apr\u00e8s avoir humidifi\u00e9 la zone du nid et ne s'accumule sur la surface du meuble en dessous, ou que le mat\u00e9riau rugueux ne raye les surfaces, nous recommandons d'utiliser l'un de nos plateaux en verre assortis pour nos nids Ytong. Ceux-ci sont imperm\u00e9ables et prot\u00e8gent efficacement les surfaces en dessous contre les dommages caus\u00e9s par l'eau et les rayures.<\/p>\n<p><strong>Utilisez :<\/strong><br \/>\nPour les esp\u00e8ces de fourmis de taille <strong>M - L<\/strong><br \/>\nLe b\u00e9ton cellulaire est un mat\u00e9riau tr\u00e8s fragile et cassant. Il est donc impossible d'\u00e9viter que les coins et les ar\u00eates se cassent et deviennent l\u00e9g\u00e8rement in\u00e9gaux pendant la production. C'est pourquoi les nids Ytong ne conviennent pas aux tr\u00e8s petites esp\u00e8ces de fourmis de taille S, qui pourraient facilement se briser.<\/p>\n<p><strong>Important :<\/strong> Humidifiez le substrat avant de l'utiliser afin que le m\u00e9lange puisse se fixer et s'ancrer solidement dans la fourmili\u00e8re. Si le substrat est trop sec et poussi\u00e9reux, il peut \u00e9galement bloquer les voies respiratoires des fourmis et, dans le pire des cas, les faire suffoquer.<\/p>\n<p><strong>Notes sur la production<\/strong><br \/>\nLe verre est d\u00e9coup\u00e9 conform\u00e9ment \u00e0 la norme DIN 1249 avec une tol\u00e9rance de +\/- 1 mm. Une protection suppl\u00e9mentaire est indispensable pour les esp\u00e8ces de fourmis de tr\u00e8s petite taille.<\/p>\n<p><strong>Note Peinture \u00e0 l'argile :<\/strong><\/p>\n<p><strong>Description :<\/strong> Ce m\u00e9lange est non toxique et relativement r\u00e9sistant \u00e0 l'eau sur le pl\u00e2tre et le b\u00e9ton, mais il est \u00e9galement soluble dans l'eau.<\/p>\n<p><strong>Mode d'emploi :<\/strong><br \/>\nCe m\u00e9lange est pr\u00eat \u00e0 l'emploi et peut \u00eatre appliqu\u00e9 imm\u00e9diatement au pinceau sur le pl\u00e2tre ou le b\u00e9ton cellulaire.<br \/>\n100ml suffisent pour environ 1\/4m\u00b2 de b\u00e9ton cellulaire ou 1\/2m\u00b2 de pl\u00e2tre.<br \/>\nUne fois mouill\u00e9e, la surface peut \u00eatre saupoudr\u00e9e de sable, par exemple, pour obtenir un aspect encore plus naturel.<\/p>","protected":false},"excerpt":{"rendered":"<p>Connexion : 1x14mm 1x27mm<br \/>\nTaille : <strong>M - L<\/strong><\/p>","protected":false},"featured_media":7850,"comment_status":"open","ping_status":"closed","template":"","meta":{"_acf_changed":false,"content-type":"","_monsterinsights_skip_tracking":false,"_monsterinsights_sitenote_active":false,"_monsterinsights_sitenote_note":"","_monsterinsights_sitenote_category":0},"product_brand":[],"product_cat":[355,73],"product_tag":[],"class_list":{"0":"post-7881","1":"product","2":"type-product","3":"status-publish","4":"has-post-thumbnail","6":"product_cat-bundle-offers","7":"product_cat-starter-sets","8":"product_shipping_class-germany-only","10":"first","11":"outofstock","12":"taxable","13":"shipping-taxable","14":"purchasable","15":"product-type-simple"},"acf":[],"aioseo_notices":[],"jetpack_sharing_enabled":true,"_links":{"self":[{"href":"https:\/\/antcube.shop\/fr\/wp-json\/wp\/v2\/product\/7881","targetHints":{"allow":["GET"]}}],"collection":[{"href":"https:\/\/antcube.shop\/fr\/wp-json\/wp\/v2\/product"}],"about":[{"href":"https:\/\/antcube.shop\/fr\/wp-json\/wp\/v2\/types\/product"}],"replies":[{"embeddable":true,"href":"https:\/\/antcube.shop\/fr\/wp-json\/wp\/v2\/comments?post=7881"}],"wp:featuredmedia":[{"embeddable":true,"href":"https:\/\/antcube.shop\/fr\/wp-json\/wp\/v2\/media\/7850"}],"wp:attachment":[{"href":"https:\/\/antcube.shop\/fr\/wp-json\/wp\/v2\/media?parent=7881"}],"wp:term":[{"taxonomy":"product_brand","embeddable":true,"href":"https:\/\/antcube.shop\/fr\/wp-json\/wp\/v2\/product_brand?post=7881"},{"taxonomy":"product_cat","embeddable":true,"href":"https:\/\/antcube.shop\/fr\/wp-json\/wp\/v2\/product_cat?post=7881"},{"taxonomy":"product_tag","embeddable":true,"href":"https:\/\/antcube.shop\/fr\/wp-json\/wp\/v2\/product_tag?post=7881"}],"curies":[{"name":"wp","href":"https:\/\/api.w.org\/{rel}","templated":true}]}}