{"id":7590,"date":"2024-04-04T16:24:13","date_gmt":"2024-04-04T14:24:13","guid":{"rendered":"https:\/\/antcube.shop\/product\/thermo-hygrometer-analog-display-43mm-hangend\/"},"modified":"2026-01-15T16:08:58","modified_gmt":"2026-01-15T15:08:58","slug":"thermo-hygrometre-affichage-analogique-43mm-suspendu","status":"publish","type":"product","link":"https:\/\/antcube.shop\/fr\/produit\/thermo-hygrometre-affichage-analogique-43mm-suspendu\/","title":{"rendered":"Thermo-hygrom\u00e8tre analogique - affichage - 43mm - suspendu"},"content":{"rendered":"<p><strong>Dimensions :<\/strong> 73mm x 63mm, 20mm de profondeur<\/p>\n<p><strong>Mat\u00e9riau :<\/strong> m\u00e9tal \/ acry acry acry m\u00e9tal<\/p>\n<p><strong>Couleur :<\/strong> m\u00e9tal, argent \/ transparent<\/p>\n<p><strong>Contenu :<\/strong> 1x thermo-hygrom\u00e8tre analogique en m\u00e9tal - 43mm, 1x support en verre acrylique avec logement pour l'instrument de mesure - 73x59mm, 1x base en verre acrylique - 73x20mm, 2x pastilles adh\u00e9sives transparentes - 30x20mm<\/p>\n<p><strong>Description :<\/strong><br \/>\nL'ensemble se compose d'un thermom\u00e8tre et d'un hygrom\u00e8tre analogiques en m\u00e9tal (43 mm), ins\u00e9r\u00e9s dans une plaque en verre acrylique (73 x 59 mm). L'affichage est fix\u00e9 \u00e0 l'aide de deux tampons adh\u00e9sifs transparents, qui peuvent \u00eatre utilis\u00e9s pour fixer la base (73x20mm) au plafond des ar\u00e8nes ou des cadres.<\/p>\n<p><strong>Important :<\/strong><br \/>\nL'arri\u00e8re de la jauge doit \u00eatre d\u00e9gag\u00e9, sinon des erreurs de mesure peuvent se produire.<\/p>\n<p><strong>Thermom\u00e8tre de pr\u00e9cision :<\/strong> +\/- 2\u00b0C, +\/- 4\u00b0F<br \/>\n<strong>Hygrom\u00e8tre de pr\u00e9cision :<\/strong> +\/- 5%<\/p>","protected":false},"excerpt":{"rendered":"<p>Jeu de thermom\u00e8tre et d'hygrom\u00e8tre en m\u00e9tal (43mm) ins\u00e9r\u00e9 dans une plaque en verre acrylique (73x63mm)<\/p>","protected":false},"featured_media":7580,"comment_status":"open","ping_status":"closed","template":"","meta":{"_acf_changed":false,"content-type":"","_monsterinsights_skip_tracking":false,"_monsterinsights_sitenote_active":false,"_monsterinsights_sitenote_note":"","_monsterinsights_sitenote_category":0},"product_brand":[],"product_cat":[359,119],"product_tag":[],"class_list":{"0":"post-7590","1":"product","2":"type-product","3":"status-publish","4":"has-post-thumbnail","6":"product_cat-light-heat-humidity","7":"product_cat-formicarium-components","9":"first","10":"instock","11":"taxable","12":"shipping-taxable","13":"purchasable","14":"product-type-simple"},"acf":[],"aioseo_notices":[],"jetpack_sharing_enabled":true,"_links":{"self":[{"href":"https:\/\/antcube.shop\/fr\/wp-json\/wp\/v2\/product\/7590","targetHints":{"allow":["GET"]}}],"collection":[{"href":"https:\/\/antcube.shop\/fr\/wp-json\/wp\/v2\/product"}],"about":[{"href":"https:\/\/antcube.shop\/fr\/wp-json\/wp\/v2\/types\/product"}],"replies":[{"embeddable":true,"href":"https:\/\/antcube.shop\/fr\/wp-json\/wp\/v2\/comments?post=7590"}],"wp:featuredmedia":[{"embeddable":true,"href":"https:\/\/antcube.shop\/fr\/wp-json\/wp\/v2\/media\/7580"}],"wp:attachment":[{"href":"https:\/\/antcube.shop\/fr\/wp-json\/wp\/v2\/media?parent=7590"}],"wp:term":[{"taxonomy":"product_brand","embeddable":true,"href":"https:\/\/antcube.shop\/fr\/wp-json\/wp\/v2\/product_brand?post=7590"},{"taxonomy":"product_cat","embeddable":true,"href":"https:\/\/antcube.shop\/fr\/wp-json\/wp\/v2\/product_cat?post=7590"},{"taxonomy":"product_tag","embeddable":true,"href":"https:\/\/antcube.shop\/fr\/wp-json\/wp\/v2\/product_tag?post=7590"}],"curies":[{"name":"wp","href":"https:\/\/api.w.org\/{rel}","templated":true}]}}