{"id":7503,"date":"2024-04-04T11:27:36","date_gmt":"2024-04-04T09:27:36","guid":{"rendered":"https:\/\/antcube.shop\/product\/folien-thermometer-display\/"},"modified":"2026-04-02T14:54:02","modified_gmt":"2026-04-02T12:54:02","slug":"affichage-du-thermometre-en-feuille","status":"publish","type":"product","link":"https:\/\/antcube.shop\/fr\/produit\/affichage-du-thermometre-en-feuille\/","title":{"rendered":"Affichage du thermom\u00e8tre en feuille"},"content":{"rendered":"<p><strong>Dimensions :<\/strong> 30mm x 36.5mm<\/p>\n<p><strong>Plage de mesure :<\/strong> +12\u00b0C \u00e0 +34\u00b0C<\/p>\n<p><strong>Pr\u00e9cision :<\/strong> +\/- 1\u00b0C<\/p>\n<p><strong>Description :<\/strong><br \/>\nThermom\u00e8tre en feuille pouvant \u00eatre fix\u00e9 de l'int\u00e9rieur au couvercle ou au cadre d'une fourmili\u00e8re ou d'un formarium. Surface adh\u00e9sive sous la feuille sur la base transparente.<\/p>\n<p><strong>Pour la lecture de la temp\u00e9rature :<\/strong><br \/>\nLa zone verte indique la temp\u00e9rature actuelle.<br \/>\nSi la zone rouge est clairement visible, soustraire 0,5\u00b0C.<br \/>\nAjouter 0,5\u00b0C si la zone bleue est clairement visible.<\/p>","protected":false},"excerpt":{"rendered":"<p>Plage de mesure : +12\u00b0C \u00e0 +34\u00b0C<\/p>","protected":false},"featured_media":7593,"comment_status":"open","ping_status":"closed","template":"","meta":{"_acf_changed":false,"content-type":"","_monsterinsights_skip_tracking":false,"_monsterinsights_sitenote_active":false,"_monsterinsights_sitenote_note":"","_monsterinsights_sitenote_category":0},"product_brand":[],"product_cat":[359,119,239],"product_tag":[],"class_list":{"0":"post-7503","1":"product","2":"type-product","3":"status-publish","4":"has-post-thumbnail","6":"product_cat-light-heat-humidity","7":"product_cat-formicarium-components","8":"product_cat-useful-additions","10":"first","11":"instock","12":"taxable","13":"shipping-taxable","14":"purchasable","15":"product-type-simple"},"acf":[],"aioseo_notices":[],"jetpack_sharing_enabled":true,"_links":{"self":[{"href":"https:\/\/antcube.shop\/fr\/wp-json\/wp\/v2\/product\/7503","targetHints":{"allow":["GET"]}}],"collection":[{"href":"https:\/\/antcube.shop\/fr\/wp-json\/wp\/v2\/product"}],"about":[{"href":"https:\/\/antcube.shop\/fr\/wp-json\/wp\/v2\/types\/product"}],"replies":[{"embeddable":true,"href":"https:\/\/antcube.shop\/fr\/wp-json\/wp\/v2\/comments?post=7503"}],"wp:featuredmedia":[{"embeddable":true,"href":"https:\/\/antcube.shop\/fr\/wp-json\/wp\/v2\/media\/7593"}],"wp:attachment":[{"href":"https:\/\/antcube.shop\/fr\/wp-json\/wp\/v2\/media?parent=7503"}],"wp:term":[{"taxonomy":"product_brand","embeddable":true,"href":"https:\/\/antcube.shop\/fr\/wp-json\/wp\/v2\/product_brand?post=7503"},{"taxonomy":"product_cat","embeddable":true,"href":"https:\/\/antcube.shop\/fr\/wp-json\/wp\/v2\/product_cat?post=7503"},{"taxonomy":"product_tag","embeddable":true,"href":"https:\/\/antcube.shop\/fr\/wp-json\/wp\/v2\/product_tag?post=7503"}],"curies":[{"name":"wp","href":"https:\/\/api.w.org\/{rel}","templated":true}]}}