{"id":7500,"date":"2024-04-04T11:27:17","date_gmt":"2024-04-04T09:27:17","guid":{"rendered":"https:\/\/antcube.shop\/product\/ant-maze-20x20-m\/"},"modified":"2026-01-12T12:39:35","modified_gmt":"2026-01-12T11:39:35","slug":"labyrinthe-de-fourmis-20x20-m","status":"publish","type":"product","link":"https:\/\/antcube.shop\/fr\/produit\/labyrinthe-de-fourmis-20x20-m\/","title":{"rendered":"Fourmili\u00e8re 20\u00d720 - M"},"content":{"rendered":"<p><strong>Dimensions :<\/strong><br \/>\n190x220x23mm ; <strong>hauteur du chemin<\/strong> 10 mm <strong>largeur du chemin<\/strong> 10-19mm<br \/>\n5x contr\u00f4leur de passage coulissant<\/p>\n<p><strong>Mat\u00e9riau :<\/strong> verre acrylique<\/p>\n<p><strong>Couleur :<\/strong> clair comme de l'eau de roche, transparent<\/p>\n<p><strong>Contenu :<\/strong><br \/>\n1x Ant Maze M avec 5x contr\u00f4leur coulissant<\/p>\n<p><strong>Connexion :<\/strong> 2x douilles de connexion 10mm pour tube 14\/10mm<\/p>\n<p><strong>Description :<\/strong> Le labyrinthe de fourmis est un formicarium plat compos\u00e9 de plusieurs panneaux superpos\u00e9s. Le labyrinthe de fourmis peut \u00eatre \u00e9tendu \u00e0 l'aide de tuyaux ou reli\u00e9 \u00e0 une fourmili\u00e8re \u00e0 l'aide des prises de raccordement int\u00e9gr\u00e9es. Les cinq curseurs int\u00e9gr\u00e9s permettent aux fourmis d'ouvrir ou de fermer diff\u00e9rents chemins dans le labyrinthe. Ce labyrinthe peut \u00eatre utilis\u00e9 pour des exp\u00e9riences dans des \u00e9tablissements d'enseignement, par exemple, ou \u00e0 la maison pour observer comment les fourmis trouvent leur chemin et s'adaptent \u00e0 des itin\u00e9raires qui changent soudainement, par exemple vers des zones d'alimentation.<\/p>\n<p><strong>Note :<\/strong> Des \u00e9carts de 0,5 mm peuvent se produire.<\/p>\n<p><strong>Remarque sur les prises de connexion<\/strong><br \/>\nLorsque vous fixez ou retirez des tuyaux, veuillez tenir compte des points suivants :<br \/>\nSi le tuyau est tr\u00e8s difficile \u00e0 placer sur le manchon de raccordement, il faut frotter l\u00e9g\u00e8rement le manchon avec une goutte de notre huile ou de notre poudre anti-\u00e9clatement. Le tuyau doit ensuite \u00eatre pouss\u00e9 sur le manchon par des mouvements de torsion ou de vissage, sans solliciter le manchon par des mouvements de haut en bas. Il en va de m\u00eame lorsque vous retirez les tuyaux du manchon de raccordement \u00e0 la ferme. Ne tirez pas simplement sur le tuyau !<\/p>","protected":false},"excerpt":{"rendered":"<p>Connexion : Douille 2x 10mm<\/p>","protected":false},"featured_media":7600,"comment_status":"open","ping_status":"closed","template":"","meta":{"_acf_changed":false,"content-type":"","_monsterinsights_skip_tracking":false,"_monsterinsights_sitenote_active":false,"_monsterinsights_sitenote_note":"","_monsterinsights_sitenote_category":0},"product_brand":[],"product_cat":[257,119,239,91],"product_tag":[],"class_list":{"0":"post-7500","1":"product","2":"type-product","3":"status-publish","4":"has-post-thumbnail","6":"product_cat-new-innovatve-products","7":"product_cat-formicarium-components","8":"product_cat-useful-additions","9":"product_cat-formicarium-modules","11":"first","12":"instock","13":"taxable","14":"shipping-taxable","15":"purchasable","16":"product-type-simple"},"acf":[],"aioseo_notices":[],"jetpack_sharing_enabled":true,"_links":{"self":[{"href":"https:\/\/antcube.shop\/fr\/wp-json\/wp\/v2\/product\/7500","targetHints":{"allow":["GET"]}}],"collection":[{"href":"https:\/\/antcube.shop\/fr\/wp-json\/wp\/v2\/product"}],"about":[{"href":"https:\/\/antcube.shop\/fr\/wp-json\/wp\/v2\/types\/product"}],"replies":[{"embeddable":true,"href":"https:\/\/antcube.shop\/fr\/wp-json\/wp\/v2\/comments?post=7500"}],"wp:featuredmedia":[{"embeddable":true,"href":"https:\/\/antcube.shop\/fr\/wp-json\/wp\/v2\/media\/7600"}],"wp:attachment":[{"href":"https:\/\/antcube.shop\/fr\/wp-json\/wp\/v2\/media?parent=7500"}],"wp:term":[{"taxonomy":"product_brand","embeddable":true,"href":"https:\/\/antcube.shop\/fr\/wp-json\/wp\/v2\/product_brand?post=7500"},{"taxonomy":"product_cat","embeddable":true,"href":"https:\/\/antcube.shop\/fr\/wp-json\/wp\/v2\/product_cat?post=7500"},{"taxonomy":"product_tag","embeddable":true,"href":"https:\/\/antcube.shop\/fr\/wp-json\/wp\/v2\/product_tag?post=7500"}],"curies":[{"name":"wp","href":"https:\/\/api.w.org\/{rel}","templated":true}]}}