{"id":7496,"date":"2024-04-04T11:21:13","date_gmt":"2024-04-04T09:21:13","guid":{"rendered":"https:\/\/antcube.shop\/product\/beckenverbinder-3-4-zu-32mm-glasklar\/"},"modified":"2026-04-20T09:58:19","modified_gmt":"2026-04-20T07:58:19","slug":"connecteur-de-bassin-3-4-a-32mm-verre-clair","status":"publish","type":"product","link":"https:\/\/antcube.shop\/fr\/produit\/connecteur-de-bassin-3-4-a-32mm-verre-clair\/","title":{"rendered":"Raccord de lavabo 3\/4\u2033 \u00e0 32mm - verre clair"},"content":{"rendered":"<p><span data-text-color=\"alert\"><strong>Attention :<\/strong> <\/span>l'\u00e9crou n\u00e9cessaire \u00e0 la fixation doit \u00eatre command\u00e9 s\u00e9par\u00e9ment<\/p>\n<p><strong>Quantit\u00e9 :<\/strong> 1 pi\u00e8ce<\/p>\n<p><strong>Couleur :<\/strong> verre clair<\/p>\n<p><strong>Mat\u00e9riau :<\/strong> Plastique<\/p>\n<p><strong>Description :<\/strong> Ce raccord de tuyau de bassin 3\/4\" s'adapte \u00e0 un trou de 27 mm et \u00e0 un tuyau de 32 mm de diam\u00e8tre ext\u00e9rieur.<\/p>","protected":false},"excerpt":{"rendered":"<p>Attention : l'\u00e9crou n\u00e9cessaire \u00e0 la fixation doit \u00eatre command\u00e9 s\u00e9par\u00e9ment Quantit\u00e9 : 1 pi\u00e8ce Couleur : verre transparent Mat\u00e9riau : Plastique Description : Ce raccord de tuyau de bassin 3\/4\" s'adapte \u00e0 un trou de 27 mm et \u00e0 un tuyau de 32 mm de diam\u00e8tre ext\u00e9rieur.<\/p>","protected":false},"featured_media":7511,"comment_status":"open","ping_status":"closed","template":"","meta":{"_acf_changed":false,"content-type":"","_monsterinsights_skip_tracking":false,"_monsterinsights_sitenote_active":false,"_monsterinsights_sitenote_note":"","_monsterinsights_sitenote_category":0},"product_brand":[],"product_cat":[257,345,119,121],"product_tag":[],"class_list":{"0":"post-7496","1":"product","2":"type-product","3":"status-publish","4":"has-post-thumbnail","6":"product_cat-new-innovatve-products","7":"product_cat-pipe-connectors","8":"product_cat-formicarium-components","9":"product_cat-connectors","11":"first","12":"instock","13":"taxable","14":"shipping-taxable","15":"purchasable","16":"product-type-simple"},"acf":[],"aioseo_notices":[],"jetpack_sharing_enabled":true,"_links":{"self":[{"href":"https:\/\/antcube.shop\/fr\/wp-json\/wp\/v2\/product\/7496","targetHints":{"allow":["GET"]}}],"collection":[{"href":"https:\/\/antcube.shop\/fr\/wp-json\/wp\/v2\/product"}],"about":[{"href":"https:\/\/antcube.shop\/fr\/wp-json\/wp\/v2\/types\/product"}],"replies":[{"embeddable":true,"href":"https:\/\/antcube.shop\/fr\/wp-json\/wp\/v2\/comments?post=7496"}],"wp:featuredmedia":[{"embeddable":true,"href":"https:\/\/antcube.shop\/fr\/wp-json\/wp\/v2\/media\/7511"}],"wp:attachment":[{"href":"https:\/\/antcube.shop\/fr\/wp-json\/wp\/v2\/media?parent=7496"}],"wp:term":[{"taxonomy":"product_brand","embeddable":true,"href":"https:\/\/antcube.shop\/fr\/wp-json\/wp\/v2\/product_brand?post=7496"},{"taxonomy":"product_cat","embeddable":true,"href":"https:\/\/antcube.shop\/fr\/wp-json\/wp\/v2\/product_cat?post=7496"},{"taxonomy":"product_tag","embeddable":true,"href":"https:\/\/antcube.shop\/fr\/wp-json\/wp\/v2\/product_tag?post=7496"}],"curies":[{"name":"wp","href":"https:\/\/api.w.org\/{rel}","templated":true}]}}