{"id":6739,"date":"2023-12-12T15:09:04","date_gmt":"2023-12-12T14:09:04","guid":{"rendered":"https:\/\/antcube.shop\/product\/ameisenarena-abdeckung-60x30\/"},"modified":"2026-04-13T10:48:44","modified_gmt":"2026-04-13T08:48:44","slug":"couverture-de-larene-60x30","status":"publish","type":"product","link":"https:\/\/antcube.shop\/fr\/produit\/couverture-de-larene-60x30\/","title":{"rendered":"Fourmili\u00e8re couvrant 60\u00d730"},"content":{"rendered":"<p><strong>Dimensions (LxlxH) :<\/strong> 60x30x0,4 cm<\/p>\n<p><strong>Mat\u00e9riau :<\/strong> Verre flott\u00e9<\/p>\n<p><strong>Couleur :<\/strong> clair \/ transparent<\/p>\n<p><strong>Contenu :<\/strong><br \/>\n1x Couvercle de la fourmili\u00e8re<br \/>\n1x points de fixation 4 pc.<\/p>\n<p><strong>Description :<\/strong><br \/>\nCouvercle en verre pour la fourmili\u00e8re comme protection contre les fuites<\/p>\n<p><strong>Comment l'utiliser ?<\/strong><br \/>\nLe couvercle de la fourmili\u00e8re, en verre, peut \u00eatre plac\u00e9 sur la fourmili\u00e8re comme protection contre les fuites et pour r\u00e9guler le climat.<br \/>\nDiff\u00e9rents modules de contr\u00f4le climatique peuvent \u00eatre ins\u00e9r\u00e9s dans les ouvertures de 50 mm, par exemple des grilles de ventilation, un \u00e9clairage ou une humidification.<br \/>\nPour \u00e9viter que les fourmis ne s'\u00e9chappent par les ouvertures, il convient d'appliquer une protection contre la casse (huile, poudre ou vernis) sur la face inf\u00e9rieure autour des trous.<\/p>\n<p><strong>Note :<\/strong><br \/>\nL'article \u00e9tant en verre et donc fragile, il doit \u00eatre manipul\u00e9 avec beaucoup de pr\u00e9cautions.<\/p>","protected":false},"excerpt":{"rendered":"<p>Couvercle en verre pour la fourmili\u00e8re comme protection contre les fuites<\/p>","protected":false},"featured_media":6730,"comment_status":"open","ping_status":"closed","template":"","meta":{"_acf_changed":false,"content-type":"","_monsterinsights_skip_tracking":false,"_monsterinsights_sitenote_active":false,"_monsterinsights_sitenote_note":"","_monsterinsights_sitenote_category":0},"product_brand":[],"product_cat":[91,92],"product_tag":[],"class_list":{"0":"post-6739","1":"product","2":"type-product","3":"status-publish","4":"has-post-thumbnail","6":"product_cat-formicarium-modules","7":"product_cat-arena-cover","9":"first","10":"instock","11":"taxable","12":"shipping-taxable","13":"purchasable","14":"product-type-simple"},"acf":[],"aioseo_notices":[],"jetpack_sharing_enabled":true,"_links":{"self":[{"href":"https:\/\/antcube.shop\/fr\/wp-json\/wp\/v2\/product\/6739","targetHints":{"allow":["GET"]}}],"collection":[{"href":"https:\/\/antcube.shop\/fr\/wp-json\/wp\/v2\/product"}],"about":[{"href":"https:\/\/antcube.shop\/fr\/wp-json\/wp\/v2\/types\/product"}],"replies":[{"embeddable":true,"href":"https:\/\/antcube.shop\/fr\/wp-json\/wp\/v2\/comments?post=6739"}],"wp:featuredmedia":[{"embeddable":true,"href":"https:\/\/antcube.shop\/fr\/wp-json\/wp\/v2\/media\/6730"}],"wp:attachment":[{"href":"https:\/\/antcube.shop\/fr\/wp-json\/wp\/v2\/media?parent=6739"}],"wp:term":[{"taxonomy":"product_brand","embeddable":true,"href":"https:\/\/antcube.shop\/fr\/wp-json\/wp\/v2\/product_brand?post=6739"},{"taxonomy":"product_cat","embeddable":true,"href":"https:\/\/antcube.shop\/fr\/wp-json\/wp\/v2\/product_cat?post=6739"},{"taxonomy":"product_tag","embeddable":true,"href":"https:\/\/antcube.shop\/fr\/wp-json\/wp\/v2\/product_tag?post=6739"}],"curies":[{"name":"wp","href":"https:\/\/api.w.org\/{rel}","templated":true}]}}