{"id":6738,"date":"2023-12-12T15:03:31","date_gmt":"2023-12-12T14:03:31","guid":{"rendered":"https:\/\/antcube.shop\/product\/rahmen-fur-schiebetur\/"},"modified":"2026-04-01T13:28:15","modified_gmt":"2026-04-01T11:28:15","slug":"cadre-pour-porte-coulissante","status":"publish","type":"product","link":"https:\/\/antcube.shop\/fr\/produit\/cadre-pour-porte-coulissante\/","title":{"rendered":"Cadre pour porte coulissante"},"content":{"rendered":"<p><strong>Dimensions :<\/strong> 250x 270x 20mm<\/p>\n<p><strong>Mat\u00e9riau :<\/strong> PMMA<\/p>\n<p><strong>Contenu :<\/strong><br \/>\n1x cadre<br \/>\n4x barres lat\u00e9rales<br \/>\n4x vis \u00e0 t\u00eate frais\u00e9e M4 20mm<\/p>\n<p><strong>Couleur :<\/strong> Clair comme de l'eau de roche<\/p>\n<p><strong>Description :<\/strong><br \/>\nCadre de protection pour nos formariums \u00e0 portes coulissantes 30x30x60.<\/p>\n<p><strong>Pi\u00e8ce jointe :<\/strong><br \/>\nPeut \u00eatre plac\u00e9 directement sur la vis d\u00e9j\u00e0 pr\u00e9sente dans le formicarium \u00e0 porte coulissante.<\/p>","protected":false},"excerpt":{"rendered":"<p>Cadre en acrylique pour la protection de la porte coulissante de l'ANTCUBE Formicarium<\/p>","protected":false},"featured_media":6716,"comment_status":"open","ping_status":"closed","template":"","meta":{"_acf_changed":false,"content-type":"","_monsterinsights_skip_tracking":false,"_monsterinsights_sitenote_active":false,"_monsterinsights_sitenote_note":"","_monsterinsights_sitenote_category":0},"product_brand":[],"product_cat":[91,93],"product_tag":[],"class_list":{"0":"post-6738","1":"product","2":"type-product","3":"status-publish","4":"has-post-thumbnail","6":"product_cat-formicarium-modules","7":"product_cat-arena-frame","9":"first","10":"outofstock","11":"taxable","12":"shipping-taxable","13":"purchasable","14":"product-type-simple"},"acf":[],"aioseo_notices":[],"jetpack_sharing_enabled":true,"_links":{"self":[{"href":"https:\/\/antcube.shop\/fr\/wp-json\/wp\/v2\/product\/6738","targetHints":{"allow":["GET"]}}],"collection":[{"href":"https:\/\/antcube.shop\/fr\/wp-json\/wp\/v2\/product"}],"about":[{"href":"https:\/\/antcube.shop\/fr\/wp-json\/wp\/v2\/types\/product"}],"replies":[{"embeddable":true,"href":"https:\/\/antcube.shop\/fr\/wp-json\/wp\/v2\/comments?post=6738"}],"wp:featuredmedia":[{"embeddable":true,"href":"https:\/\/antcube.shop\/fr\/wp-json\/wp\/v2\/media\/6716"}],"wp:attachment":[{"href":"https:\/\/antcube.shop\/fr\/wp-json\/wp\/v2\/media?parent=6738"}],"wp:term":[{"taxonomy":"product_brand","embeddable":true,"href":"https:\/\/antcube.shop\/fr\/wp-json\/wp\/v2\/product_brand?post=6738"},{"taxonomy":"product_cat","embeddable":true,"href":"https:\/\/antcube.shop\/fr\/wp-json\/wp\/v2\/product_cat?post=6738"},{"taxonomy":"product_tag","embeddable":true,"href":"https:\/\/antcube.shop\/fr\/wp-json\/wp\/v2\/product_tag?post=6738"}],"curies":[{"name":"wp","href":"https:\/\/api.w.org\/{rel}","templated":true}]}}