{"id":6737,"date":"2023-12-12T15:03:25","date_gmt":"2023-12-12T14:03:25","guid":{"rendered":"https:\/\/antcube.shop\/product\/antcube-starter-set-fur-weberameisen-gros\/"},"modified":"2026-04-15T13:37:57","modified_gmt":"2026-04-15T11:37:57","slug":"kit-de-demarrage-pour-fourmis-tisserandes-grand-modele","status":"publish","type":"product","link":"https:\/\/antcube.shop\/fr\/produit\/kit-de-demarrage-pour-fourmis-tisserandes-grand-modele\/","title":{"rendered":"ANTCUBE - Kit de d\u00e9marrage pour fourmis tisserandes - large"},"content":{"rendered":"<p><span data-text-color=\"alert\"><strong>L'exp\u00e9dition n'est possible que par l'interm\u00e9diaire d'un transporteur sur palette.<\/strong><\/span><\/p>\n<p><strong>Contenu :<\/strong><br \/>\n1x ANTCUBE Arena 30x30x60 avec porte coulissante<br \/>\n1x cadre de fourmili\u00e8re 30\u00d730<br \/>\n1x couverture d'ar\u00e8ne de fourmis 30\u00d730<br \/>\n1x point de fixation pour la couverture de l'ar\u00e8ne (4pcs.)<\/p>\n<p>1x cadre pour porte coulissante<br \/>\nVaporisateur 0,5 litre - buse en laiton<br \/>\n1x Photo mur arri\u00e8re - for\u00eat tropicale - 30\u00d760 - haut<br \/>\n1x Formicarium base 30\u00d730 cm<br \/>\n1x substrat rainforest 1 kg<\/p>\n<p>7x Grid insert acrylic &#8211; 50 mm with sealing ring<br \/>\n1x drinking clear 5ml &#8211; sponge<br \/>\n1x Feeding dish white rectangle &#8211; 3 compartments<br \/>\n1x Drinking trough 2ml &#8211; 360 Degrees<br \/>\n1x pince \u00e0 \u00e9piler en acier \u00e0 ressort large - souple<br \/>\n1x Pince \u00e0 \u00e9piler en plastique standard<br \/>\n1x Huile de protection contre les fourmis<br \/>\n1x loupe \u00e0 main - 2x - 30mm<br \/>\n1x racleur en mousse 150x18x2,5mm<\/p>\n<p><strong>Can be ordered with shipping by forwarding agent on pallet in our second store ANTCUBE:<\/strong><\/p>\n<blockquote class=\"wp-embedded-content\" data-secret=\"ej6pTCxvgs\"><p><a href=\"https:\/\/antcube.shop\/product\/starter-set-for-weaver-ants-large\/\">ANTCUBE - Kit de d\u00e9marrage pour fourmis tisserandes - large<\/a><\/p><\/blockquote>\n<p><iframe loading=\"lazy\" class=\"wp-embedded-content\" sandbox=\"allow-scripts\" security=\"restricted\" style=\"position: absolute; visibility: hidden;\" title=\"&#8222;ANTCUBE &#8211; Starter set for weaver ants &#8211; large&#8220; &#8211; ANTCUBE\" src=\"https:\/\/antcube.shop\/product\/starter-set-for-weaver-ants-large\/embed\/#?secret=8EE7Sy4tG2#?secret=ej6pTCxvgs\" data-secret=\"ej6pTCxvgs\" width=\"600\" height=\"338\" frameborder=\"0\" marginwidth=\"0\" marginheight=\"0\" scrolling=\"no\"><\/iframe><\/p>\n<p><strong>Description :<\/strong><br \/>\nCe kit de d\u00e9marrage extensible, sp\u00e9cialement con\u00e7u pour diverses esp\u00e8ces de fourmis tisserandes telles que Polyrhachis spec. ou Oecophylla spec., comprend non seulement le formicarium adapt\u00e9 de mani\u00e8re optimale, mais aussi les accessoires appropri\u00e9s \u00e0 la d\u00e9tention de ces esp\u00e8ces de fourmis.<\/p>\n<p>The sliding door in the front (opening 150x200mm) facilitates the work in the formicarium, even with large colonies or planting of the formicarium with a host plant for example Oecophylla smaragdina. Additional formicariums can be connected via the two 50mm holes on the side. The stainless steel grid inserts provide good ventilation and are robust against mechanical impact. If necessary, the humidity can be increased with the spray bottle. The drinker clear 5ml &#8211; sponge is intended for the supply of fresh water, the drinker 2ml &#8211; 360 degrees for honey or sugar solution.<\/p>\n<p><strong>Important : <\/strong>Veuillez humidifier le substrat avant de l'utiliser, afin que le m\u00e9lange puisse se combiner et s'implanter solidement dans la fourmili\u00e8re. En outre, un substrat trop sec et poussi\u00e9reux peut entra\u00eener l'obstruction des voies respiratoires des fourmis et, dans le pire des cas, la suffocation des animaux.<\/p>\n<p><strong>Remarque importante concernant le cadre de la porte coulissante :<\/strong><br \/>\nLe cadre peut \u00eatre facilement fix\u00e9 aux vis attach\u00e9es aux rails de la porte coulissante. Pour ce faire, desserrez avec pr\u00e9caution <strong>seulement<\/strong> les \u00e9crous \u00e0 l'int\u00e9rieur. Un petit tournevis Phillips (tournevis cruciforme) est n\u00e9cessaire. Assemblez le cadre et accrochez l'int\u00e9rieur sur les vis. Ensuite, remettez soigneusement les \u00e9crous et les vis en place. <strong>under no circumstances turn too tightly<\/strong>, otherwise the glass may be damaged.<\/p>\n<p><u><strong>Notes sur la production<\/strong><\/u><br \/>\nLe verre est coup\u00e9 conform\u00e9ment \u00e0 la norme DIN 1249 avec une tol\u00e9rance de +\/- 1 mm. Pour les esp\u00e8ces de fourmis extr\u00eamement petites, une protection suppl\u00e9mentaire est n\u00e9cessaire.<\/p>","protected":false},"excerpt":{"rendered":"<p>The set consists of 22 parts.<br \/>\nTaille : <span style=\"color: #ed1c24;\"><strong>XL<\/strong><\/span><\/p>","protected":false},"featured_media":6710,"comment_status":"open","ping_status":"closed","template":"","meta":{"_acf_changed":false,"content-type":"","_monsterinsights_skip_tracking":false,"_monsterinsights_sitenote_active":false,"_monsterinsights_sitenote_note":"","_monsterinsights_sitenote_category":0},"product_brand":[],"product_cat":[354,73],"product_tag":[],"class_list":{"0":"post-6737","1":"product","2":"type-product","3":"status-publish","4":"has-post-thumbnail","6":"product_cat-starter-sets-for-weaver-ants","7":"product_cat-starter-sets","8":"product_shipping_class-forwarding-on-pallet","10":"first","11":"instock","12":"taxable","13":"shipping-taxable","14":"purchasable","15":"product-type-simple"},"acf":[],"aioseo_notices":[],"jetpack_sharing_enabled":true,"_links":{"self":[{"href":"https:\/\/antcube.shop\/fr\/wp-json\/wp\/v2\/product\/6737","targetHints":{"allow":["GET"]}}],"collection":[{"href":"https:\/\/antcube.shop\/fr\/wp-json\/wp\/v2\/product"}],"about":[{"href":"https:\/\/antcube.shop\/fr\/wp-json\/wp\/v2\/types\/product"}],"replies":[{"embeddable":true,"href":"https:\/\/antcube.shop\/fr\/wp-json\/wp\/v2\/comments?post=6737"}],"wp:featuredmedia":[{"embeddable":true,"href":"https:\/\/antcube.shop\/fr\/wp-json\/wp\/v2\/media\/6710"}],"wp:attachment":[{"href":"https:\/\/antcube.shop\/fr\/wp-json\/wp\/v2\/media?parent=6737"}],"wp:term":[{"taxonomy":"product_brand","embeddable":true,"href":"https:\/\/antcube.shop\/fr\/wp-json\/wp\/v2\/product_brand?post=6737"},{"taxonomy":"product_cat","embeddable":true,"href":"https:\/\/antcube.shop\/fr\/wp-json\/wp\/v2\/product_cat?post=6737"},{"taxonomy":"product_tag","embeddable":true,"href":"https:\/\/antcube.shop\/fr\/wp-json\/wp\/v2\/product_tag?post=6737"}],"curies":[{"name":"wp","href":"https:\/\/api.w.org\/{rel}","templated":true}]}}