{"id":6736,"date":"2023-12-12T15:03:19","date_gmt":"2023-12-12T14:03:19","guid":{"rendered":"https:\/\/antcube.shop\/product\/antcube-arena-30x30x60-mit-schiebetur\/"},"modified":"2026-04-15T13:37:58","modified_gmt":"2026-04-15T11:37:58","slug":"antcube-arena-30x30x60-avec-porte-coulissante","status":"publish","type":"product","link":"https:\/\/antcube.shop\/fr\/produit\/antcube-arena-30x30x60-avec-porte-coulissante\/","title":{"rendered":"ANTCUBE Arena 30x30x60 avec porte coulissante"},"content":{"rendered":"<p><span data-text-color=\"alert\"><strong>L'exp\u00e9dition n'est possible que par l'interm\u00e9diaire d'un transporteur sur palette.<\/strong><\/span><\/p>\n<p>ANTCUBE Arena 30x30x60 cm avec porte coulissante et 2 trous de 50 mm.<\/p>\n<p><strong>Dimensions :<\/strong> 300 x 300 x 600 mm ; \u00e9paisseur du verre 4 mm.<br \/>\n<strong>Mat\u00e9riau :<\/strong> verre flott\u00e9<br \/>\n<strong>Connexion :<\/strong> 2x trou de 50 mm<\/p>\n<p><strong>Ouverture frontale (porte coulissante) :<\/strong> 150\u00d7200 mm<\/p>\n<p><strong>Description :<\/strong> Notre ANTCUBE Arena 30x30x60 avec porte coulissante est con\u00e7u pour fonctionner confortablement m\u00eame dans des formicariums complets. Elles sont particuli\u00e8rement utiles comme formicarium pour les fourmis tisserandes (Polyrhachis et Oeacophylla) car elles aiment construire en hauteur ou ont besoin d'une plante h\u00f4te. Dans nos ar\u00e8nes normales de 30x30x60, il peut \u00eatre difficile d'enlever les d\u00e9chets des animaux au fond du formarium. Dans ce bassin sp\u00e9cialement adapt\u00e9, ce n'est plus un probl\u00e8me. La porte coulissante est \u00e9galement tr\u00e8s pratique pour les bassins d'alimentation des fourmis coupeuses de feuilles Acromyrmex ou Atta, car les restes de plantes et autres d\u00e9chets peuvent \u00eatre \u00e9limin\u00e9s confortablement. En outre, le cadre de la porte coulissante disponible s\u00e9par\u00e9ment (Art. No. 1005648) peut \u00eatre utilis\u00e9 pour emp\u00eacher les animaux de s'\u00e9chapper pendant le travail. Pour l'ouverture normale par le haut, le cadre de protection contre l'effraction 30\u00d730 et la couverture de l'ar\u00e8ne 30\u00d730 sont \u00e9galement disponibles s\u00e9par\u00e9ment.<\/p>\n<p><strong>Note :<\/strong> Le verre est coup\u00e9 selon la norme DIN 1249 avec une tol\u00e9rance de +\/- 1mm. Pour les esp\u00e8ces de fourmis extr\u00eamement petites, une protection suppl\u00e9mentaire contre la casse est indispensable.<\/p>","protected":false},"excerpt":{"rendered":"<p><strong>Connexion :<\/strong> 2x trou de 50 mm<\/p>","protected":false},"featured_media":6727,"comment_status":"open","ping_status":"closed","template":"","meta":{"_acf_changed":false,"content-type":"","_monsterinsights_skip_tracking":false,"_monsterinsights_sitenote_active":false,"_monsterinsights_sitenote_note":"","_monsterinsights_sitenote_category":0},"product_brand":[],"product_cat":[85,86],"product_tag":[],"class_list":{"0":"post-6736","1":"product","2":"type-product","3":"status-publish","4":"has-post-thumbnail","6":"product_cat-ant-arenas","7":"product_cat-formicariums","8":"product_shipping_class-forwarding-on-pallet","10":"first","11":"instock","12":"taxable","13":"shipping-taxable","14":"purchasable","15":"product-type-simple"},"acf":[],"aioseo_notices":[],"jetpack_sharing_enabled":true,"_links":{"self":[{"href":"https:\/\/antcube.shop\/fr\/wp-json\/wp\/v2\/product\/6736","targetHints":{"allow":["GET"]}}],"collection":[{"href":"https:\/\/antcube.shop\/fr\/wp-json\/wp\/v2\/product"}],"about":[{"href":"https:\/\/antcube.shop\/fr\/wp-json\/wp\/v2\/types\/product"}],"replies":[{"embeddable":true,"href":"https:\/\/antcube.shop\/fr\/wp-json\/wp\/v2\/comments?post=6736"}],"wp:featuredmedia":[{"embeddable":true,"href":"https:\/\/antcube.shop\/fr\/wp-json\/wp\/v2\/media\/6727"}],"wp:attachment":[{"href":"https:\/\/antcube.shop\/fr\/wp-json\/wp\/v2\/media?parent=6736"}],"wp:term":[{"taxonomy":"product_brand","embeddable":true,"href":"https:\/\/antcube.shop\/fr\/wp-json\/wp\/v2\/product_brand?post=6736"},{"taxonomy":"product_cat","embeddable":true,"href":"https:\/\/antcube.shop\/fr\/wp-json\/wp\/v2\/product_cat?post=6736"},{"taxonomy":"product_tag","embeddable":true,"href":"https:\/\/antcube.shop\/fr\/wp-json\/wp\/v2\/product_tag?post=6736"}],"curies":[{"name":"wp","href":"https:\/\/api.w.org\/{rel}","templated":true}]}}