{"id":6668,"date":"2023-12-05T14:03:20","date_gmt":"2023-12-05T13:03:20","guid":{"rendered":"https:\/\/antcube.shop\/product\/arena-hochstand-20x20cm\/"},"modified":"2026-03-31T09:51:32","modified_gmt":"2026-03-31T07:51:32","slug":"support-haut-darene-20x20cm","status":"publish","type":"product","link":"https:\/\/antcube.shop\/fr\/produit\/support-haut-darene-20x20cm\/","title":{"rendered":"Support haut pour l'ar\u00e8ne 20x20cm"},"content":{"rendered":"<div class=\"tab-body active\">\n<p><strong>Dimensions :<\/strong> 20x20x10<\/p>\n<p><strong>Mat\u00e9riau : <\/strong>PMMA<\/p>\n<p><strong>Couleur : <\/strong>clair comme de l'eau de roche, translucide, transparent<\/p>\n<p><strong>Contenu :<\/strong><br \/>\n4x base haute<br \/>\n2x devant et derri\u00e8re avec logo<br \/>\n2x partie lat\u00e9rale sans logo<\/p>\n<p><strong>Note :<\/strong> Les pi\u00e8ces sont fournies sous forme de kit ou de syst\u00e8me enfichable. Aucun collage n'est n\u00e9cessaire.<\/p>\n<p><span data-text-color=\"alert\"><strong>ATTENTION :<\/strong><\/span> Veuillez assembler les pi\u00e8ces avec soin car certaines connexions sont sensibles.<\/p>\n<p><strong>Description :<\/strong> Le support haut pour fourmili\u00e8re a \u00e9t\u00e9 d\u00e9velopp\u00e9 pour permettre aux fourmili\u00e8res ANTCUBE d'\u00eatre plac\u00e9es \u00e0 une hauteur correspondant \u00e0 la hauteur de connexion des fourmili\u00e8res. Il est ainsi possible d'utiliser un formicarium de mani\u00e8re beaucoup plus compacte en utilisant un tuyau plus court pour relier la fourmili\u00e8re \u00e0 la fourmili\u00e8re. Il est \u00e9galement possible d'utiliser nos tubes acryliques cristallins pour fourmis comme connexion sans avoir \u00e0 travailler avec des coudes.<\/p>\n<p><strong>Application :<\/strong> pour la fourmili\u00e8re avec <strong>surface au sol 20x20cm<\/strong><\/p>\n<\/div>","protected":false},"excerpt":{"rendered":"<p>Pour une fourmili\u00e8re d'une surface de 20x20cm<\/p>","protected":false},"featured_media":6586,"comment_status":"open","ping_status":"closed","template":"","meta":{"_acf_changed":false,"content-type":"","_monsterinsights_skip_tracking":false,"_monsterinsights_sitenote_active":false,"_monsterinsights_sitenote_note":"","_monsterinsights_sitenote_category":0},"product_brand":[],"product_cat":[119,239],"product_tag":[],"class_list":{"0":"post-6668","1":"product","2":"type-product","3":"status-publish","4":"has-post-thumbnail","6":"product_cat-formicarium-components","7":"product_cat-useful-additions","9":"first","10":"instock","11":"taxable","12":"shipping-taxable","13":"purchasable","14":"product-type-simple"},"acf":[],"aioseo_notices":[],"jetpack_sharing_enabled":true,"_links":{"self":[{"href":"https:\/\/antcube.shop\/fr\/wp-json\/wp\/v2\/product\/6668","targetHints":{"allow":["GET"]}}],"collection":[{"href":"https:\/\/antcube.shop\/fr\/wp-json\/wp\/v2\/product"}],"about":[{"href":"https:\/\/antcube.shop\/fr\/wp-json\/wp\/v2\/types\/product"}],"replies":[{"embeddable":true,"href":"https:\/\/antcube.shop\/fr\/wp-json\/wp\/v2\/comments?post=6668"}],"wp:featuredmedia":[{"embeddable":true,"href":"https:\/\/antcube.shop\/fr\/wp-json\/wp\/v2\/media\/6586"}],"wp:attachment":[{"href":"https:\/\/antcube.shop\/fr\/wp-json\/wp\/v2\/media?parent=6668"}],"wp:term":[{"taxonomy":"product_brand","embeddable":true,"href":"https:\/\/antcube.shop\/fr\/wp-json\/wp\/v2\/product_brand?post=6668"},{"taxonomy":"product_cat","embeddable":true,"href":"https:\/\/antcube.shop\/fr\/wp-json\/wp\/v2\/product_cat?post=6668"},{"taxonomy":"product_tag","embeddable":true,"href":"https:\/\/antcube.shop\/fr\/wp-json\/wp\/v2\/product_tag?post=6668"}],"curies":[{"name":"wp","href":"https:\/\/api.w.org\/{rel}","templated":true}]}}