{"id":6631,"date":"2023-12-04T15:12:05","date_gmt":"2023-12-04T14:12:05","guid":{"rendered":"https:\/\/antcube.shop\/product\/klebeklammern-transparent-2-stk\/"},"modified":"2026-04-28T09:48:52","modified_gmt":"2026-04-28T07:48:52","slug":"clips-adhesifs-transparents-2-pcs-2","status":"publish","type":"product","link":"https:\/\/antcube.shop\/fr\/produit\/clips-adhesifs-transparents-2-pcs-2\/","title":{"rendered":"Clips adh\u00e9sifs - transparents 2 pcs."},"content":{"rendered":"<p><strong>Dimensions :<\/strong> 24 x 13 mm<br \/>\n<strong>Mat\u00e9riau :<\/strong> Acrylique<br \/>\n<strong>Quantit\u00e9 :<\/strong> 2 pi\u00e8ces<\/p>\n<p><strong>Description :<\/strong> Clips en plastique transparent avec surface adh\u00e9sive. Parfaites pour fixer nos feuilles rouges et nos tapis chauffants \u00e0 l'avant ou \u00e0 l'arri\u00e8re de nos fourmili\u00e8res. Les tapis chauffants ne doivent donc pas \u00eatre coll\u00e9s fermement \u00e0 l'arri\u00e8re de la fourmili\u00e8re et peuvent \u00eatre fix\u00e9s selon les besoins. Gr\u00e2ce au mat\u00e9riau transparent, l'optique n'est pas perturb\u00e9e.<\/p>\n<p><strong>Couleur :<\/strong> transparent<\/p>","protected":false},"excerpt":{"rendered":"<p>Dimensions : 24 x 13 mm Mat\u00e9riau : Acrylique Acrylique Quantit\u00e9 : 2 pi\u00e8ces Description : Clips en plastique transparent avec surface adh\u00e9sive. Parfaites pour fixer nos feuilles rouges et nos tapis chauffants \u00e0 l'avant ou \u00e0 l'arri\u00e8re de nos fourmili\u00e8res. Les tapis chauffants ne doivent donc pas \u00eatre coll\u00e9s fermement \u00e0 l'arri\u00e8re de la fourmili\u00e8re et peuvent \u00eatre fix\u00e9s \u00e0 l'arri\u00e8re de la fourmili\u00e8re.","protected":false},"featured_media":6628,"comment_status":"open","ping_status":"closed","template":"","meta":{"_acf_changed":false,"content-type":"","_monsterinsights_skip_tracking":false,"_monsterinsights_sitenote_active":false,"_monsterinsights_sitenote_note":"","_monsterinsights_sitenote_category":0},"product_brand":[],"product_cat":[359,119,239],"product_tag":[],"class_list":{"0":"post-6631","1":"product","2":"type-product","3":"status-publish","4":"has-post-thumbnail","6":"product_cat-light-heat-humidity","7":"product_cat-formicarium-components","8":"product_cat-useful-additions","10":"first","11":"instock","12":"taxable","13":"shipping-taxable","14":"purchasable","15":"product-type-simple"},"acf":[],"aioseo_notices":[],"jetpack_sharing_enabled":true,"_links":{"self":[{"href":"https:\/\/antcube.shop\/fr\/wp-json\/wp\/v2\/product\/6631","targetHints":{"allow":["GET"]}}],"collection":[{"href":"https:\/\/antcube.shop\/fr\/wp-json\/wp\/v2\/product"}],"about":[{"href":"https:\/\/antcube.shop\/fr\/wp-json\/wp\/v2\/types\/product"}],"replies":[{"embeddable":true,"href":"https:\/\/antcube.shop\/fr\/wp-json\/wp\/v2\/comments?post=6631"}],"wp:featuredmedia":[{"embeddable":true,"href":"https:\/\/antcube.shop\/fr\/wp-json\/wp\/v2\/media\/6628"}],"wp:attachment":[{"href":"https:\/\/antcube.shop\/fr\/wp-json\/wp\/v2\/media?parent=6631"}],"wp:term":[{"taxonomy":"product_brand","embeddable":true,"href":"https:\/\/antcube.shop\/fr\/wp-json\/wp\/v2\/product_brand?post=6631"},{"taxonomy":"product_cat","embeddable":true,"href":"https:\/\/antcube.shop\/fr\/wp-json\/wp\/v2\/product_cat?post=6631"},{"taxonomy":"product_tag","embeddable":true,"href":"https:\/\/antcube.shop\/fr\/wp-json\/wp\/v2\/product_tag?post=6631"}],"curies":[{"name":"wp","href":"https:\/\/api.w.org\/{rel}","templated":true}]}}