{"id":6581,"date":"2023-12-04T13:54:37","date_gmt":"2023-12-04T12:54:37","guid":{"rendered":"https:\/\/antcube.shop\/product\/humidity-control-ii-timer\/"},"modified":"2026-04-02T12:12:11","modified_gmt":"2026-04-02T10:12:11","slug":"controle-de-lhumidite-ii-minuterie","status":"publish","type":"product","link":"https:\/\/antcube.shop\/fr\/produit\/controle-de-lhumidite-ii-minuterie\/","title":{"rendered":"Contr\u00f4le de l'humidit\u00e9 II + minuterie"},"content":{"rendered":"<p><strong>Description :<\/strong> Le Humidity Control 2 est un hygrostat num\u00e9rique qui ne laisse rien \u00e0 d\u00e9sirer \u00e0 un prix sans pr\u00e9c\u00e9dent.<br \/>\nIl poss\u00e8de deux circuits qui permettent des r\u00e9glages diff\u00e9rents pour le jour et la nuit. Une horloge en temps r\u00e9el est int\u00e9gr\u00e9e \u00e0 l'appareil, de sorte que la commutation entre le jour et la nuit s'effectue de mani\u00e8re flexible via l'heure. Une minuterie est \u00e9galement int\u00e9gr\u00e9e, ce qui permet de r\u00e9gler deux heures d'allumage et d'extinction via l'horloge. La plus petite p\u00e9riode de temps est d'une minute.<br \/>\nLes autres fonctions comprennent une fonction d'alarme (visuelle et sonore), la possibilit\u00e9 de passer du mode humidificateur au mode d\u00e9shumidificateur, par exemple en cas d'utilisation avec des ventilateurs, et la possibilit\u00e9 d'influencer le mode de commutation de l'hygrostat. Vous pouvez d\u00e9finir l'\u00e9cart \u00e0 partir duquel l'hygrostat commute. Par exemple, vous pouvez s\u00e9lectionner une valeur de 15, c'est-\u00e0-dire que l'humidificateur n'est activ\u00e9 que lorsque l'humidit\u00e9 mesur\u00e9e est inf\u00e9rieure de 15% \u00e0 la valeur de consigne. Cela peut \u00eatre utile pour \u00e9viter que l'humidificateur ne s'allume et s'\u00e9teigne constamment, car l'humidit\u00e9 fluctue \u00e9galement dans la nature.<br \/>\nLes appareils sont connect\u00e9s par des raccords Schuko. La capacit\u00e9 de commutation maximale est de 1000W. L'\u00e9cran affiche en permanence l'humidit\u00e9 mesur\u00e9e. La plage est comprise entre 1 et 99%.<\/p>\n<p>- Deux circuits pour des r\u00e9glages d'humidit\u00e9 diff\u00e9rents le jour et la nuit<br \/>\n- Horloge en temps r\u00e9el, les heures de la journ\u00e9e sont d\u00e9finies par le temps<br \/>\n- Minuterie int\u00e9gr\u00e9e<br \/>\n- Affichage permanent de l'humidit\u00e9<br \/>\n- L'appareil peut \u00eatre commut\u00e9 entre l'humidification et la d\u00e9shumidification<br \/>\n- Fonction d'alarme en cas d'\u00e9cart (r\u00e9glable entre 1% et 50% d'humidit\u00e9 relative)<br \/>\n- Capteur \u00e0 distance pr\u00e9cis<br \/>\n- Prises avec mise \u00e0 la terre<br \/>\n- Capacit\u00e9 de commutation de max. 1000<\/p>","protected":false},"excerpt":{"rendered":"<p>Description : Le Humidity Control 2 est un hygrostat num\u00e9rique qui ne laisse rien \u00e0 d\u00e9sirer \u00e0 un prix sans pr\u00e9c\u00e9dent. Il dispose de deux circuits permettant des r\u00e9glages diff\u00e9rents pour le jour et la nuit. Une horloge en temps r\u00e9el est int\u00e9gr\u00e9e \u00e0 l'appareil, de sorte que la commutation entre le jour et la nuit s'effectue de mani\u00e8re flexible gr\u00e2ce \u00e0 l'heure. Une minuterie est","protected":false},"featured_media":6602,"comment_status":"open","ping_status":"closed","template":"","meta":{"_acf_changed":false,"content-type":"","_monsterinsights_skip_tracking":false,"_monsterinsights_sitenote_active":false,"_monsterinsights_sitenote_note":"","_monsterinsights_sitenote_category":0},"product_brand":[],"product_cat":[359,119],"product_tag":[],"class_list":{"0":"post-6581","1":"product","2":"type-product","3":"status-publish","4":"has-post-thumbnail","6":"product_cat-light-heat-humidity","7":"product_cat-formicarium-components","9":"first","10":"instock","11":"taxable","12":"shipping-taxable","13":"purchasable","14":"product-type-simple"},"acf":[],"aioseo_notices":[],"jetpack_sharing_enabled":true,"_links":{"self":[{"href":"https:\/\/antcube.shop\/fr\/wp-json\/wp\/v2\/product\/6581","targetHints":{"allow":["GET"]}}],"collection":[{"href":"https:\/\/antcube.shop\/fr\/wp-json\/wp\/v2\/product"}],"about":[{"href":"https:\/\/antcube.shop\/fr\/wp-json\/wp\/v2\/types\/product"}],"replies":[{"embeddable":true,"href":"https:\/\/antcube.shop\/fr\/wp-json\/wp\/v2\/comments?post=6581"}],"wp:featuredmedia":[{"embeddable":true,"href":"https:\/\/antcube.shop\/fr\/wp-json\/wp\/v2\/media\/6602"}],"wp:attachment":[{"href":"https:\/\/antcube.shop\/fr\/wp-json\/wp\/v2\/media?parent=6581"}],"wp:term":[{"taxonomy":"product_brand","embeddable":true,"href":"https:\/\/antcube.shop\/fr\/wp-json\/wp\/v2\/product_brand?post=6581"},{"taxonomy":"product_cat","embeddable":true,"href":"https:\/\/antcube.shop\/fr\/wp-json\/wp\/v2\/product_cat?post=6581"},{"taxonomy":"product_tag","embeddable":true,"href":"https:\/\/antcube.shop\/fr\/wp-json\/wp\/v2\/product_tag?post=6581"}],"curies":[{"name":"wp","href":"https:\/\/api.w.org\/{rel}","templated":true}]}}