{"id":6580,"date":"2023-12-04T13:54:31","date_gmt":"2023-12-04T12:54:31","guid":{"rendered":"https:\/\/antcube.shop\/product\/thermo-control-pro-ii\/"},"modified":"2026-02-14T18:04:10","modified_gmt":"2026-02-14T17:04:10","slug":"thermo-control-pro-ii","status":"publish","type":"product","link":"https:\/\/antcube.shop\/fr\/produit\/thermo-control-pro-ii\/","title":{"rendered":"Thermo Control Pro II"},"content":{"rendered":"<p><strong>Description :<\/strong> Le Thermo Control PRO II est une \u00e9volution du Thermo Control II. Les principales diff\u00e9rences sont une horloge en temps r\u00e9el et deux circuits de temp\u00e9rature, de sorte que des temp\u00e9ratures diff\u00e9rentes peuvent \u00eatre r\u00e9gl\u00e9es pour le jour et la nuit. La commutation entre le jour et la nuit est command\u00e9e par le temps.<br \/>\nContrairement au Thermo Control II, la minuterie de ce mod\u00e8le peut \u00eatre r\u00e9gl\u00e9e en minutes. Il y a deux dur\u00e9es possibles d'allumage et d'extinction.<br \/>\nEn outre, l'appareil peut \u00eatre commut\u00e9 entre le mode chauffage et le mode refroidissement, par exemple pour faire fonctionner des ventilateurs. Lorsque la temp\u00e9rature r\u00e9gl\u00e9e est atteinte, le thermostat s'allume au lieu de s'\u00e9teindre.<br \/>\nLa capacit\u00e9 de commutation maximale est de 1000W. Plage de temp\u00e9rature de 0 \u00e0 50\u00b0C.<\/p>\n<p>- Deux circuits de commutation pour des r\u00e9glages diff\u00e9rents le jour et la nuit<br \/>\n- Horloge en temps r\u00e9el, les heures de la journ\u00e9e sont d\u00e9finies par le temps<br \/>\n- Minuterie int\u00e9gr\u00e9e<br \/>\n- Affichage permanent de la temp\u00e9rature<br \/>\n- Commutation entre le mode chauffage et le mode refroidissement<br \/>\n- Fonction d'alarme en cas d'\u00e9cart (r\u00e9glable entre 1\u00b0C et 15\u00b0C)<br \/>\n- Capteur \u00e0 distance de 2 m de long, \u00e9galement adapt\u00e9 aux aquariums<br \/>\n- Prises avec mise \u00e0 la terre<br \/>\n- Capacit\u00e9 de commutation de max. 1000 watts<\/p>\n<p>- Recommand\u00e9 pour une utilisation avec des tapis chauffants, des c\u00e2bles chauffants, des pierres chauffantes et des chauffages radiants en c\u00e9ramique pour \u00e9viter la surchauffe dans le terrarium.<\/p>\n<p><strong>Lien internet :<\/strong> http:\/\/www.antstore.net\/viewtopic.php?f=18&amp;p=108893<\/p>","protected":false},"excerpt":{"rendered":"<p>Description : Le Thermo Control PRO II est une \u00e9volution du Thermo Control II. Les principales diff\u00e9rences sont une horloge en temps r\u00e9el et deux circuits de temp\u00e9rature, de sorte que des temp\u00e9ratures diff\u00e9rentes peuvent \u00eatre r\u00e9gl\u00e9es pour le jour et la nuit. La commutation entre le jour et la nuit est command\u00e9e par le temps. Contrairement au Thermo Control II, l'heure peut \u00eatre r\u00e9gl\u00e9e \u00e0 l'aide d'une horloge.","protected":false},"featured_media":6600,"comment_status":"open","ping_status":"closed","template":"","meta":{"_acf_changed":false,"content-type":"","_monsterinsights_skip_tracking":false,"_monsterinsights_sitenote_active":false,"_monsterinsights_sitenote_note":"","_monsterinsights_sitenote_category":0},"product_brand":[],"product_cat":[359,119],"product_tag":[],"class_list":{"0":"post-6580","1":"product","2":"type-product","3":"status-publish","4":"has-post-thumbnail","6":"product_cat-light-heat-humidity","7":"product_cat-formicarium-components","9":"first","10":"outofstock","11":"taxable","12":"shipping-taxable","13":"purchasable","14":"product-type-simple"},"acf":[],"aioseo_notices":[],"jetpack_sharing_enabled":true,"_links":{"self":[{"href":"https:\/\/antcube.shop\/fr\/wp-json\/wp\/v2\/product\/6580","targetHints":{"allow":["GET"]}}],"collection":[{"href":"https:\/\/antcube.shop\/fr\/wp-json\/wp\/v2\/product"}],"about":[{"href":"https:\/\/antcube.shop\/fr\/wp-json\/wp\/v2\/types\/product"}],"replies":[{"embeddable":true,"href":"https:\/\/antcube.shop\/fr\/wp-json\/wp\/v2\/comments?post=6580"}],"wp:featuredmedia":[{"embeddable":true,"href":"https:\/\/antcube.shop\/fr\/wp-json\/wp\/v2\/media\/6600"}],"wp:attachment":[{"href":"https:\/\/antcube.shop\/fr\/wp-json\/wp\/v2\/media?parent=6580"}],"wp:term":[{"taxonomy":"product_brand","embeddable":true,"href":"https:\/\/antcube.shop\/fr\/wp-json\/wp\/v2\/product_brand?post=6580"},{"taxonomy":"product_cat","embeddable":true,"href":"https:\/\/antcube.shop\/fr\/wp-json\/wp\/v2\/product_cat?post=6580"},{"taxonomy":"product_tag","embeddable":true,"href":"https:\/\/antcube.shop\/fr\/wp-json\/wp\/v2\/product_tag?post=6580"}],"curies":[{"name":"wp","href":"https:\/\/api.w.org\/{rel}","templated":true}]}}