{"id":6579,"date":"2023-12-04T13:54:25","date_gmt":"2023-12-04T12:54:25","guid":{"rendered":"https:\/\/antcube.shop\/product\/thermo-control-ii-timer\/"},"modified":"2026-04-09T15:04:50","modified_gmt":"2026-04-09T13:04:50","slug":"thermo-control-ii-timer","status":"publish","type":"product","link":"https:\/\/antcube.shop\/fr\/produit\/thermo-control-ii-timer\/","title":{"rendered":"Thermo Control II + Timer"},"content":{"rendered":"<p><strong>Description :<\/strong> Dans le mod\u00e8le qui succ\u00e8de aux populaires thermostats Thermo Control, seul le prix rappelle celui d'un mod\u00e8le d'entr\u00e9e de gamme.<br \/>\nLe Thermo Control 2 est un thermostat num\u00e9rique dont la plage de temp\u00e9rature est comprise entre 0 et 50\u00b0C. Il fonctionne \u00e9galement comme un thermom\u00e8tre gr\u00e2ce \u00e0 l'affichage d'une temp\u00e9rature constante.<br \/>\nDes appareils de chauffage d'une puissance totale maximale de 1200 W peuvent \u00eatre raccord\u00e9s par l'interm\u00e9diaire d'un connecteur Schuko. Un autre raccord Schuko est command\u00e9 par une fonction de minuterie int\u00e9gr\u00e9e, qui permet de r\u00e9gler les heures de fonctionnement de l'\u00e9clairage ou des ventilateurs, par exemple. Le capteur convient aux mesures dans l'air et dans l'eau et est reli\u00e9 au thermostat par un c\u00e2ble, tout comme le coupleur et le bloc d'alimentation.<br \/>\nEn outre, le Thermo Control 2 dispose d'une fonction d'alarme qui \u00e9met un avertissement visuel et sonore lorsque la temp\u00e9rature d\u00e9passe ou tombe en dessous de la temp\u00e9rature souhait\u00e9e (valeurs r\u00e9glables entre 1\u00b0C et 5\u00b0C).<br \/>\nUn appareil dont aucun terrarium ne devrait se passer !<\/p>\n<p>- Avec une minuterie utilisable s\u00e9par\u00e9ment, par exemple pour l'\u00e9clairage ou la ventilation<br \/>\n- Fonction d'alarme en cas d'\u00e9cart de temp\u00e9rature (r\u00e9glable entre 1\u00b0C et 5\u00b0C)<br \/>\n- Affichage de la temp\u00e9rature mesur\u00e9e<br \/>\n- Capteur \u00e0 distance de 2 m de long, \u00e9galement adapt\u00e9 aux aquariums<br \/>\n- Prises avec mise \u00e0 la terre<br \/>\n- Capacit\u00e9 de commutation de 1200 watts<\/p>\n<p>- Recommand\u00e9 pour une utilisation avec des tapis chauffants, des c\u00e2bles chauffants, des pierres chauffantes et des chauffages radiants en c\u00e9ramique pour \u00e9viter la surchauffe dans le terrarium.<\/p>\n<p><strong>Lien internet :<\/strong> http:\/\/www.antstore.net\/viewtopic.php?f=18&amp;p=108893<\/p>","protected":false},"excerpt":{"rendered":"<p>Description : Le mod\u00e8le qui succ\u00e8de aux c\u00e9l\u00e8bres thermostats Thermo Control n'a de prix que celui d'un mod\u00e8le d'entr\u00e9e de gamme. Le Thermo Control 2 est un thermostat num\u00e9rique dont la plage de temp\u00e9rature s'\u00e9tend de 0 \u00e0 50 \u00b0C. Il fait \u00e9galement office de thermom\u00e8tre gr\u00e2ce \u00e0 l'affichage d'une temp\u00e9rature constante. Il fait \u00e9galement office de thermom\u00e8tre gr\u00e2ce \u00e0 l'affichage d'une temp\u00e9rature constante. Les appareils de chauffage d'une puissance totale maximale de 1200 W peuvent \u00eatre utilis\u00e9s comme thermostats.","protected":false},"featured_media":6598,"comment_status":"open","ping_status":"closed","template":"","meta":{"_acf_changed":false,"content-type":"","_monsterinsights_skip_tracking":false,"_monsterinsights_sitenote_active":false,"_monsterinsights_sitenote_note":"","_monsterinsights_sitenote_category":0},"product_brand":[],"product_cat":[359,119],"product_tag":[],"class_list":{"0":"post-6579","1":"product","2":"type-product","3":"status-publish","4":"has-post-thumbnail","6":"product_cat-light-heat-humidity","7":"product_cat-formicarium-components","9":"first","10":"instock","11":"taxable","12":"shipping-taxable","13":"purchasable","14":"product-type-simple"},"acf":[],"aioseo_notices":[],"jetpack_sharing_enabled":true,"_links":{"self":[{"href":"https:\/\/antcube.shop\/fr\/wp-json\/wp\/v2\/product\/6579","targetHints":{"allow":["GET"]}}],"collection":[{"href":"https:\/\/antcube.shop\/fr\/wp-json\/wp\/v2\/product"}],"about":[{"href":"https:\/\/antcube.shop\/fr\/wp-json\/wp\/v2\/types\/product"}],"replies":[{"embeddable":true,"href":"https:\/\/antcube.shop\/fr\/wp-json\/wp\/v2\/comments?post=6579"}],"wp:featuredmedia":[{"embeddable":true,"href":"https:\/\/antcube.shop\/fr\/wp-json\/wp\/v2\/media\/6598"}],"wp:attachment":[{"href":"https:\/\/antcube.shop\/fr\/wp-json\/wp\/v2\/media?parent=6579"}],"wp:term":[{"taxonomy":"product_brand","embeddable":true,"href":"https:\/\/antcube.shop\/fr\/wp-json\/wp\/v2\/product_brand?post=6579"},{"taxonomy":"product_cat","embeddable":true,"href":"https:\/\/antcube.shop\/fr\/wp-json\/wp\/v2\/product_cat?post=6579"},{"taxonomy":"product_tag","embeddable":true,"href":"https:\/\/antcube.shop\/fr\/wp-json\/wp\/v2\/product_tag?post=6579"}],"curies":[{"name":"wp","href":"https:\/\/api.w.org\/{rel}","templated":true}]}}