{"id":6578,"date":"2023-12-04T13:54:19","date_gmt":"2023-12-04T12:54:19","guid":{"rendered":"https:\/\/antcube.shop\/product\/mini-thermo-hygrometer-digital-weis-selbstklebend\/"},"modified":"2026-04-17T10:05:22","modified_gmt":"2026-04-17T08:05:22","slug":"mini-thermo-hygrometre-digital-blanc-autocollant","status":"publish","type":"product","link":"https:\/\/antcube.shop\/fr\/produit\/mini-thermo-hygrometre-digital-blanc-autocollant\/","title":{"rendered":"Mini thermo-hygrom\u00e8tre digital - blanc - autocollant"},"content":{"rendered":"<p><strong>Plage de mesure :<\/strong> -10 \u00e0 +60\u00b0C \/ 10% \u00e0 99%<\/p>\n<p><strong>Dimensions :<\/strong> 52 x39x15 mm<\/p>\n<p><strong>Description :<\/strong><br \/>\nAvec fonction max\/mini, avec support, pile bouton LR 44 incluse.<\/p>\n<p><strong>Note :<\/strong><br \/>\nPour obtenir des r\u00e9sultats de mesure aussi pr\u00e9cis que possible, il est important que les fentes d'a\u00e9ration arri\u00e8re ne soient pas obstru\u00e9es par le montage !<br \/>\nLors de la fixation du dispositif, veillez \u00e0 ce que les animaux ne puissent pas atteindre le dispositif ou la fixation adh\u00e9sive au moyen d'une protection d'\u00e9vacuation appropri\u00e9e.<br \/>\nToutefois, s'il y a un risque que cela se produise, nos tampons adh\u00e9sifs transparents (art. no. 1002314) devraient \u00eatre utilis\u00e9s pour la fixation.<\/p>\n<p><strong>Reg. DEEE<\/strong> DE 78184127<\/p>\n<p><strong>Pour l'\u00e9limination, voir la r\u00e9glementation relative aux piles :<\/strong><\/p>\n<p><a href=\"https:\/\/www.antstore.net\/shop\/de\/info\/Batterieverordnung.html\" target=\"_blank\" rel=\"noopener\">https:\/\/www.antstore.net\/shop\/de\/info\/Batterieverordnung.html<\/a><\/p>","protected":false},"excerpt":{"rendered":"<p>Plage de mesure : -10 \u00e0 +60\u00b0C \/ 10 \u00e0 99% , Dimensions : 52 x 39 x 15 mm<\/p>","protected":false},"featured_media":6620,"comment_status":"open","ping_status":"closed","template":"","meta":{"_acf_changed":false,"content-type":"","_monsterinsights_skip_tracking":false,"_monsterinsights_sitenote_active":false,"_monsterinsights_sitenote_note":"","_monsterinsights_sitenote_category":0},"product_brand":[],"product_cat":[359,119,239],"product_tag":[],"class_list":{"0":"post-6578","1":"product","2":"type-product","3":"status-publish","4":"has-post-thumbnail","6":"product_cat-light-heat-humidity","7":"product_cat-formicarium-components","8":"product_cat-useful-additions","10":"first","11":"instock","12":"taxable","13":"shipping-taxable","14":"purchasable","15":"product-type-simple"},"acf":[],"aioseo_notices":[],"jetpack_sharing_enabled":true,"_links":{"self":[{"href":"https:\/\/antcube.shop\/fr\/wp-json\/wp\/v2\/product\/6578","targetHints":{"allow":["GET"]}}],"collection":[{"href":"https:\/\/antcube.shop\/fr\/wp-json\/wp\/v2\/product"}],"about":[{"href":"https:\/\/antcube.shop\/fr\/wp-json\/wp\/v2\/types\/product"}],"replies":[{"embeddable":true,"href":"https:\/\/antcube.shop\/fr\/wp-json\/wp\/v2\/comments?post=6578"}],"wp:featuredmedia":[{"embeddable":true,"href":"https:\/\/antcube.shop\/fr\/wp-json\/wp\/v2\/media\/6620"}],"wp:attachment":[{"href":"https:\/\/antcube.shop\/fr\/wp-json\/wp\/v2\/media?parent=6578"}],"wp:term":[{"taxonomy":"product_brand","embeddable":true,"href":"https:\/\/antcube.shop\/fr\/wp-json\/wp\/v2\/product_brand?post=6578"},{"taxonomy":"product_cat","embeddable":true,"href":"https:\/\/antcube.shop\/fr\/wp-json\/wp\/v2\/product_cat?post=6578"},{"taxonomy":"product_tag","embeddable":true,"href":"https:\/\/antcube.shop\/fr\/wp-json\/wp\/v2\/product_tag?post=6578"}],"curies":[{"name":"wp","href":"https:\/\/api.w.org\/{rel}","templated":true}]}}