{"id":6577,"date":"2023-12-04T13:54:13","date_gmt":"2023-12-04T12:54:13","guid":{"rendered":"https:\/\/antcube.shop\/product\/ameisenarena-nebler-gros\/"},"modified":"2026-04-02T12:12:13","modified_gmt":"2026-04-02T10:12:13","slug":"brumisateur-pour-fourmiliere-grand-modele","status":"publish","type":"product","link":"https:\/\/antcube.shop\/fr\/produit\/brumisateur-pour-fourmiliere-grand-modele\/","title":{"rendered":"Fourmili\u00e8re - brumisateur - grand"},"content":{"rendered":"<p><strong>Contenu :<\/strong><br \/>\n- Brouillard<br \/>\n- Bouchon assorti avec trou de 22 mm pour fixer le tuyau au couvercle de la fourmili\u00e8re<br \/>\n- Tuyau extensible<\/p>\n<p><strong>Mat\u00e9riau :<\/strong> plastique<\/p>\n<p><strong>Couleur :<\/strong> noir<\/p>\n<p>D\u00e9tails techniques :<br \/>\nTension : AC 120-240 V - 50\/60 Hz<br \/>\nLongueur du c\u00e2ble : 1,20 m<br \/>\nCapacit\u00e9 du r\u00e9servoir d'eau : 4L<br \/>\nLongueur du tuyau : extensible individuellement entre 40 et 160 cm<br \/>\nG\u00e9n\u00e9ration de brouillard : 150-300 ml\/h<br \/>\nHauteur maximale de brumisation : 2 m avec le tuyau<br \/>\nsans bruit<\/p>\n<p>Description :<br \/>\nPour humidifier une fourmili\u00e8re, ce brumisateur peut \u00eatre branch\u00e9 directement sur le couvercle de la fourmili\u00e8re.<\/p>\n<p>&nbsp;<\/p>\n<p>&nbsp;<\/p>\n<p>Note : 20.01.2025 Mise \u00e0 jour du produit - nouveau mod\u00e8le<\/p>","protected":false},"excerpt":{"rendered":"<p>Contenu : - Brumisateur - Bouchon assorti avec trou de 22 mm pour fixer le tuyau au couvercle de la fourmili\u00e8re - Tuyau extensible Mat\u00e9riau : plastique Couleur : noir D\u00e9tails techniques : Voltage:AC 120-240 V - 50\/60 Hz Longueur du c\u00e2ble : 1,20 m Capacit\u00e9 du r\u00e9servoir d'eau : 4L Longueur du tuyau : extensible individuellement entre 40 et 160 cm Production de brouillard : 150-300 ml\/h Maximum [...]","protected":false},"featured_media":10944,"comment_status":"open","ping_status":"closed","template":"","meta":{"_acf_changed":false,"content-type":"","_monsterinsights_skip_tracking":false,"_monsterinsights_sitenote_active":false,"_monsterinsights_sitenote_note":"","_monsterinsights_sitenote_category":0},"product_brand":[],"product_cat":[359,119,239],"product_tag":[],"class_list":{"0":"post-6577","1":"product","2":"type-product","3":"status-publish","4":"has-post-thumbnail","6":"product_cat-light-heat-humidity","7":"product_cat-formicarium-components","8":"product_cat-useful-additions","10":"first","11":"instock","12":"taxable","13":"shipping-taxable","14":"purchasable","15":"product-type-simple"},"acf":[],"aioseo_notices":[],"jetpack_sharing_enabled":true,"_links":{"self":[{"href":"https:\/\/antcube.shop\/fr\/wp-json\/wp\/v2\/product\/6577","targetHints":{"allow":["GET"]}}],"collection":[{"href":"https:\/\/antcube.shop\/fr\/wp-json\/wp\/v2\/product"}],"about":[{"href":"https:\/\/antcube.shop\/fr\/wp-json\/wp\/v2\/types\/product"}],"replies":[{"embeddable":true,"href":"https:\/\/antcube.shop\/fr\/wp-json\/wp\/v2\/comments?post=6577"}],"wp:featuredmedia":[{"embeddable":true,"href":"https:\/\/antcube.shop\/fr\/wp-json\/wp\/v2\/media\/10944"}],"wp:attachment":[{"href":"https:\/\/antcube.shop\/fr\/wp-json\/wp\/v2\/media?parent=6577"}],"wp:term":[{"taxonomy":"product_brand","embeddable":true,"href":"https:\/\/antcube.shop\/fr\/wp-json\/wp\/v2\/product_brand?post=6577"},{"taxonomy":"product_cat","embeddable":true,"href":"https:\/\/antcube.shop\/fr\/wp-json\/wp\/v2\/product_cat?post=6577"},{"taxonomy":"product_tag","embeddable":true,"href":"https:\/\/antcube.shop\/fr\/wp-json\/wp\/v2\/product_tag?post=6577"}],"curies":[{"name":"wp","href":"https:\/\/api.w.org\/{rel}","templated":true}]}}