{"id":6576,"date":"2023-12-04T13:54:06","date_gmt":"2023-12-04T12:54:06","guid":{"rendered":"https:\/\/antcube.shop\/product\/ameisenarena-nebler-klein\/"},"modified":"2026-04-17T10:11:12","modified_gmt":"2026-04-17T08:11:12","slug":"brumisateur-anti-fourmis-petit","status":"publish","type":"product","link":"https:\/\/antcube.shop\/fr\/produit\/brumisateur-anti-fourmis-petit\/","title":{"rendered":"Fourmili\u00e8re - brumisateur - petit"},"content":{"rendered":"<p><strong>Contenu :<\/strong><br \/>\n- Brouillard<br \/>\n- Bouchon assorti avec trou de 22 mm pour fixer le tuyau au couvercle de la fourmili\u00e8re<br \/>\n- Tuyau extensible<\/p>\n<p><strong>Mat\u00e9riau :<\/strong> plastique<\/p>\n<p><strong>Couleur :<\/strong> noir\/blanc<\/p>\n<p><strong>Sp\u00e9cifications techniques :<\/strong><br \/>\nVoltage : 230V<br \/>\nPuissance : 15W (30ml\/h)<br \/>\nLongueur du c\u00e2ble : 1,40 m<br \/>\nCapacit\u00e9 du r\u00e9servoir d'eau : 360 ml<br \/>\nConnexion : Prise Euro<br \/>\nLongueur du tuyau : 60 cm -&gt; extensible<\/p>\n<p><strong>Description :<\/strong><br \/>\nPour humidifier une fourmili\u00e8re, ce brumisateur peut \u00eatre ins\u00e9r\u00e9 directement dans le couvercle de la fourmili\u00e8re.<br \/>\nLe petit brumisateur Ameisenarena est con\u00e7u pour humidifier les petits terrariums. Dans ce mod\u00e8le, la technologie a \u00e9t\u00e9 simplifi\u00e9e, ce qui permet un fonctionnement sans probl\u00e8me. L'eau est extraite par l'action capillaire d'une cartouche de feutre. Celle-ci peut \u00eatre remplac\u00e9e en quelques \u00e9tapes simples, ce qui devrait \u00eatre fait r\u00e9guli\u00e8rement pour des raisons d'hygi\u00e8ne. Le brouillard produit est automatiquement dirig\u00e9 dans le tuyau par une buse ing\u00e9nieuse, sans qu'il soit n\u00e9cessaire d'utiliser un ventilateur suppl\u00e9mentaire. Cela permet de r\u00e9duire consid\u00e9rablement les risques d'erreur. La capacit\u00e9 de brumisation est d'environ 30 ml\/h. Le r\u00e9servoir peut contenir un maximum de 360 ml. Le Super Fog Nano II peut \u00eatre command\u00e9 par une minuterie ou un hygrostat. Gr\u00e2ce au tuyau mobile et extensible, le Super Fog Nano II s'adapte \u00e0 tous les terrariums. La membrane peut d\u00e9sormais \u00eatre remplac\u00e9e par l'utilisateur final en quelques \u00e9tapes simples. Toutes les autres pi\u00e8ces sont \u00e9galement disponibles en pi\u00e8ces d\u00e9tach\u00e9es, ce qui fait du Super Fog Nano II un appareil durable.<\/p>\n<p><strong>Hack :<\/strong><br \/>\nSi un tuyau plus long est n\u00e9cessaire, notre tuyau de 20\/16 mm (Art. 1000107) peut \u00eatre attach\u00e9 au brumisateur. Vous aurez \u00e9galement besoin de bouchons de formicarium pour 50 mm avec un trou de 20 mm (Art. 1005033 + 20 mm). Veuillez noter que plus le tuyau est long, moins le brouillard atteindra le formicarium.<\/p>\n<p>&nbsp;<\/p>","protected":false},"excerpt":{"rendered":"<p>Contenu : - Brumisateur - Bouchon assorti avec trou pour fixer le tuyau au couvercle de la fourmili\u00e8re - Tuyau extensible Mat\u00e9riau : plastique Couleur : noir\/blanc Caract\u00e9ristiques techniques : Tension : 230V Puissance : 15W (30ml\/h) Longueur du c\u00e2ble : 1,40 m Capacit\u00e9 du r\u00e9servoir d'eau : 360ml Connexion : Prise Euro Longueur du tuyau : 60 cm -&gt; extensible Description : Pour humidifier une fourmili\u00e8re [...]","protected":false},"featured_media":6603,"comment_status":"open","ping_status":"closed","template":"","meta":{"_acf_changed":false,"content-type":"","_monsterinsights_skip_tracking":false,"_monsterinsights_sitenote_active":false,"_monsterinsights_sitenote_note":"","_monsterinsights_sitenote_category":0},"product_brand":[],"product_cat":[359,119],"product_tag":[],"class_list":{"0":"post-6576","1":"product","2":"type-product","3":"status-publish","4":"has-post-thumbnail","6":"product_cat-light-heat-humidity","7":"product_cat-formicarium-components","9":"first","10":"instock","11":"taxable","12":"shipping-taxable","13":"purchasable","14":"product-type-simple"},"acf":[],"aioseo_notices":[],"jetpack_sharing_enabled":true,"_links":{"self":[{"href":"https:\/\/antcube.shop\/fr\/wp-json\/wp\/v2\/product\/6576","targetHints":{"allow":["GET"]}}],"collection":[{"href":"https:\/\/antcube.shop\/fr\/wp-json\/wp\/v2\/product"}],"about":[{"href":"https:\/\/antcube.shop\/fr\/wp-json\/wp\/v2\/types\/product"}],"replies":[{"embeddable":true,"href":"https:\/\/antcube.shop\/fr\/wp-json\/wp\/v2\/comments?post=6576"}],"wp:featuredmedia":[{"embeddable":true,"href":"https:\/\/antcube.shop\/fr\/wp-json\/wp\/v2\/media\/6603"}],"wp:attachment":[{"href":"https:\/\/antcube.shop\/fr\/wp-json\/wp\/v2\/media?parent=6576"}],"wp:term":[{"taxonomy":"product_brand","embeddable":true,"href":"https:\/\/antcube.shop\/fr\/wp-json\/wp\/v2\/product_brand?post=6576"},{"taxonomy":"product_cat","embeddable":true,"href":"https:\/\/antcube.shop\/fr\/wp-json\/wp\/v2\/product_cat?post=6576"},{"taxonomy":"product_tag","embeddable":true,"href":"https:\/\/antcube.shop\/fr\/wp-json\/wp\/v2\/product_tag?post=6576"}],"curies":[{"name":"wp","href":"https:\/\/api.w.org\/{rel}","templated":true}]}}