{"id":6572,"date":"2023-12-04T11:34:48","date_gmt":"2023-12-04T10:34:48","guid":{"rendered":"https:\/\/antcube.shop\/product\/arena-vase-10x10cm-aus-glas\/"},"modified":"2026-03-30T10:30:50","modified_gmt":"2026-03-30T08:30:50","slug":"vase-arene-10x10cm-en-verre","status":"publish","type":"product","link":"https:\/\/antcube.shop\/fr\/produit\/vase-arene-10x10cm-en-verre\/","title":{"rendered":"Vase Arena 10x10cm en verre"},"content":{"rendered":"<p><strong>Dimensions :<\/strong> 10\u00d710.4cm<\/p>\n<p><strong>Mat\u00e9riau :<\/strong> verre, PMMA<\/p>\n<p><strong>Couleur :<\/strong> clair comme de l'eau de roche, translucide, transparent<\/p>\n<p><strong>Contenu :<\/strong><br \/>\n1x vase en verre 10x10cm<br \/>\n1x couvercle 10\u00d70.4cm<\/p>\n<p><strong>Description :<\/strong> Le vase Arena a \u00e9t\u00e9 con\u00e7u pour nourrir les colonies de fourmis coupeuses de feuilles du genre Atta ou Acromyrmex. Le couvercle amovible en acrylique avec des trous et des fentes pour arranger et maintenir les branches des plantes fourrag\u00e8res est simplement plac\u00e9 sur le vase. Le vase permet de conserver plus longtemps la fra\u00eecheur des plantes fourrag\u00e8res et augmente en m\u00eame temps l'humidit\u00e9 dans le formicarium gr\u00e2ce \u00e0 l'\u00e9vaporation constante de l'eau dans le r\u00e9servoir.<\/p>","protected":false},"excerpt":{"rendered":"<p>Dimensions : 10x20.4cm Mat\u00e9riau : verre, PMMA Couleur : cristallin, translucide, transparent Contenu : 1x vase en verre 10x20cm 1x couvercle 10x0.4cm Description : Le vase Arena a \u00e9t\u00e9 con\u00e7u pour nourrir les colonies de fourmis coupeuses de feuilles du genre Atta ou Acromyrmex. Le couvercle amovible en acrylique avec des trous et des fentes pour arranger et maintenir les branches des plantes fourrag\u00e8res est simplement plac\u00e9 sur le vase.","protected":false},"featured_media":6587,"comment_status":"open","ping_status":"closed","template":"","meta":{"_acf_changed":false,"content-type":"","_monsterinsights_skip_tracking":false,"_monsterinsights_sitenote_active":false,"_monsterinsights_sitenote_note":"","_monsterinsights_sitenote_category":0},"product_brand":[],"product_cat":[115,118],"product_tag":[],"class_list":{"0":"post-6572","1":"product","2":"type-product","3":"status-publish","4":"has-post-thumbnail","6":"product_cat-food-and-feeding","7":"product_cat-feeding-bowls","9":"first","10":"instock","11":"taxable","12":"shipping-taxable","13":"purchasable","14":"product-type-simple"},"acf":[],"aioseo_notices":[],"jetpack_sharing_enabled":true,"_links":{"self":[{"href":"https:\/\/antcube.shop\/fr\/wp-json\/wp\/v2\/product\/6572","targetHints":{"allow":["GET"]}}],"collection":[{"href":"https:\/\/antcube.shop\/fr\/wp-json\/wp\/v2\/product"}],"about":[{"href":"https:\/\/antcube.shop\/fr\/wp-json\/wp\/v2\/types\/product"}],"replies":[{"embeddable":true,"href":"https:\/\/antcube.shop\/fr\/wp-json\/wp\/v2\/comments?post=6572"}],"wp:featuredmedia":[{"embeddable":true,"href":"https:\/\/antcube.shop\/fr\/wp-json\/wp\/v2\/media\/6587"}],"wp:attachment":[{"href":"https:\/\/antcube.shop\/fr\/wp-json\/wp\/v2\/media?parent=6572"}],"wp:term":[{"taxonomy":"product_brand","embeddable":true,"href":"https:\/\/antcube.shop\/fr\/wp-json\/wp\/v2\/product_brand?post=6572"},{"taxonomy":"product_cat","embeddable":true,"href":"https:\/\/antcube.shop\/fr\/wp-json\/wp\/v2\/product_cat?post=6572"},{"taxonomy":"product_tag","embeddable":true,"href":"https:\/\/antcube.shop\/fr\/wp-json\/wp\/v2\/product_tag?post=6572"}],"curies":[{"name":"wp","href":"https:\/\/api.w.org\/{rel}","templated":true}]}}