{"id":6570,"date":"2023-12-04T11:34:35","date_gmt":"2023-12-04T10:34:35","guid":{"rendered":"https:\/\/antcube.shop\/product\/ameisen-treppenhaus-30cm\/"},"modified":"2026-03-16T11:29:00","modified_gmt":"2026-03-16T10:29:00","slug":"escalier-a-fourmis-30cm","status":"publish","type":"product","link":"https:\/\/antcube.shop\/fr\/produit\/escalier-a-fourmis-30cm\/","title":{"rendered":"Escalier \u00e0 fourmis 30cm"},"content":{"rendered":"<p><strong>Dimensions :<\/strong> 5x5x30cm<\/p>\n<p><strong>Mat\u00e9riau :<\/strong> PMMA<\/p>\n<p><strong>Couleur :<\/strong> clair comme de l'eau de roche, translucide, transparent<\/p>\n<p><strong>Contenu :<\/strong><br \/>\n1x escalier de fourmis 30cm<br \/>\n2x plaque acrylique pour un montage mural optionnel<\/p>\n<p>1x tampon pour escalier \u00e0 fourmis<\/p>\n<p><strong>Note : <\/strong>Les pi\u00e8ces sont fournies sous forme de produit enti\u00e8rement assembl\u00e9. Pour fixer le support mural, il suffit de desserrer les vis acryliques en haut et en bas et de retirer la base. Fixez \u00e0 nouveau les deux plaques acryliques avec les vis 1x en haut et 1x en bas.<\/p>\n<p><strong>Connexion :<\/strong> 2x tuyau 20\/16 mm (ext\u00e9rieur) ou tuyau 14\/10 mm (int\u00e9rieur) ou 24\/20 (ext\u00e9rieur 2\u00e8me phase de connexion)<\/p>\n<p><strong>Description :<\/strong> L'escalier \u00e0 fourmis permet de passer de l'ar\u00e8ne \u00e0 la fourmili\u00e8re.<\/p>\n<p><strong>Application :<\/strong> pour les fourmili\u00e8res <strong>30x30cm ou 60x30cm<\/strong><\/p>\n<p><span data-text-color=\"alert\"><strong>Important pour l'utilisation de tubes acryliques :<\/strong><\/span><br \/>\nLa hauteur n'est pas adapt\u00e9e \u00e0 notre <strong>taille des fourmili\u00e8res XL.<\/strong><br \/>\nPour<strong> \u00e0 utiliser avec des tubes acryliques<\/strong> (p.ex. tube de fourmis - transparent 20mm - 1m art. no. 1000320) au lieu de tuyaux, vous avez besoin d'un total de<strong> 3x le \"Connecteur de tube cristal pour 20mm - I\"<\/strong> (art. no. 1005624). 1x pour la prise de la fourmili\u00e8re et 2x pour les deux prises de la cage d'escalier. En outre, pour les anciennes fourmili\u00e8res (toutes achet\u00e9es avant le 12\/2023), il faut enfiler un \"joint d'\u00e9tanch\u00e9it\u00e9 flexible transparent\" (r\u00e9f. 1001437) sur la prise de la fourmili\u00e8re. Sinon, le \"raccord de tuyau transparent pour 20mm - I\" (no. d'art. 1005624) repose de mani\u00e8re trop l\u00e2che sur la prise de la fourmili\u00e8re. En outre, si un <strong>coussin de formicarium <\/strong>est utilis\u00e9e pour la fourmili\u00e8re ou l'ar\u00e8ne, il faut \u00e9galement en utiliser une pour l'escalier, sinon il y aura une l\u00e9g\u00e8re diff\u00e9rence de hauteur entre la prise de l'escalier et les raccordements de la fourmili\u00e8re et de l'ar\u00e8ne.<\/p>","protected":false},"excerpt":{"rendered":"<p>Pour les fourmili\u00e8res de 30x30cm ou 60x30cm<\/p>","protected":false},"featured_media":6585,"comment_status":"open","ping_status":"closed","template":"","meta":{"_acf_changed":false,"content-type":"","_monsterinsights_skip_tracking":false,"_monsterinsights_sitenote_active":false,"_monsterinsights_sitenote_note":"","_monsterinsights_sitenote_category":0},"product_brand":[],"product_cat":[345,119,121,120,239],"product_tag":[],"class_list":{"0":"post-6570","1":"product","2":"type-product","3":"status-publish","4":"has-post-thumbnail","6":"product_cat-pipe-connectors","7":"product_cat-formicarium-components","8":"product_cat-connectors","9":"product_cat-hoses","10":"product_cat-useful-additions","12":"first","13":"instock","14":"taxable","15":"shipping-taxable","16":"purchasable","17":"product-type-simple"},"acf":[],"aioseo_notices":[],"jetpack_sharing_enabled":true,"_links":{"self":[{"href":"https:\/\/antcube.shop\/fr\/wp-json\/wp\/v2\/product\/6570","targetHints":{"allow":["GET"]}}],"collection":[{"href":"https:\/\/antcube.shop\/fr\/wp-json\/wp\/v2\/product"}],"about":[{"href":"https:\/\/antcube.shop\/fr\/wp-json\/wp\/v2\/types\/product"}],"replies":[{"embeddable":true,"href":"https:\/\/antcube.shop\/fr\/wp-json\/wp\/v2\/comments?post=6570"}],"wp:featuredmedia":[{"embeddable":true,"href":"https:\/\/antcube.shop\/fr\/wp-json\/wp\/v2\/media\/6585"}],"wp:attachment":[{"href":"https:\/\/antcube.shop\/fr\/wp-json\/wp\/v2\/media?parent=6570"}],"wp:term":[{"taxonomy":"product_brand","embeddable":true,"href":"https:\/\/antcube.shop\/fr\/wp-json\/wp\/v2\/product_brand?post=6570"},{"taxonomy":"product_cat","embeddable":true,"href":"https:\/\/antcube.shop\/fr\/wp-json\/wp\/v2\/product_cat?post=6570"},{"taxonomy":"product_tag","embeddable":true,"href":"https:\/\/antcube.shop\/fr\/wp-json\/wp\/v2\/product_tag?post=6570"}],"curies":[{"name":"wp","href":"https:\/\/api.w.org\/{rel}","templated":true}]}}