{"id":6566,"date":"2023-12-04T11:34:09","date_gmt":"2023-12-04T10:34:09","guid":{"rendered":"https:\/\/antcube.shop\/product\/kornerfutter-major-100g\/"},"modified":"2025-05-06T21:46:55","modified_gmt":"2025-05-06T19:46:55","slug":"aliments-pour-animaux-a-base-de-cereales-major-100g","status":"publish","type":"product","link":"https:\/\/antcube.shop\/fr\/produit\/aliments-pour-animaux-a-base-de-cereales-major-100g\/","title":{"rendered":"Aliments pour animaux majeurs 100g"},"content":{"rendered":"<div class=\"tab-body active\">\n<p><strong>Contenu :<\/strong> 100g<\/p>\n<p><span id=\"result_box\" class=\"long_text\" lang=\"en\"><strong>Description :<\/strong> <\/span>M\u00e9lange de gros grains et de graines pour les colonies adultes de fourmis granivores telles que Messor, Pogonomyrmex et Pheidole.<br \/>\nId\u00e9al pour les colonies avec un grand nombre de travailleurs.<br \/>\nProduit purement naturel sans additifs artificiels. Sans pesticides.<\/p>\n<p><strong>Note :<\/strong><br \/>\nPour utiliser le tube d'alimentation, cliquez ici : <a href=\"https:\/\/www.antstore.net\/shop\/images\/documents\/Anleitung-Ameisenfutterroehrchen.pdf\">Lien<\/a><br \/>\ncompl\u00e9ment alimentaire pour les fourmis granivores.<br \/>\nPour conna\u00eetre la composition, les composants analytiques, la date de p\u00e9remption et le num\u00e9ro de lot, veuillez vous r\u00e9f\u00e9rer \u00e0 la notice.<\/p>\n<p>Num\u00e9ro d'information +49 30 439703870<\/p>\n<p>Contr\u00f4le v\u00e9t\u00e9rinaire et alimentaire comp\u00e9tent :<br \/>\nVeterin\u00e4ramt Steglitz<br \/>\nK\u00f6nigin-Luise-Str. 92<br \/>\n14195 Berlin<\/p>\n<\/div>","protected":false},"excerpt":{"rendered":"<p>Alimentation compl\u00e9mentaire<\/p>","protected":false},"featured_media":6626,"comment_status":"open","ping_status":"closed","template":"","meta":{"_acf_changed":false,"content-type":"","_monsterinsights_skip_tracking":false,"_monsterinsights_sitenote_active":false,"_monsterinsights_sitenote_note":"","_monsterinsights_sitenote_category":0},"product_brand":[],"product_cat":[115,116],"product_tag":[],"class_list":{"0":"post-6566","1":"product","2":"type-product","3":"status-publish","4":"has-post-thumbnail","6":"product_cat-food-and-feeding","7":"product_cat-food","9":"first","10":"outofstock","11":"taxable","12":"shipping-taxable","13":"purchasable","14":"product-type-simple"},"acf":[],"aioseo_notices":[],"jetpack_sharing_enabled":true,"_links":{"self":[{"href":"https:\/\/antcube.shop\/fr\/wp-json\/wp\/v2\/product\/6566","targetHints":{"allow":["GET"]}}],"collection":[{"href":"https:\/\/antcube.shop\/fr\/wp-json\/wp\/v2\/product"}],"about":[{"href":"https:\/\/antcube.shop\/fr\/wp-json\/wp\/v2\/types\/product"}],"replies":[{"embeddable":true,"href":"https:\/\/antcube.shop\/fr\/wp-json\/wp\/v2\/comments?post=6566"}],"wp:featuredmedia":[{"embeddable":true,"href":"https:\/\/antcube.shop\/fr\/wp-json\/wp\/v2\/media\/6626"}],"wp:attachment":[{"href":"https:\/\/antcube.shop\/fr\/wp-json\/wp\/v2\/media?parent=6566"}],"wp:term":[{"taxonomy":"product_brand","embeddable":true,"href":"https:\/\/antcube.shop\/fr\/wp-json\/wp\/v2\/product_brand?post=6566"},{"taxonomy":"product_cat","embeddable":true,"href":"https:\/\/antcube.shop\/fr\/wp-json\/wp\/v2\/product_cat?post=6566"},{"taxonomy":"product_tag","embeddable":true,"href":"https:\/\/antcube.shop\/fr\/wp-json\/wp\/v2\/product_tag?post=6566"}],"curies":[{"name":"wp","href":"https:\/\/api.w.org\/{rel}","templated":true}]}}