{"id":6564,"date":"2023-12-04T11:33:56","date_gmt":"2023-12-04T10:33:56","guid":{"rendered":"https:\/\/antcube.shop\/product\/schraub-adapter-50-auf-27-mm-bohrung\/"},"modified":"2026-04-02T12:12:13","modified_gmt":"2026-04-02T10:12:13","slug":"adaptateur-pour-vis-de-50-a-27-mm-dalesage","status":"publish","type":"product","link":"https:\/\/antcube.shop\/fr\/produit\/adaptateur-pour-vis-de-50-a-27-mm-dalesage\/","title":{"rendered":"Adaptateur de vis 50 \u00e0 27 mm d'al\u00e9sage"},"content":{"rendered":"<p><strong>Contenu :<\/strong><br \/>\n2x disque acrylique 59 x 2mm avec trou de 32 mm<br \/>\n1x Disque acrylique 49 x 4mm avec trou de 27 mm<br \/>\n2x vis en plastique transparent M4<br \/>\n2x Ecrou transparent M4<\/p>\n<p><strong>Dimensions du produit :<\/strong> 59 x 8 mm<\/p>\n<p><strong>Mat\u00e9riau :<\/strong> PMMA<\/p>\n<p><strong>Couleur :<\/strong> transparent \/ cristal clair<\/p>\n<p><span data-text-color=\"alert\"><strong>ATTENTION :<\/strong><\/span> uniquement pour nos raccords de tuyaux de lavabo 27mm - 14, 20, 24mm - transparent<\/p>\n<p><strong>Description :<\/strong> Adaptateur pour la fixation d'\u00e9l\u00e9ments de 27 mm de diam\u00e8tre dans des trous de 50 mm. Nos chevilles de 27 mm s'adaptent \u00e9galement \u00e0 l'adaptateur.<\/p>\n<p>Permet ainsi une fixation s\u00fbre, solide et visuellement attrayante de tuyaux de 20 mm, de flexibles ou d'autres \u00e9l\u00e9ments de connexion.<\/p>\n<p><strong>Note :<\/strong> Livr\u00e9 en pi\u00e8ces d\u00e9tach\u00e9es, il doit \u00eatre fix\u00e9 \u00e0 l'aide d'un tournevis cruciforme.<\/p>","protected":false},"excerpt":{"rendered":"<p>Contenu : 2x disque acrylique 59 x 2mm avec trou de 32 mm 1x disque acrylique 49 x 4mm avec trou de 27 mm 2x vis plastique transparente M4 2x \u00e9crou transparent M4 Dimensions du produit : 59 x 8 mm Mat\u00e9riau : PMMA Couleur : transparent \/ cristallin ATTENTION : uniquement pour nos raccords de tuyau de lavabo 27mm - 14, 20, 24mm","protected":false},"featured_media":6593,"comment_status":"open","ping_status":"closed","template":"","meta":{"_acf_changed":false,"content-type":"","_monsterinsights_skip_tracking":false,"_monsterinsights_sitenote_active":false,"_monsterinsights_sitenote_note":"","_monsterinsights_sitenote_category":0},"product_brand":[],"product_cat":[345,119,121,120],"product_tag":[],"class_list":{"0":"post-6564","1":"product","2":"type-product","3":"status-publish","4":"has-post-thumbnail","6":"product_cat-pipe-connectors","7":"product_cat-formicarium-components","8":"product_cat-connectors","9":"product_cat-hoses","11":"first","12":"instock","13":"taxable","14":"shipping-taxable","15":"purchasable","16":"product-type-simple"},"acf":[],"aioseo_notices":[],"jetpack_sharing_enabled":true,"_links":{"self":[{"href":"https:\/\/antcube.shop\/fr\/wp-json\/wp\/v2\/product\/6564","targetHints":{"allow":["GET"]}}],"collection":[{"href":"https:\/\/antcube.shop\/fr\/wp-json\/wp\/v2\/product"}],"about":[{"href":"https:\/\/antcube.shop\/fr\/wp-json\/wp\/v2\/types\/product"}],"replies":[{"embeddable":true,"href":"https:\/\/antcube.shop\/fr\/wp-json\/wp\/v2\/comments?post=6564"}],"wp:featuredmedia":[{"embeddable":true,"href":"https:\/\/antcube.shop\/fr\/wp-json\/wp\/v2\/media\/6593"}],"wp:attachment":[{"href":"https:\/\/antcube.shop\/fr\/wp-json\/wp\/v2\/media?parent=6564"}],"wp:term":[{"taxonomy":"product_brand","embeddable":true,"href":"https:\/\/antcube.shop\/fr\/wp-json\/wp\/v2\/product_brand?post=6564"},{"taxonomy":"product_cat","embeddable":true,"href":"https:\/\/antcube.shop\/fr\/wp-json\/wp\/v2\/product_cat?post=6564"},{"taxonomy":"product_tag","embeddable":true,"href":"https:\/\/antcube.shop\/fr\/wp-json\/wp\/v2\/product_tag?post=6564"}],"curies":[{"name":"wp","href":"https:\/\/api.w.org\/{rel}","templated":true}]}}