{"id":6562,"date":"2023-12-04T11:33:43","date_gmt":"2023-12-04T10:33:43","guid":{"rendered":"https:\/\/antcube.shop\/product\/bundle-offer-messor-structor\/"},"modified":"2026-04-13T09:34:33","modified_gmt":"2026-04-13T07:34:33","slug":"offre-groupee-messor-structor","status":"publish","type":"product","link":"https:\/\/antcube.shop\/fr\/produit\/offre-groupee-messor-structor\/","title":{"rendered":"Offre group\u00e9e - Messor structor"},"content":{"rendered":"<p><span data-text-color=\"secondary\"><strong>Offre group\u00e9e comprenant une colonie de fourmis Messor structor (reine avec 11-25 ouvri\u00e8res + couvain), un kit de d\u00e9marrage Habitat Desert M avec une deuxi\u00e8me fourmili\u00e8re 20\u00d720 M, 3x tampons de formicarium et un pot de nos grillons entiers blanchis sp\u00e9ciaux 10g (prot\u00e9ine humide).<\/strong><\/span><\/p>\n<p><span data-text-color=\"alert\"><strong>Dans la limite des stocks disponibles.<\/strong><\/span><\/p>\n<p><strong>Tout ce dont vous avez besoin pour une colonie de fourmis Messor structor<\/strong><br \/>\nCe kit contient tout ce dont vous avez besoin pour r\u00e9ussir les premiers mois d'une colonie de Messor barbarus. Il est extensible \u00e0 souhait et convient parfaitement aux d\u00e9butants en mati\u00e8re d'\u00e9levage de fourmis.<\/p>\n<p><strong>Messor structor esp\u00e8ces de fourmis<\/strong><br \/>\nMessor structor est une esp\u00e8ce de fourmi granivore (mangeuse de grains). On la trouve principalement en Europe du Sud et dans la r\u00e9gion m\u00e9diterran\u00e9enne, mais aussi en Europe centrale et son aire de r\u00e9partition s'\u00e9tend jusqu'\u00e0 l'Iran et au sud de la Russie. C'est \u00e9galement la seule esp\u00e8ce de Messor que l'on trouve en Allemagne. Les ouvri\u00e8res sont l\u00e9g\u00e8rement plus petites que celles de Messor barbarus, mais Messor structor produit des ouvri\u00e8res dites majeures (caste d'ouvri\u00e8res la plus importante) plus t\u00f4t.<\/p>\n<p>Bien que Messor structor soit principalement pr\u00e9sent dans les steppes, il existe dans certains pays des populations qui se sentent plus \u00e0 l'aise dans les r\u00e9gions montagneuses ou m\u00eame dans les for\u00eats mixtes. Cela montre la grande capacit\u00e9 d'adaptation de cette esp\u00e8ce. Messor structor forme g\u00e9n\u00e9ralement des colonies polygynes (plusieurs reines dans une colonie), mais il existe aussi des colonies monogynes (une seule reine par colonie).<\/p>\n<p>Les scientifiques tentent depuis un certain temps de d\u00e9terminer si Messor structor a pu d\u00e9velopper plusieurs sous-esp\u00e8ces pr\u00e9sentes dans diff\u00e9rentes r\u00e9gions en analysant le mat\u00e9riel g\u00e9n\u00e9tique de diff\u00e9rentes colonies. Toutefois, cette question n'a pas encore \u00e9t\u00e9 \u00e9lucid\u00e9e de mani\u00e8re concluante.<\/p>\n<p><strong>Nid pour Messor structor<\/strong><br \/>\nMessor structor pr\u00e9f\u00e8re nicher dans des sols sablonneux. Cependant, contrairement \u00e0 la plupart des autres esp\u00e8ces de Messor, il est relativement flexible et peut parfois nicher sous des pierres ou dans des endroits ombrag\u00e9s sur des sols plus terreux.<\/p>\n<p><strong>Nourriture pour Messor structor<\/strong><br \/>\nComme toutes les esp\u00e8ces de Messor, Messor structor se nourrit principalement de graines qui sont collect\u00e9es, stock\u00e9es et transform\u00e9es en pain de fourmis, qui se conserve plus longtemps et permet aux colonies de traverser les p\u00e9riodes o\u00f9 il y a moins de graines dans la nature. Les prot\u00e9ines sont accept\u00e9es aussi bien mortes que vivantes. Dans la nature, les fourmis tuent de petits insectes et les utilisent pour nourrir leur couvain. La solution sucr\u00e9e ou le miel ne sont accept\u00e9s que si la colonie ne dispose pas de suffisamment d'eau douce pour couvrir ses besoins en humidit\u00e9.<\/p>\n<p><strong>Les conditions climatiques optimales pour Messor structor sont les suivantes :<\/strong><br \/>\n<strong>Humidit\u00e9 :<\/strong><br \/>\nAr\u00e8ne : 30 - 50% Zone de nidification : 50 - 70%<br \/>\n<strong>Temp\u00e9rature :<\/strong><br \/>\nAr\u00e8ne : 22 - 30\u00b0C Zone de nidification : 21- 27\u00b0C<\/p>\n<p><strong>Contenu :<\/strong><\/p>\n<p>1x colonie de fourmis Messor structor (reine + 11-25 ouvri\u00e8res + couvain)<br \/>\n1x Confiture de grillons 25g<br \/>\n1x nourriture en grain mineure 100g<br \/>\n1x tampon Formicarium - 20x20cm<br \/>\n2x tampon Formicarium - 20x6cm<\/p>\n<p>1x ANTCUBE - ar\u00e8ne 20x20x10 - plat<br \/>\n1x cadre d'ar\u00e8ne de fourmis 20\u00d720<br \/>\n1x couverture de fourmili\u00e8re 20\u00d720<br \/>\n4x point de fixation pour la couverture de l'ar\u00e8ne<br \/>\n2x ANTCUBE - fourmili\u00e8re - M - 20\u00d720 - debout<\/p>\n<p>1x 1m tube transparent 14\/10 mm<br \/>\n2x ANTCUBE - Feuille rouge 20\u00d720 - filtre<br \/>\n2x clips adh\u00e9sifs - transparent 2 pcs.<br \/>\n1x substrat - d\u00e9sert - 1kg<br \/>\n1x Formicarium granules 200ml - beige<\/p>\n<p>1x Grid cap &#8211; 10mm &#8211; stainless steel<br \/>\n2x Grid insert acrylic &#8211; 50 mm with sealing ring<br \/>\n1x Grid insert acrylic &#8211; 27 mm with sealing ring<\/p>\n<p>1x connecteur de tuyau de r\u00e9servoir 27-14,16,20 mm - transparent<br \/>\n2x Foil thermometer &#8211; farm<br \/>\n1x Foil thermometer Display<br \/>\n1x drinking clear 5ml &#8211; sponge<br \/>\n1x Feeding dish white rectangle &#8211; 3 compartments<br \/>\n1x Huile de protection contre les fourmis 10ml<br \/>\n1x Pince \u00e0 \u00e9piler en acier \u00e0 ressort - large - souple<br \/>\n1x Pince \u00e0 \u00e9piler en plastique transparent<br \/>\n1x pipette en plastique 3ml<br \/>\n1x loupe \u00e0 main - 2x - 30mm<br \/>\n1x racleur en mousse 150x18x2,5mm<br \/>\n1x dos photo - d\u00e9sert - 20\u00d710<\/p>\n<p>&nbsp;<\/p>\n<p><strong>Description :<\/strong><br \/>\nCe Starter Set Desert convient \u00e0 toutes les esp\u00e8ces du genre Messor vivant dans les d\u00e9serts, les steppes ou les climats m\u00e9diterran\u00e9ens. L'une des deux fermes est destin\u00e9e au stockage des graines et du pain de fourmis et doit donc \u00eatre maintenue parfaitement s\u00e8che pour \u00e9viter que les graines\/grains stock\u00e9s par les fourmis n'y germent ou n'y moisissent.<\/p>\n<p>Dans la ferme enti\u00e8rement transparente (nid), le \"substrat - d\u00e9sert\" est utilis\u00e9 pour remplir la ferme. Si n\u00e9cessaire, des modules suppl\u00e9mentaires peuvent \u00eatre connect\u00e9s via les trous de 50 mm du couvercle, par exemple les brumisateurs, les ventilateurs ou les lumi\u00e8res disponibles s\u00e9par\u00e9ment. Des bouchons de formicarium appropri\u00e9s sont \u00e9galement fournis pour fermer les ouvertures. Si vous le souhaitez, le formarium peut \u00e9galement \u00eatre utilis\u00e9 ouvert en pla\u00e7ant simplement le cadre amovible sur le dessus et en appliquant l'huile anti-fourmis sur le bord. L'\"abreuvoir transparent de 20 ml - \u00e9ponge\" est destin\u00e9 \u00e0 l'eau, le \"distributeur de nourriture de 2 ml - dosable\" \u00e0 la nourriture en grains.<\/p>\n<p><strong>Important :<\/strong> Veuillez humidifier le substrat avant de l'utiliser afin que le m\u00e9lange puisse se fixer et s'accrocher solidement dans la fourmili\u00e8re. En outre, si le substrat est trop sec et poussi\u00e9reux, les voies respiratoires des fourmis peuvent \u00eatre obstru\u00e9es et, dans le pire des cas, les animaux peuvent suffoquer.<\/p>\n<p><strong>Recommandation :<\/strong> Nous recommandons une couche de substrat de 2 mm de hauteur, afin que les animaux ne puissent pas creuser dans l'ar\u00e8ne et utilisent plut\u00f4t la ferme pr\u00e9vue \u00e0 cet effet. Nous recommandons \u00e9galement que le mat\u00e9riau de nidification de la ferme (sable\/argile, Digfix, etc.) soit l\u00e9g\u00e8rement piqu\u00e9 \u00e0 un endroit pour que les animaux puissent creuser plus facilement.<\/p>\n<p><strong>Notes sur la production<\/strong><br \/>\nLe verre est d\u00e9coup\u00e9 selon la norme DIN 1249 avec une tol\u00e9rance de +\/- 1 mm. Une protection suppl\u00e9mentaire est indispensable pour les esp\u00e8ces de fourmis de tr\u00e8s petite taille.<\/p>\n<p><strong>Notes sur la ferme<\/strong><br \/>\nLorsque vous fixez ou retirez des tuyaux, veuillez tenir compte des points suivants :<br \/>\nSi le tuyau est tr\u00e8s difficile \u00e0 placer sur le manchon de raccordement, il faut frotter l\u00e9g\u00e8rement le manchon avec une goutte de notre huile ou de notre poudre anti-\u00e9clatement. Le tuyau doit ensuite \u00eatre pouss\u00e9 sur le manchon par des mouvements de torsion ou de vissage, sans solliciter le manchon par des mouvements de haut en bas. Il en va de m\u00eame lorsque vous retirez les tuyaux du manchon de raccordement \u00e0 la ferme. Ne tirez pas simplement sur le tuyau !<\/p>\n<p><strong>Notes sur le Cricket Jam :<\/strong><br \/>\nNos grillons blanchis sont un moyen facile de fournir \u00e0 vos fourmis une nourriture prot\u00e9in\u00e9e fra\u00eechement conserv\u00e9e sans avoir \u00e0 nourrir les insectes vivants. Les grillons contenus (Acheta domesticus) ont \u00e9t\u00e9 d\u00e9licatement blanchis pour garantir que les valeurs nutritionnelles, le go\u00fbt et l'ar\u00f4me soient conserv\u00e9s. En outre, la carapace chitineuse des insectes est ramollie de mani\u00e8re \u00e0 ce qu'elle puisse \u00eatre dig\u00e9r\u00e9e plus facilement. Les liaisons des prot\u00e9ines de collag\u00e8ne sont bris\u00e9es afin que les fourmis puissent mieux les utiliser. Les Acheta domesticus en conserve ont la m\u00eame valeur nutritionnelle que les grillons vivants, mais sont plus faciles \u00e0 dig\u00e9rer.<\/p>\n<p>Le Cricket Jam n'est pas adapt\u00e9 \u00e0 la chasse aux esp\u00e8ces de fourmis qui ont besoin de nourriture vivante (par exemple les pon\u00e9rines (grandes fourmis) telles que Harpegnathos ou Odontomachus).<\/p>\n<p><strong>Autres avantages :<\/strong><br \/>\nGaranti sans acariens<br \/>\nPeut \u00eatre portionn\u00e9 et dilu\u00e9 avec de l'eau<br \/>\nSt\u00e9rilis\u00e9 et emball\u00e9 sous vide<br \/>\nSans additifs<br \/>\nGrillons issus d'un \u00e9levage durable et purement biologique, nourris avec des d\u00e9chets organiques<\/p>\n<p><strong>Note :<\/strong><br \/>\nSe conserve au r\u00e9frig\u00e9rateur pendant environ quatre jours apr\u00e8s ouverture. La dur\u00e9e de conservation est plus longue si le produit est congel\u00e9.<br \/>\nAttention : D'abord la portion, puis la cong\u00e9lation.<\/p>","protected":false},"excerpt":{"rendered":"<p>L'ensemble est compos\u00e9 de 38 pi\u00e8ces<\/p>\n<p>Taille : <strong>M<\/strong><\/p>","protected":false},"featured_media":7134,"comment_status":"open","ping_status":"closed","template":"","meta":{"_acf_changed":false,"content-type":"","_monsterinsights_skip_tracking":false,"_monsterinsights_sitenote_active":false,"_monsterinsights_sitenote_note":"","_monsterinsights_sitenote_category":0},"product_brand":[],"product_cat":[355,353,73],"product_tag":[],"class_list":{"0":"post-6562","1":"product","2":"type-product","3":"status-publish","4":"has-post-thumbnail","6":"product_cat-bundle-offers","7":"product_cat-starter-sets-for-harvester-ants","8":"product_cat-starter-sets","10":"first","11":"instock","12":"taxable","13":"shipping-taxable","14":"purchasable","15":"product-type-simple"},"acf":[],"aioseo_notices":[],"jetpack_sharing_enabled":true,"_links":{"self":[{"href":"https:\/\/antcube.shop\/fr\/wp-json\/wp\/v2\/product\/6562","targetHints":{"allow":["GET"]}}],"collection":[{"href":"https:\/\/antcube.shop\/fr\/wp-json\/wp\/v2\/product"}],"about":[{"href":"https:\/\/antcube.shop\/fr\/wp-json\/wp\/v2\/types\/product"}],"replies":[{"embeddable":true,"href":"https:\/\/antcube.shop\/fr\/wp-json\/wp\/v2\/comments?post=6562"}],"wp:featuredmedia":[{"embeddable":true,"href":"https:\/\/antcube.shop\/fr\/wp-json\/wp\/v2\/media\/7134"}],"wp:attachment":[{"href":"https:\/\/antcube.shop\/fr\/wp-json\/wp\/v2\/media?parent=6562"}],"wp:term":[{"taxonomy":"product_brand","embeddable":true,"href":"https:\/\/antcube.shop\/fr\/wp-json\/wp\/v2\/product_brand?post=6562"},{"taxonomy":"product_cat","embeddable":true,"href":"https:\/\/antcube.shop\/fr\/wp-json\/wp\/v2\/product_cat?post=6562"},{"taxonomy":"product_tag","embeddable":true,"href":"https:\/\/antcube.shop\/fr\/wp-json\/wp\/v2\/product_tag?post=6562"}],"curies":[{"name":"wp","href":"https:\/\/api.w.org\/{rel}","templated":true}]}}