{"id":6561,"date":"2023-12-04T11:33:36","date_gmt":"2023-12-04T10:33:36","guid":{"rendered":"https:\/\/antcube.shop\/product\/bundle-offer-camponotus-barbaricus\/"},"modified":"2026-03-30T10:28:01","modified_gmt":"2026-03-30T08:28:01","slug":"offre-groupee-camponotus-barbaricus","status":"publish","type":"product","link":"https:\/\/antcube.shop\/fr\/produit\/offre-groupee-camponotus-barbaricus\/","title":{"rendered":"Offre group\u00e9e - Camponotus barbaricus"},"content":{"rendered":"<p><span data-text-color=\"secondary\"><strong>Offre group\u00e9e comprenant une colonie de fourmis Camponotus barbaricus (reine avec 5-10 ouvri\u00e8res + couvain), un kit de d\u00e9marrage Habitat Desert L avec 2x tampons de formicarium, un pot de nos grillons entiers blanchis sp\u00e9ciaux (prot\u00e9ines humides) et une recharge de m\u00e9lange de miellat 10ml.<\/strong><\/span><\/p>\n<p><span data-text-color=\"alert\"><strong>Dans la limite des stocks disponibles.<\/strong><\/span><\/p>\n<p><strong>Tout ce dont vous avez besoin pour une colonie de fourmis Camponotus barbaricus<\/strong><br \/>\nCe kit contient tout ce dont vous avez besoin pour r\u00e9ussir les premiers mois d'une colonie de Camponotus barbaricus. Il est extensible \u00e0 souhait et convient parfaitement aux d\u00e9butants en mati\u00e8re d'\u00e9levage de fourmis.<\/p>\n<p><strong>Esp\u00e8ce de fourmi Camponotus barbaricus<\/strong><br \/>\nCamponotus barbaricus est l'une des plus grandes esp\u00e8ces de fourmis d'Europe. On la trouve au Portugal, en Espagne, en Sicile et, en dehors de l'Europe, au Maroc, en Alg\u00e9rie, en Tunisie et en Libye. Ses colonies sont monogynes (une seule reine par colonie) et, comme la plupart des esp\u00e8ces de Camponotus, il s'agit d'une esp\u00e8ce de fourmis tr\u00e8s polymorphe (formant ce que l'on appelle des castes, c'est-\u00e0-dire des ouvri\u00e8res plus petites et plus grandes).<\/p>\n<p>Dans la nature, ils peuvent former des colonies de plusieurs dizaines de milliers d'individus. Camponotus barbaricus d\u00e9fend agressivement son nid et son terrain de chasse et y parvient tr\u00e8s bien gr\u00e2ce \u00e0 sa taille. Les majors (la plus grande caste d'ouvri\u00e8res) atteignent une taille d'environ 17 mm.<\/p>\n<p><strong>Nid de Camponotus barbaricus<\/strong><br \/>\nCamponotus barbaricus pr\u00e9f\u00e8re nicher dans des sols sablonneux. Contrairement \u00e0 la plupart des esp\u00e8ces de Camponotus, on les trouve rarement dans du bois pourri. Le Desert Starter Set inclus dans l'offre est donc parfaitement adapt\u00e9 aux besoins de cette esp\u00e8ce.<\/p>\n<p><strong>Nourriture pour Camponotus barbaricus<\/strong><br \/>\nDans la nature, Camponotus barbaricus se nourrit principalement d'insectes et de miellat. C'est la raison pour laquelle nous avons inclus dans ce paquet \u00e0 la fois nos grillons blanchis comme nourriture prot\u00e9in\u00e9e et notre m\u00e9lange de miellat, afin que vous puissiez offrir \u00e0 vos fourmis un r\u00e9gime aussi adapt\u00e9 que possible \u00e0 l'esp\u00e8ce.<\/p>\n<p><strong>Les conditions climatiques optimales pour Camponotus barbaricus sont les suivantes :<\/strong><br \/>\n<strong>Humidit\u00e9 :<\/strong><br \/>\nAr\u00e8ne : 30 - 50% Zone de nidification : 50 - 60%<br \/>\n<strong>Temp\u00e9rature :<\/strong><br \/>\nAr\u00e8ne : 18 - 28\u00b0C Zone de nidification : 21 - 26\u00b0C<\/p>\n<p><strong>Contenu :<\/strong><\/p>\n<p>1x Camponotus barbaricus (reine avec 1-4 ouvri\u00e8res + couvain)<br \/>\n1x Confiture de grillons 25g<br \/>\n1x Honeydew mix (HT) - recharge 10ml<br \/>\n1x Base de formicarium - 20x20cm<br \/>\n1x Base de formicarium - 20x6cm<\/p>\n<p>1x ANTCUBE - ar\u00e8ne 20x20x10 - plat<br \/>\n1x cadre d'ar\u00e8ne de fourmis 20\u00d720<br \/>\n1x couverture de fourmili\u00e8re 20\u00d720<br \/>\n4x point de fixation pour la couverture de l'ar\u00e8ne<br \/>\n1x ANTCUBE - Fourmili\u00e8re - L - 20\u00d720 - vertical<\/p>\n<p>1x 0,5m tube transparent 20\/16 mm<br \/>\n1x ANTCUBE - feuille rouge 20\u00d720 - filtre<br \/>\n1x clips adh\u00e9sifs - transparent 2 pcs.<br \/>\n1x substrat - d\u00e9sert - 1kg<br \/>\n1x Formicarium granules 200ml - beige<\/p>\n<p>2x Grid insert acrylic &#8211; 50 mm with sealing ring<br \/>\n1x Grid insert acrylic &#8211; 27 mm with sealing ring<br \/>\n1x couvercle de grille - 16mm - acier inoxydable<\/p>\n<p>1x connecteur de tuyau de r\u00e9servoir 27-14,16,20 mm - transparent<br \/>\n1x Foil thermometer &#8211; farm<br \/>\n1x Foil thermometer Display<br \/>\n1x drinking clear 5ml &#8211; sponge<br \/>\n1x Feeding dish white rectangle &#8211; 3 compartments<br \/>\n1x Drinking trough 2ml &#8211; 360 Degrees<br \/>\n1x Huile de protection contre les fourmis 10ml<br \/>\n1x Pince \u00e0 \u00e9piler en acier \u00e0 ressort - large - souple<br \/>\n1x Pince \u00e0 \u00e9piler en plastique transparent<br \/>\n1x pipette en plastique 3ml<br \/>\n1x loupe \u00e0 main - 2x - 30mm<br \/>\n1x racleur en mousse 150x18x2,5mm<br \/>\n1x dos photo - d\u00e9sert - 20\u00d710<\/p>\n<p><strong>Description :<\/strong><br \/>\nCe starter set d\u00e9sert convient \u00e0 toutes les esp\u00e8ces de fourmis vivant dans les d\u00e9serts, les steppes ou le climat m\u00e9diterran\u00e9en.<\/p>\n<p>Dans la ferme enti\u00e8rement transparente (nid), le \"Sol - D\u00e9sert\" est utilis\u00e9 pour remplir la ferme. Si n\u00e9cessaire, des modules suppl\u00e9mentaires peuvent \u00eatre connect\u00e9s via les trous de 50 mm du couvercle, par exemple les brumisateurs, les ventilateurs ou les lumi\u00e8res disponibles s\u00e9par\u00e9ment. Des bouchons de formarium appropri\u00e9s sont \u00e9galement fournis pour fermer les ouvertures. Si vous le souhaitez, le formarium peut \u00e9galement \u00eatre utilis\u00e9 ouvert en fixant simplement le cadre amovible et en appliquant l'huile anti-fourmis sur le bord. Le \"Drinker 2ml - 360 degr\u00e9s\" est destin\u00e9 au m\u00e9lange de miellat, le \"Drinker clear 20ml - sponge\" \u00e0 l'eau et le \"Bowl clear 1\u00d720 - sponge\" \u00e0 la nourriture prot\u00e9in\u00e9e. Le \"Mini thermo-hygrom\u00e8tre analogique - affichage - suspension\" peut \u00eatre fix\u00e9 au cadre ou au couvercle et affiche les valeurs climatiques.<\/p>\n<p><strong>Important :<\/strong> Humidifiez le substrat avant de l'utiliser afin que le m\u00e9lange puisse se lier et se fixer dans la fourmili\u00e8re. En outre, si le substrat est trop sec et poussi\u00e9reux, les voies respiratoires des fourmis peuvent \u00eatre obstru\u00e9es et, dans le pire des cas, les animaux peuvent suffoquer.<\/p>\n<p><strong>Recommandation :<\/strong> Nous recommandons une couche de substrat de 2 mm de hauteur, afin que les animaux ne puissent pas creuser dans l'ar\u00e8ne et utilisent plut\u00f4t la ferme pr\u00e9vue \u00e0 cet effet. Nous recommandons \u00e9galement que le mat\u00e9riau de nidification de la ferme (sable\/argile, Digfix, etc.) soit l\u00e9g\u00e8rement piqu\u00e9 \u00e0 un endroit pour que les animaux puissent creuser plus facilement.<\/p>\n<p><strong>Notes sur la production<\/strong><br \/>\nLe verre est d\u00e9coup\u00e9 selon la norme DIN 1249 avec une tol\u00e9rance de +\/- 1 mm. Une protection suppl\u00e9mentaire est indispensable pour les esp\u00e8ces de fourmis de tr\u00e8s petite taille.<\/p>\n<p><strong>Notes sur la ferme<\/strong><br \/>\nLorsque vous fixez ou retirez des tuyaux, veuillez tenir compte des points suivants :<br \/>\nSi le tuyau est tr\u00e8s difficile \u00e0 placer sur le manchon de raccordement, il faut frotter l\u00e9g\u00e8rement le manchon avec une goutte de notre huile ou de notre poudre anti-\u00e9clatement. Le tuyau doit ensuite \u00eatre pouss\u00e9 sur le manchon par des mouvements de torsion ou de vissage, sans solliciter le manchon par des mouvements de haut en bas. Il en va de m\u00eame lorsque vous retirez les tuyaux du manchon de raccordement \u00e0 la ferme. Ne tirez pas simplement sur le tuyau !<\/p>\n<p><strong>Instructions :<\/strong> (Version 2023, la version mise \u00e0 jour pour 2024 sera disponible au plus tard le 04\/2024)<\/p>\n<p>- DE <a href=\"https:\/\/www.antstore.net\/shop\/images\/info\/de\/Gebrauchsanweisung%20Starter%20Set%20Habitat.pdf\">Gebrauchsanweisung Starter Set Habitat<\/a> (PDF 3,21 MB)<\/p>\n<p>- FR <a href=\"https:\/\/www.antstore.net\/shop\/images\/info\/en\/Instructions%20for%20use%20-%20Starter%20Set%20Habitat.pdf\">Mode d'emploi - Starter Set Habitat<\/a> (PDF 3,21 MB)<\/p>\n<p>- ES <a href=\"https:\/\/www.antstore.net\/shop\/images\/info\/es\/Manual%20de%20instrucciones%20-%20Set%20de%20inicio%20H%C3%A1bitat.pdf\">Manual de instrucciones - Set de inicio H\u00e1bitat<\/a> (PDF 3,21 MB)<\/p>\n<p>- FR <a href=\"https:\/\/www.antstore.net\/shop\/images\/info\/fr\/Manuel%20d'instruction%20-%20Kit%20de%20d%C3%A9marrage%20Habitat.pdf\">Manuel d'instruction - Kit de d\u00e9marrage Habitat<\/a> (PDF 3,21 MB)<\/p>\n<p><strong>Note sur le miellat :<\/strong><br \/>\nContenu : 10 ml<br \/>\nIl s'agit d'un produit naturel, que nous avons affin\u00e9 apr\u00e8s de nombreux tests dans notre laboratoire et d\u00e9velopp\u00e9 en un aliment tr\u00e8s bien accept\u00e9 par les fourmis. La raison en est que le miel de miellat non transform\u00e9 sous sa forme originale concentr\u00e9e n'est pas bien accept\u00e9 par les fourmis et leur m\u00e9tabolisme.<br \/>\nNotre miellat a \u00e9t\u00e9 r\u00e9colt\u00e9 dans les for\u00eats de montagne sauvages et non pollu\u00e9es de Bulgarie. Le miellat n'est produit que pendant une p\u00e9riode tr\u00e8s limit\u00e9e, environ deux mois en \u00e9t\u00e9. Il est donc tr\u00e8s rare. En raison des caract\u00e9ristiques sp\u00e9cifiques du sol des for\u00eats et du climat, des nutriments essentiels sont stock\u00e9s dans les feuilles des arbres et sont absorb\u00e9s par les pucerons. C'est ce qui rend ce m\u00e9lange de miellat si d\u00e9sirable pour les fourmis.<\/p>\n<p><strong>Application :<\/strong><br \/>\nLa quantit\u00e9 de nourriture doit \u00eatre consomm\u00e9e dans les 3 jours environ.<\/p>\n<p><strong>Description :<\/strong><br \/>\nLe miellat, contrairement au miel de fleurs, est obtenu \u00e0 partir des s\u00e9cr\u00e9tions d'insectes qui sucent les plantes, comme les pucerons. Le miellat est une source de nourriture appr\u00e9ci\u00e9e par de nombreux insectes tels que les fourmis, les abeilles et les bourdons. Les abeilles et les bourdons le l\u00e8chent sur les feuilles ou les aiguilles de divers arbres. Les fourmis comme Lasius niger gardent litt\u00e9ralement les pucerons. Elles les d\u00e9fendent m\u00eame contre les pr\u00e9dateurs et les transportent jusqu'aux nouvelles pousses.<\/p>\n<p>Le miellat est particuli\u00e8rement appr\u00e9ci\u00e9 des fourmis en raison de ses composants quelque peu diff\u00e9rents. Les principaux sucres du miellat sont le saccharose et le fructose, mais on y trouve aussi, en plus petites quantit\u00e9s, du maltose, du tr\u00e9halose, du m\u00e9l\u00e9zitose, du raffinose et d'autres oligosaccharides. Outre le sucre et l'eau, la miell\u00e9e contient \u00e9galement des acides amin\u00e9s essentiels, des min\u00e9raux, des oligo-\u00e9l\u00e9ments, des ad\u00e9nosines, des phosphates et d'autres ingr\u00e9dients tels que des vitamines.<\/p>\n<p><strong>Utilisez :<\/strong><br \/>\nPour les esp\u00e8ces de fourmis mangeuses de miel (Meliphagidae)<br \/>\nIl s'agit d'un aliment compl\u00e9mentaire<br \/>\nIl peut \u00eatre propos\u00e9 aux animaux tel quel. Comme la concentration en sucre est r\u00e9duite par l'humidit\u00e9 et qu'un processus de fermentation commence, la nourriture doit \u00eatre remplac\u00e9e tous les 3 jours. Nettoyer soigneusement le bol\/tube d'alimentation avant de le r\u00e9utiliser.<br \/>\nUne fois ouvert, l'emballage doit \u00eatre conserv\u00e9 herm\u00e9tiquement ferm\u00e9 jusqu'\u00e0 la date de p\u00e9remption.<\/p>\n<p><strong>Informations nutritionnelles pour 100 g :<\/strong><br \/>\nenviron 2,7 graisses %<br \/>\ndont environ 0,45 % satur\u00e9<br \/>\nenviron 95 % de glucides<br \/>\ndont environ 71 % de sucre<br \/>\nenviron 2,85% de prot\u00e9ines<br \/>\nMin\u00e9raux (potassium, calcium, cuivre, fer, sodium, magn\u00e9sium, phosphore, zinc et autres oligo-\u00e9l\u00e9ments) Acides amin\u00e9s (proline, leucine, ph\u00e9nylalanine, alanine, histidine, isoleucine, acide glutamique, arginine, acide aspartique, etc.) Acides organiques Enzymes (ferments) Ar\u00f4mes Inhibines (substances antibact\u00e9riennes) Fleurs Pollen<\/p>\n<p><strong>Stockage :<\/strong><br \/>\nPour garantir la qualit\u00e9 des aliments, ceux-ci doivent \u00eatre stock\u00e9s dans un endroit sombre et sec.<\/p>\n<p><strong>Note :<\/strong><br \/>\nDes informations sur l'utilisation des tubes d'alimentation sont disponibles ici : Lien<br \/>\nAlimentation compl\u00e9mentaire pour les fourmis mangeuses de miel.<br \/>\nVeuillez consulter la notice pour conna\u00eetre la composition, les ingr\u00e9dients analytiques, la date de p\u00e9remption et le num\u00e9ro de lot.<\/p>\n<p>Num\u00e9ro d'information +49 30 439703870<\/p>\n<p>Inspections v\u00e9t\u00e9rinaires et alimentaires responsables :<br \/>\nCabinet v\u00e9t\u00e9rinaire Steglitz<br \/>\nK\u00f6nigin-Luise-Str. 92<br \/>\n14195 Berlin<\/p>\n<p><strong>Note sur les grillons blanchis :<\/strong><br \/>\nNos grillons blanchis sont un moyen facile de fournir \u00e0 vos fourmis une nourriture prot\u00e9in\u00e9e fra\u00eechement conserv\u00e9e sans avoir \u00e0 nourrir les insectes vivants. Les grillons contenus (Acheta domesticus) ont \u00e9t\u00e9 d\u00e9licatement blanchis pour garantir que les valeurs nutritionnelles, le go\u00fbt et l'ar\u00f4me soient conserv\u00e9s. En outre, la carapace chitineuse des insectes est ramollie de mani\u00e8re \u00e0 ce qu'elle puisse \u00eatre dig\u00e9r\u00e9e plus facilement. Les liaisons des prot\u00e9ines de collag\u00e8ne sont bris\u00e9es afin que les fourmis puissent mieux les utiliser. Les Acheta domesticus en conserve ont la m\u00eame valeur nutritionnelle que les grillons vivants, mais sont plus faciles \u00e0 dig\u00e9rer.<\/p>\n<p>Les grillons blanchis ne conviennent pas pour chasser les esp\u00e8ces de fourmis qui ont besoin de nourriture vivante (par exemple les pon\u00e9rines (grandes fourmis) telles que Harpegnathos ou Odontomachus).<\/p>\n<p><strong>Autres avantages :<\/strong><br \/>\nGaranti sans acariens<br \/>\nPeut \u00eatre portionn\u00e9<br \/>\nSt\u00e9rilis\u00e9 et mis sous vide<br \/>\nSans additifs<br \/>\nGrillons issus d'un \u00e9levage durable et purement biologique, nourris avec des d\u00e9chets organiques<\/p>\n<p><strong>A noter :<\/strong><br \/>\nSe conserve au r\u00e9frig\u00e9rateur pendant environ quatre jours apr\u00e8s ouverture. La dur\u00e9e de conservation est plus longue si le produit est congel\u00e9.<\/p>","protected":false},"excerpt":{"rendered":"<p>L'ensemble est compos\u00e9 de 34 pi\u00e8ces<\/p>\n<p>Taille : <span style=\"color: #0000ff;\"><strong>L<\/strong><\/span><\/p>","protected":false},"featured_media":7132,"comment_status":"open","ping_status":"closed","template":"","meta":{"_acf_changed":false,"content-type":"","_monsterinsights_skip_tracking":false,"_monsterinsights_sitenote_active":false,"_monsterinsights_sitenote_note":"","_monsterinsights_sitenote_category":0},"product_brand":[],"product_cat":[355,73,74],"product_tag":[],"class_list":{"0":"post-6561","1":"product","2":"type-product","3":"status-publish","4":"has-post-thumbnail","6":"product_cat-bundle-offers","7":"product_cat-starter-sets","8":"product_cat-starter-sets-habitat","10":"first","11":"instock","12":"taxable","13":"shipping-taxable","14":"purchasable","15":"product-type-simple"},"acf":[],"aioseo_notices":[],"jetpack_sharing_enabled":true,"_links":{"self":[{"href":"https:\/\/antcube.shop\/fr\/wp-json\/wp\/v2\/product\/6561","targetHints":{"allow":["GET"]}}],"collection":[{"href":"https:\/\/antcube.shop\/fr\/wp-json\/wp\/v2\/product"}],"about":[{"href":"https:\/\/antcube.shop\/fr\/wp-json\/wp\/v2\/types\/product"}],"replies":[{"embeddable":true,"href":"https:\/\/antcube.shop\/fr\/wp-json\/wp\/v2\/comments?post=6561"}],"wp:featuredmedia":[{"embeddable":true,"href":"https:\/\/antcube.shop\/fr\/wp-json\/wp\/v2\/media\/7132"}],"wp:attachment":[{"href":"https:\/\/antcube.shop\/fr\/wp-json\/wp\/v2\/media?parent=6561"}],"wp:term":[{"taxonomy":"product_brand","embeddable":true,"href":"https:\/\/antcube.shop\/fr\/wp-json\/wp\/v2\/product_brand?post=6561"},{"taxonomy":"product_cat","embeddable":true,"href":"https:\/\/antcube.shop\/fr\/wp-json\/wp\/v2\/product_cat?post=6561"},{"taxonomy":"product_tag","embeddable":true,"href":"https:\/\/antcube.shop\/fr\/wp-json\/wp\/v2\/product_tag?post=6561"}],"curies":[{"name":"wp","href":"https:\/\/api.w.org\/{rel}","templated":true}]}}