{"id":6558,"date":"2023-12-04T11:33:16","date_gmt":"2023-12-04T10:33:16","guid":{"rendered":"https:\/\/antcube.shop\/product\/heizmatte-13x28cm-7w\/"},"modified":"2026-04-05T17:10:11","modified_gmt":"2026-04-05T15:10:11","slug":"tapis-chauffant-13x28cm-7w","status":"publish","type":"product","link":"https:\/\/antcube.shop\/fr\/produit\/tapis-chauffant-13x28cm-7w\/","title":{"rendered":"Tapis chauffant 13x28cm - 7W"},"content":{"rendered":"<p><strong>Dimensions :<\/strong> 13 x 28 cm<\/p>\n<p><strong>Puissance :<\/strong> 7 watts<\/p>\n<p><strong>Temp\u00e9rature de surface :<\/strong> 28-32 \u00b0C<\/p>\n<p><strong>Description :<\/strong> Tapis chauffant pour le formarium - particuli\u00e8rement adapt\u00e9 aux esp\u00e8ces des pays chauds. Les tapis chauffants \u00e9mettent une chaleur radiante infrarouge, semblable \u00e0 celle des chauffages radiants en c\u00e9ramique. Les rayons chauffent les objets et les animaux sans augmenter sensiblement la temp\u00e9rature de l'air. Elles sont donc id\u00e9ales pour cr\u00e9er des lieux de \"bronzage\". Le gradient de temp\u00e9rature n\u00e9cessaire dans le formarium peut ainsi \u00eatre mieux atteint et contr\u00f4l\u00e9. Ces tapis chauffants sont autocollants et peuvent donc \u00eatre facilement fix\u00e9s au formarium.<\/p>\n<p><strong>Note :<\/strong> Ne jamais placer d'\u00e9l\u00e9ments chauffants directement sous un formicarium, il faut toujours veiller \u00e0 ce que la chaleur puisse \u00eatre dissip\u00e9e afin d'\u00e9viter toute accumulation de chaleur ou tout dommage au formicarium.<\/p>","protected":false},"excerpt":{"rendered":"<p><strong>Dimensions :<\/strong> 13 x 28 cm \/ Prise Euro pour 230 volts<\/p>","protected":false},"featured_media":6619,"comment_status":"open","ping_status":"closed","template":"","meta":{"_acf_changed":false,"content-type":"","_monsterinsights_skip_tracking":false,"_monsterinsights_sitenote_active":false,"_monsterinsights_sitenote_note":"","_monsterinsights_sitenote_category":0},"product_brand":[],"product_cat":[359,119],"product_tag":[],"class_list":{"0":"post-6558","1":"product","2":"type-product","3":"status-publish","4":"has-post-thumbnail","6":"product_cat-light-heat-humidity","7":"product_cat-formicarium-components","9":"first","10":"instock","11":"taxable","12":"shipping-taxable","13":"purchasable","14":"product-type-simple"},"acf":[],"aioseo_notices":[],"jetpack_sharing_enabled":true,"_links":{"self":[{"href":"https:\/\/antcube.shop\/fr\/wp-json\/wp\/v2\/product\/6558","targetHints":{"allow":["GET"]}}],"collection":[{"href":"https:\/\/antcube.shop\/fr\/wp-json\/wp\/v2\/product"}],"about":[{"href":"https:\/\/antcube.shop\/fr\/wp-json\/wp\/v2\/types\/product"}],"replies":[{"embeddable":true,"href":"https:\/\/antcube.shop\/fr\/wp-json\/wp\/v2\/comments?post=6558"}],"wp:featuredmedia":[{"embeddable":true,"href":"https:\/\/antcube.shop\/fr\/wp-json\/wp\/v2\/media\/6619"}],"wp:attachment":[{"href":"https:\/\/antcube.shop\/fr\/wp-json\/wp\/v2\/media?parent=6558"}],"wp:term":[{"taxonomy":"product_brand","embeddable":true,"href":"https:\/\/antcube.shop\/fr\/wp-json\/wp\/v2\/product_brand?post=6558"},{"taxonomy":"product_cat","embeddable":true,"href":"https:\/\/antcube.shop\/fr\/wp-json\/wp\/v2\/product_cat?post=6558"},{"taxonomy":"product_tag","embeddable":true,"href":"https:\/\/antcube.shop\/fr\/wp-json\/wp\/v2\/product_tag?post=6558"}],"curies":[{"name":"wp","href":"https:\/\/api.w.org\/{rel}","templated":true}]}}