{"id":6555,"date":"2023-12-04T11:27:26","date_gmt":"2023-12-04T10:27:26","guid":{"rendered":"https:\/\/antcube.shop\/product\/ameisenarena-lampenfassung-e27\/"},"modified":"2026-03-31T09:51:44","modified_gmt":"2026-03-31T07:51:44","slug":"ant-arena-lamp-socket-e27","status":"publish","type":"product","link":"https:\/\/antcube.shop\/fr\/produit\/ant-arena-lamp-socket-e27\/","title":{"rendered":"Ant Arena - Douille de lampe - E27"},"content":{"rendered":"<p><strong>Contenu :<\/strong><br \/>\n- Support de lampe E27 en plastique avec c\u00e2ble d'alimentation et interrupteur<br \/>\n- anneau acrylique transparent pour fixation dans des trous de 50 mm<\/p>\n<p><strong>Mat\u00e9riau :<\/strong> douille (plastique) ; support (plastique) ; c\u00e2ble (cuivre avec gaine en plastique) ; anneau en PMMA (pour fixation dans des trous de 50 mm)<\/p>\n<p><strong>Couleur :<\/strong> gris clair<\/p>\n<p><strong>Sp\u00e9cifications techniques :<\/strong><br \/>\nDimensions de la prise : 4,5\u00d74,5\u00d76 cm<br \/>\nLongueur du c\u00e2ble : 3,5 m<br \/>\nPuissance : max 60W<br \/>\nDouille : E27<\/p>\n<p><strong>ATTENTION : <\/strong>Lorsqu'il est utilis\u00e9 avec nos couvertures hybrides et les cadres Arena de 5 cm de large, ce porte-lampe n'est pas adapt\u00e9. Pour une couverture hybride, vous aurez besoin d'un cadre de 3 cm de large.<\/p>\n<p><strong>Description :<\/strong><br \/>\nPour \u00e9clairer une fourmili\u00e8re, cette prise peut \u00eatre branch\u00e9e directement sur le couvercle de la fourmili\u00e8re.<\/p>\n<p>&nbsp;<\/p>","protected":false},"excerpt":{"rendered":"<p>Contenu : - douille en plastique E27 avec c\u00e2ble d'alimentation et interrupteur - anneau en acrylique transparent pour la fixation dans des trous de 50 mm Mat\u00e9riau : douille (plastique) ; douille (plastique) ; c\u00e2ble (cuivre avec gaine en plastique) ; anneau en PMMA (pour la fixation dans des trous de 50 mm) Couleur : gris clair Caract\u00e9ristiques techniques : Dimensions de la prise : 4.5\u00d74.5\u00d76 cm Longueur du c\u00e2ble : 3.5 m Puissance : max 60W [...]","protected":false},"featured_media":7574,"comment_status":"open","ping_status":"closed","template":"","meta":{"_acf_changed":false,"content-type":"","_monsterinsights_skip_tracking":false,"_monsterinsights_sitenote_active":false,"_monsterinsights_sitenote_note":"","_monsterinsights_sitenote_category":0},"product_brand":[],"product_cat":[359,119],"product_tag":[],"class_list":{"0":"post-6555","1":"product","2":"type-product","3":"status-publish","4":"has-post-thumbnail","6":"product_cat-light-heat-humidity","7":"product_cat-formicarium-components","9":"first","10":"instock","11":"taxable","12":"shipping-taxable","13":"purchasable","14":"product-type-simple"},"acf":[],"aioseo_notices":[],"jetpack_sharing_enabled":true,"_links":{"self":[{"href":"https:\/\/antcube.shop\/fr\/wp-json\/wp\/v2\/product\/6555","targetHints":{"allow":["GET"]}}],"collection":[{"href":"https:\/\/antcube.shop\/fr\/wp-json\/wp\/v2\/product"}],"about":[{"href":"https:\/\/antcube.shop\/fr\/wp-json\/wp\/v2\/types\/product"}],"replies":[{"embeddable":true,"href":"https:\/\/antcube.shop\/fr\/wp-json\/wp\/v2\/comments?post=6555"}],"wp:featuredmedia":[{"embeddable":true,"href":"https:\/\/antcube.shop\/fr\/wp-json\/wp\/v2\/media\/7574"}],"wp:attachment":[{"href":"https:\/\/antcube.shop\/fr\/wp-json\/wp\/v2\/media?parent=6555"}],"wp:term":[{"taxonomy":"product_brand","embeddable":true,"href":"https:\/\/antcube.shop\/fr\/wp-json\/wp\/v2\/product_brand?post=6555"},{"taxonomy":"product_cat","embeddable":true,"href":"https:\/\/antcube.shop\/fr\/wp-json\/wp\/v2\/product_cat?post=6555"},{"taxonomy":"product_tag","embeddable":true,"href":"https:\/\/antcube.shop\/fr\/wp-json\/wp\/v2\/product_tag?post=6555"}],"curies":[{"name":"wp","href":"https:\/\/api.w.org\/{rel}","templated":true}]}}