{"id":6377,"date":"2023-10-06T18:09:26","date_gmt":"2023-10-06T16:09:26","guid":{"rendered":"https:\/\/antcube.shop\/product\/bundle-offer-polyrhachis-dives\/"},"modified":"2026-05-05T11:19:46","modified_gmt":"2026-05-05T09:19:46","slug":"offre-groupee-polyrhachis-dives","status":"publish","type":"product","link":"https:\/\/antcube.shop\/fr\/produit\/offre-groupee-polyrhachis-dives\/","title":{"rendered":"Offre group\u00e9e - Plong\u00e9es de Polyrhachis"},"content":{"rendered":"<p dir=\"ltr\"><span data-text-color=\"alert\"><strong><span data-text-color=\"secondary\">Offre group\u00e9e comprenant une colonie de fourmis dives Polyrhachis (reine avec 26-50 ouvri\u00e8res + couvain), un kit de d\u00e9marrage pour fourmis tisserandes avec 1x base de formicarium, 1x arbuste ornemental et 1x boule de nidification comme site de nidification et 1x plateforme magn\u00e9tique pour faciliter l'alimentation.<\/span><br \/>\n<\/strong><\/span><\/p>\n<p><span data-text-color=\"alert\"><strong>Dans la limite des stocks disponibles.<\/strong><\/span><\/p>\n<p><strong>Tout ce dont vous avez besoin pour une colonie de fourmis Polyrhachis dives<\/strong><br \/>\nCe paquet contient tout ce dont vous avez besoin pour r\u00e9ussir les premiers mois d'une colonie de Polyrhachis dives. Il est extensible \u00e0 souhait et convient parfaitement aux d\u00e9butants en mati\u00e8re d'\u00e9levage de fourmis.<\/p>\n<p><strong>La fourmi Polyrhachis plonge :<\/strong><br \/>\nPolyrhachis dives est originaire d'Asie et d'Australie et a une aire de distribution l\u00e9g\u00e8rement plus \u00e9tendue. La caract\u00e9ristique de cette esp\u00e8ce est la coloration argent\u00e9e \u00e0 dor\u00e9e sur le corps brun noir des animaux. Ils sont un peu plus petits que l'Oecophylla, vivent souvent pr\u00e8s du sol et construisent volontiers leurs nids sur des pierres ou des \u00e9corces d'arbres. Elles utilisent leurs larves pour filer le nid, mais d'un point de vue scientifique, elles n'appartiennent pas aux \"vraies fourmis tisserandes\" comme les Oecophylla, bien qu'elles utilisent pratiquement la m\u00eame technique de tissage. Les esp\u00e8ces du genre Polyrhachis ont parfois des colonies assez petites de quelques milliers d'individus au maximum. Selon certains rapports, les Polyrhachis dives peuvent m\u00eame former des colonies de plusieurs centaines de reines et jusqu'\u00e0 plusieurs centaines de milliers d'ouvri\u00e8res dans des conditions id\u00e9ales. Ce n'est toutefois pas le cas lorsqu'ils sont gard\u00e9s \u00e0 la maison.<\/p>\n<p>Polyrhachis dives est polygyne, ce qui signifie qu'il peut avoir plusieurs reines en m\u00eame temps. Cela signifie que la taille de la colonie peut augmenter tr\u00e8s rapidement et qu'elle a besoin de beaucoup de nourriture et d'espace. Le formicarium doit donc \u00eatre extensible. En raison de la taille de leur colonie, elles sont tr\u00e8s agiles et sont de v\u00e9ritables sp\u00e9cialistes de la fuite. Il faut donc veiller \u00e0 leur assurer une bonne protection contre les fuites.<\/p>\n<p><strong>Nid pour Polyrhachis dives<\/strong><br \/>\nDans le formicarium, les Polyrhachis dives acceptent presque tous les mat\u00e9riaux de construction que vous leur offrez. Du sable, de la liti\u00e8re de petits animaux, des feuilles, du li\u00e8ge, des morceaux de bois ou des petits cailloux, ils int\u00e8grent dans leurs nids tout ce que leur offre la nature environnante. Depuis de nombreuses ann\u00e9es, nous \u00e9levons nos colonies de Polyrhachis avec ce que l'on appelle des boules de nidification. Dans ce set, nous avons \u00e9galement inclus un arbuste ornemental afin que la boule de nidification puisse \u00eatre plac\u00e9e un peu au-dessus du sol, comme c'est habituellement le cas dans la nature.<\/p>\n<p><strong>Nourriture pour les plongeurs Polyrhachis<\/strong><br \/>\nComme nourriture, nous avons inclus dans ce set nos grillons entiers blanchis et du miellat. Les deux sont tr\u00e8s bien accept\u00e9s par les Polyrhachis dives et favorisent un d\u00e9veloppement naturel et positif de la colonie gr\u00e2ce aux nutriments qu'ils contiennent.<\/p>\n<p><strong>Les conditions climatiques optimales pour les plong\u00e9es de Polyrhachis sont les suivantes :<\/strong><br \/>\nHumidit\u00e9 :<br \/>\nAr\u00e8ne : 50 - 70% Zone de nidification : 60 - 80%<br \/>\nTemp\u00e9rature :<br \/>\nAr\u00e9na : Pendant la journ\u00e9e : 28 - 30\u00b0C Pendant la nuit : 24 - 28\u00b0C Zone de nidification : 28- 30\u00b0C<\/p>\n<p><strong>Contenu :<\/strong><\/p>\n<p>1x Polyrhachis dives (2 queens + 26-50 workers + brood)<br \/>\n1x boule de nid naturel 10 cm - grossi\u00e8re<br \/>\n1x ANTCUBE plateforme d'angle 8\u00d78 - aimant<br \/>\n1x Buisson d\u00e9sertique d\u00e9coratif 30x15cm - brun fonc\u00e9<br \/>\n1x recharge de m\u00e9lange de melon d'eau 10ml<br \/>\n1x Confiture de grillons 25g<br \/>\n1x Base de formicarium 20\u00d720<\/p>\n<p>1x ANTCUBE - Ar\u00e8ne 20x20x40 - Haut<br \/>\n1x cadre d'ar\u00e8ne de fourmis 20\u00d720<br \/>\n1x couverture de fourmili\u00e8re 20\u00d720<br \/>\n4x point de fixation pour la couverture de l'ar\u00e8ne<\/p>\n<p>1x substrat - rainforest - 1 kg<br \/>\n1x mur de fond photo - for\u00eat tropicale - 20\u00d740 - haut<br \/>\n1x flacon pulv\u00e9risateur Sprayer 0.5 litre - buse en laiton<\/p>\n<p>2x Grid insert acrylic &#8211; 50 mm with sealing ring<br \/>\n2x Grid insert acrylic &#8211; 27 mm with sealing ring<\/p>\n<p>1x pince \u00e0 \u00e9piler en acier \u00e0 ressort large - souple<br \/>\n1x pince \u00e0 \u00e9piler en plastique standard<br \/>\n1x Pipette en plastique 3ml<br \/>\n1x Huile de protection contre les fourmis 10ml<br \/>\n1x drinking clear 5ml &#8211; sponge<br \/>\n1x Feeding dish white rectangle &#8211; 3 compartments<br \/>\n1x Drinking trough 2ml &#8211; 360 Degrees<br \/>\n1x Loupe de poche - 2x - 30mm<br \/>\n1x racleur en mousse 150x18x2,5mm<\/p>\n<p>&nbsp;<\/p>\n<p><strong>Description Ensemble de d\u00e9part de fourmis tisserandes :<\/strong><br \/>\nCe kit de d\u00e9marrage extensible pour diverses esp\u00e8ces de fourmis tisserandes telles que Polyrhachis spec. ou Oecophylla spec. comprend non seulement le formicarium adapt\u00e9 de mani\u00e8re optimale, mais aussi les accessoires appropri\u00e9s pour l'\u00e9levage de ces esp\u00e8ces de fourmis. Convient pour des colonies allant jusqu'\u00e0 environ 500-1000 animaux. Pour les colonies plus importantes, nous recommandons un formicarium de 30x30x60 cm. L'abreuvoir \"clair 20ml - \u00e9ponge\" est destin\u00e9 \u00e0 l'eau, l'abreuvoir \"2ml - 360 degr\u00e9s\" au m\u00e9lange de miellat.<\/p>\n<p><strong>Important :<\/strong> Veuillez humidifier le substrat avant de l'utiliser afin que le m\u00e9lange puisse se lier et se d\u00e9velopper fermement dans la fourmili\u00e8re. En outre, un substrat sec et poussi\u00e9reux peut entra\u00eener l'obstruction des voies respiratoires des fourmis et, dans le pire des cas, la suffocation des animaux.<\/p>\n<p><strong>Notes sur la production<\/strong><br \/>\nLe verre est d\u00e9coup\u00e9 conform\u00e9ment \u00e0 la norme DIN 1249 avec une tol\u00e9rance de +\/- 1 mm. Une protection suppl\u00e9mentaire est indispensable pour les esp\u00e8ces de fourmis de tr\u00e8s petite taille.<\/p>\n<p><strong>Note sur les grillons blanchis :<\/strong><br \/>\nNos grillons blanchis sont un moyen facile de fournir \u00e0 vos fourmis une nourriture prot\u00e9in\u00e9e fra\u00eechement conserv\u00e9e sans avoir \u00e0 nourrir les insectes vivants. Les grillons contenus (Acheta domesticus) ont \u00e9t\u00e9 d\u00e9licatement blanchis pour garantir que les valeurs nutritionnelles, le go\u00fbt et l'ar\u00f4me soient conserv\u00e9s. En outre, la carapace chitineuse des insectes est ramollie de mani\u00e8re \u00e0 ce qu'elle puisse \u00eatre dig\u00e9r\u00e9e plus facilement. Les liaisons des prot\u00e9ines de collag\u00e8ne sont bris\u00e9es afin que les fourmis puissent mieux les utiliser. Les Acheta domesticus en conserve ont la m\u00eame valeur nutritionnelle que les grillons vivants, mais sont plus faciles \u00e0 dig\u00e9rer.<\/p>\n<p>Les grillons blanchis ne conviennent pas pour chasser les esp\u00e8ces de fourmis qui ont besoin de nourriture vivante (par exemple les pon\u00e9rines (grandes fourmis) telles que Harpegnathos ou Odontomachus).<\/p>\n<p>Autres avantages :<br \/>\nGaranti sans acariens<br \/>\nPeut \u00eatre portionn\u00e9<br \/>\nSt\u00e9rilis\u00e9 et mis sous vide<br \/>\nSans additifs<br \/>\nGrillons issus d'un \u00e9levage durable et purement biologique, nourris avec des d\u00e9chets organiques<\/p>\n<p><strong>A noter :<\/strong><br \/>\nSe conserve au r\u00e9frig\u00e9rateur pendant environ quatre jours apr\u00e8s ouverture. La dur\u00e9e de conservation est plus longue si le produit est congel\u00e9.<\/p>\n<p><strong>Note sur le miellat :<\/strong><br \/>\nContenu : 10 ml<br \/>\nIl s'agit d'un produit naturel, que nous avons affin\u00e9 apr\u00e8s de nombreux tests dans notre laboratoire et d\u00e9velopp\u00e9 en un aliment tr\u00e8s bien accept\u00e9 par les fourmis. La raison en est que le miel de miellat non transform\u00e9 sous sa forme originale concentr\u00e9e n'est pas bien accept\u00e9 par les fourmis et leur m\u00e9tabolisme.<br \/>\nNotre miellat a \u00e9t\u00e9 r\u00e9colt\u00e9 dans les for\u00eats de montagne sauvages et non pollu\u00e9es de Bulgarie. Le miellat n'est produit que pendant une p\u00e9riode tr\u00e8s limit\u00e9e, environ deux mois en \u00e9t\u00e9. Il est donc tr\u00e8s rare. En raison des caract\u00e9ristiques sp\u00e9cifiques du sol des for\u00eats et du climat, des nutriments essentiels sont stock\u00e9s dans les feuilles des arbres et sont absorb\u00e9s par les pucerons. C'est ce qui rend ce m\u00e9lange de miellat si d\u00e9sirable pour les fourmis.<\/p>\n<p><strong>Application :<\/strong><br \/>\nLa quantit\u00e9 de nourriture doit \u00eatre consomm\u00e9e dans les 3 jours environ.<\/p>\n<p><strong>Description :<\/strong><br \/>\nLe miellat, contrairement au miel de fleurs, est obtenu \u00e0 partir des s\u00e9cr\u00e9tions d'insectes qui sucent les plantes, comme les pucerons. Le miellat est une source de nourriture appr\u00e9ci\u00e9e par de nombreux insectes tels que les fourmis, les abeilles et les bourdons. Les abeilles et les bourdons le l\u00e8chent sur les feuilles ou les aiguilles de divers arbres. Les fourmis comme Lasius niger gardent litt\u00e9ralement les pucerons. Elles les d\u00e9fendent m\u00eame contre les pr\u00e9dateurs et les transportent jusqu'aux nouvelles pousses.<\/p>\n<p>Le miellat est particuli\u00e8rement appr\u00e9ci\u00e9 des fourmis en raison de ses composants quelque peu diff\u00e9rents. Les principaux sucres du miellat sont le saccharose et le fructose, mais on y trouve aussi, en plus petites quantit\u00e9s, du maltose, du tr\u00e9halose, du m\u00e9l\u00e9zitose, du raffinose et d'autres oligosaccharides. Outre le sucre et l'eau, la miell\u00e9e contient \u00e9galement des acides amin\u00e9s essentiels, des min\u00e9raux, des oligo-\u00e9l\u00e9ments, des ad\u00e9nosines, des phosphates et d'autres ingr\u00e9dients tels que des vitamines.<\/p>\n<p><strong>Utilisez :<\/strong><br \/>\nPour les esp\u00e8ces de fourmis mangeuses de miel (Meliphagidae)<br \/>\nIl s'agit d'un aliment compl\u00e9mentaire<br \/>\nIl peut \u00eatre propos\u00e9 aux animaux tel quel. Comme la concentration en sucre est r\u00e9duite par l'humidit\u00e9 et qu'un processus de fermentation commence, la nourriture doit \u00eatre remplac\u00e9e tous les 3 jours. Nettoyer soigneusement le bol\/tube d'alimentation avant de le r\u00e9utiliser.<br \/>\nUne fois ouvert, l'emballage doit \u00eatre conserv\u00e9 herm\u00e9tiquement ferm\u00e9 jusqu'\u00e0 la date de p\u00e9remption.<br \/>\nInformations nutritionnelles pour 100 g :<br \/>\nenviron 2,7 graisses %<br \/>\ndont environ 0,45 % satur\u00e9<br \/>\nenviron 95 % de glucides<br \/>\ndont environ 71 % de sucre<br \/>\nenviron 2,85% de prot\u00e9ines<\/p>\n<p>Min\u00e9raux (potassium, calcium, cuivre, fer, sodium, magn\u00e9sium, phosphore, zinc et autres oligo-\u00e9l\u00e9ments) Acides amin\u00e9s (proline, leucine, ph\u00e9nylalanine, alanine, histidine, isoleucine, acide glutamique, arginine, acide aspartique, etc.) Acides organiques Enzymes (ferments) Ar\u00f4mes Inhibines (substances antibact\u00e9riennes) Fleurs Pollen<\/p>\n<p><strong>Stockage :<\/strong><br \/>\nPour garantir la qualit\u00e9 des aliments, ceux-ci doivent \u00eatre stock\u00e9s dans un endroit sombre et sec.<\/p>\n<p><strong>Note :<\/strong><br \/>\nDes informations sur l'utilisation des tubes d'alimentation sont disponibles ici : Lien<br \/>\nAlimentation compl\u00e9mentaire pour les fourmis mangeuses de miel.<br \/>\nVeuillez consulter la notice pour conna\u00eetre la composition, les ingr\u00e9dients analytiques, la date de p\u00e9remption et le num\u00e9ro de lot.<\/p>\n<p>Num\u00e9ro d'information +49 30 439703870<\/p>\n<p>Inspections v\u00e9t\u00e9rinaires et alimentaires responsables :<br \/>\nCabinet v\u00e9t\u00e9rinaire Steglitz<br \/>\nK\u00f6nigin-Luise-Str. 92<br \/>\n14195 Berlin<\/p>\n<p><strong>Description Arbuste ornemental<\/strong><\/p>\n<p>Taille \/ hauteur 17 cm \u00e0 19 cm, diam\u00e8tre ~ 10 cm -12 cm, id\u00e9al pour les ar\u00e8nes 30x30x30 cm et plus.<br \/>\nLe poids varie entre 50 et 80 grammes<\/p>\n<p>Objet d\u00e9coratif compos\u00e9 d'un arbuste en bois s\u00e9ch\u00e9 naturellement et d'une base en r\u00e9sine synth\u00e9tique (socle).<br \/>\nCet arbuste ornemental a \u00e9t\u00e9 fabriqu\u00e9 \u00e0 la main en Allemagne et se caract\u00e9rise donc par sa durabilit\u00e9.<\/p>\n<p><strong>ATTENTION :<\/strong> Ne pas placer dans un formica tr\u00e8s humide (plus de 60% d'humidit\u00e9). Le buisson pourrait commencer \u00e0 moisir. Avec une tr\u00e8s bonne ventilation, le buisson peut \u00e9galement \u00eatre plac\u00e9 dans des formicariums plus humides.<\/p>\n<p>Certains arbustes ornementaux ne tiennent pas debout tout seuls dans le formarium en raison de leur hauteur. Dans ce cas, il est utile de recouvrir l\u00e9g\u00e8rement la base avec du substrat ou de placer le produit pr\u00e8s des vitres ext\u00e9rieures.<\/p>\n<p><span data-text-color=\"alert\"><strong>NOTE IMPORTANTE SUR L'ARTICLE :<\/strong><\/span><br \/>\nComme il s'agit d'un produit naturel \/ d'une pi\u00e8ce unique, les illustrations ne sont pas tout \u00e0 fait identiques \u00e0 l'article que vous recevrez. Il peut y avoir des diff\u00e9rences dans la taille, la forme et la couleur du mini-arbre et de la plaque de base en ardoise. Nous ne garantissons que la hauteur maximale de l'article.<\/p>\n<p>En commandant cet article, vous acceptez et consentez \u00e0 ce que les dimensions, la forme et la couleur du produit puissent varier au moment de l'achat.<\/p>","protected":false},"excerpt":{"rendered":"<p>L'ensemble est compos\u00e9 de 31 pi\u00e8ces.<br \/>\nTaille : <strong>XL<\/strong><\/p>","protected":false},"featured_media":7116,"comment_status":"open","ping_status":"closed","template":"","meta":{"_acf_changed":false,"content-type":"","_monsterinsights_skip_tracking":false,"_monsterinsights_sitenote_active":false,"_monsterinsights_sitenote_note":"","_monsterinsights_sitenote_category":0},"product_brand":[],"product_cat":[355,354,73],"product_tag":[],"class_list":{"0":"post-6377","1":"product","2":"type-product","3":"status-publish","4":"has-post-thumbnail","6":"product_cat-bundle-offers","7":"product_cat-starter-sets-for-weaver-ants","8":"product_cat-starter-sets","10":"first","11":"outofstock","12":"taxable","13":"shipping-taxable","14":"purchasable","15":"product-type-simple"},"acf":[],"aioseo_notices":[],"jetpack_sharing_enabled":true,"_links":{"self":[{"href":"https:\/\/antcube.shop\/fr\/wp-json\/wp\/v2\/product\/6377","targetHints":{"allow":["GET"]}}],"collection":[{"href":"https:\/\/antcube.shop\/fr\/wp-json\/wp\/v2\/product"}],"about":[{"href":"https:\/\/antcube.shop\/fr\/wp-json\/wp\/v2\/types\/product"}],"replies":[{"embeddable":true,"href":"https:\/\/antcube.shop\/fr\/wp-json\/wp\/v2\/comments?post=6377"}],"wp:featuredmedia":[{"embeddable":true,"href":"https:\/\/antcube.shop\/fr\/wp-json\/wp\/v2\/media\/7116"}],"wp:attachment":[{"href":"https:\/\/antcube.shop\/fr\/wp-json\/wp\/v2\/media?parent=6377"}],"wp:term":[{"taxonomy":"product_brand","embeddable":true,"href":"https:\/\/antcube.shop\/fr\/wp-json\/wp\/v2\/product_brand?post=6377"},{"taxonomy":"product_cat","embeddable":true,"href":"https:\/\/antcube.shop\/fr\/wp-json\/wp\/v2\/product_cat?post=6377"},{"taxonomy":"product_tag","embeddable":true,"href":"https:\/\/antcube.shop\/fr\/wp-json\/wp\/v2\/product_tag?post=6377"}],"curies":[{"name":"wp","href":"https:\/\/api.w.org\/{rel}","templated":true}]}}