{"id":5936,"date":"2023-06-24T12:30:54","date_gmt":"2023-06-24T10:30:54","guid":{"rendered":"https:\/\/antcube.shop\/product\/antcube-starter-set-fur-ernteameisen-l-popcorn\/"},"modified":"2026-04-01T09:56:03","modified_gmt":"2026-04-01T07:56:03","slug":"antcube-starter-set-for-harvester-ants-l-popcorn","status":"publish","type":"product","link":"https:\/\/antcube.shop\/fr\/produit\/antcube-starter-set-for-harvester-ants-l-popcorn\/","title":{"rendered":"ANTCUBE Starter Set for Harvester Ants &#8211; L"},"content":{"rendered":"<div class=\"tab-body active\">\n<p><strong>Contenu :<\/strong><br \/>\n1x ANTCUBE - Arena 20x20x10 - plat<br \/>\n1x cadre d'ar\u00e8ne de fourmis 20\u00d720<br \/>\n1x couverture de fourmili\u00e8re 20\u00d720<br \/>\n1x points de fixation pour la couverture de l'ar\u00e8ne 4 pcs.<br \/>\n1x ANTCUBE - Fourmili\u00e8re - L - 20\u00d720 - vertical<\/p>\n<p>2x ANTCUBE - Digfix Terra nidum 20\u00d720 - L - beige<\/p>\n<p>1x tube de 1m transparent 20\/16 mm<br \/>\n2x ANTCUBE - Feuille rouge 20\u00d720 - filtre<br \/>\n2x clips adh\u00e9sifs - transparent 2 pcs.<br \/>\n1x substrat - d\u00e9sert - 1 kg<\/p>\n<p>2x Grid insert acrylic &#8211; 50 mm with sealing ring<br \/>\n1x Grid insert acrylic &#8211; 27 mm with sealing ring<br \/>\n1x Grid cap &#8211; 10mm &#8211; stainless steel<\/p>\n<p>1x drinking clear 5ml &#8211; sponge<br \/>\n1x Feeding dish white rectangle &#8211; 3 compartments<\/p>\n<p>2x Foil thermometer &#8211; farm<br \/>\n1x Foil thermometer display<\/p>\n<p>1x connecteur de tuyau de r\u00e9servoir 27-14,16,20 mm - transparent<br \/>\n1x Huile de protection contre les fourmis 10ml<br \/>\n1x Pince \u00e0 \u00e9piler en acier \u00e0 ressort - large - souple<br \/>\n1x Pince \u00e0 \u00e9piler en plastique transparent<br \/>\n1x Pipette en plastique 3ml<br \/>\n1x loupe \u00e0 main - 2x - 30mm<br \/>\n1x racleur en mousse 150x18x2,5mm<br \/>\n1x dos photo - d\u00e9sert - 20\u00d710<\/p>\n<p><strong>Description :<\/strong><br \/>\nThis starter set is especially suitable for grain-collecting ant species of the genus Messor or Pogonomyrmex. One of these farms is intended for storing grains\/seeds and ant bread. To prevent the stored grains\/seeds from germinating or molding, it should be kept completely dry.<br \/>\nThe second farm is intended as a nest and breeding area for the ant colony. It should always be kept slightly moist.<\/p>\n<p><strong>Description de la plaque Terra nidum :<\/strong> La plaque Terra nidum (nid de terre en latin) en mat\u00e9riau creusable convient parfaitement \u00e0 nos fourmili\u00e8res ANTCUBE. Elle peut \u00eatre utilis\u00e9e aussi bien s\u00e8che qu'humide. Elle convient \u00e9galement \u00e0 de nombreuses esp\u00e8ces de fourmis, en particulier celles qui nichent dans le sable et le bois (mort). Il peut \u00eatre utilis\u00e9 \u00e0 la place des m\u00e9langes de sable et d'argile ou des nids en li\u00e8ge. L'avantage de ce nid est que l'humidification de la plaque est plus facile \u00e0 contr\u00f4ler gr\u00e2ce \u00e0 une d\u00e9coloration clairement visible et que la couleur de la plaque offre un excellent contraste avec les esp\u00e8ces de fourmis g\u00e9n\u00e9ralement plus fonc\u00e9es. De plus, les vitres int\u00e9rieures de la fourmili\u00e8re ne peuvent pas \u00eatre souill\u00e9es par du substrat, comme c'est le cas avec les m\u00e9langes sable\/argile, par exemple, ce qui permet une vue parfaite du nid. Notre mat\u00e9riau de nidification a \u00e9galement une structure beaucoup plus ferme, de sorte que les tunnels et les chambres creus\u00e9s par les fourmis ne s'effondrent pas.<\/p>\n<p><strong>Important : <\/strong>Veuillez humidifier le substrat avant de l'utiliser afin que le m\u00e9lange puisse se lier et se d\u00e9velopper fermement dans la fourmili\u00e8re. En outre, un substrat sec et poussi\u00e9reux peut entra\u00eener l'obstruction des voies respiratoires des fourmis et, dans le pire des cas, la suffocation des animaux.<\/p>\n<p><strong>Recommandation :<\/strong> Nous recommandons une couche de substrat de 2 mm de hauteur, afin que les animaux ne puissent pas creuser dans l'ar\u00e8ne et utilisent plut\u00f4t la ferme pr\u00e9vue \u00e0 cet effet. Nous recommandons \u00e9galement que le mat\u00e9riau de nidification de la ferme (sable\/argile, Digfix, etc.) soit l\u00e9g\u00e8rement piqu\u00e9 \u00e0 un endroit pour que les animaux puissent creuser plus facilement.<\/p>\n<p><strong>Notes sur la production<\/strong><br \/>\nLe verre est coup\u00e9 selon la norme DIN 1249 avec une tol\u00e9rance de +\/- 1 mm. Pour les esp\u00e8ces de fourmis extr\u00eamement petites, une protection suppl\u00e9mentaire contre les fuites est indispensable.<\/p>\n<p><strong>Notes sur la ferme<\/strong><br \/>\nLorsque vous fixez ou retirez des tuyaux, veuillez tenir compte des points suivants :<br \/>\nSi le tuyau est tr\u00e8s difficile \u00e0 placer sur le manchon de raccordement, il faut frotter l\u00e9g\u00e8rement le manchon avec une goutte de notre huile ou de notre poudre anti-\u00e9clatement. Le tuyau doit ensuite \u00eatre pouss\u00e9 sur le manchon par des mouvements de torsion ou de vissage, sans solliciter le manchon par des mouvements de haut en bas. Il en va de m\u00eame lorsque vous retirez les tuyaux du manchon de raccordement \u00e0 la ferme. Ne tirez pas simplement sur le tuyau !<\/p>\n<p><strong>Note sur le Terra nidum :<\/strong> La teinte naturelle peut varier entre le beige \/ sable et le marron clair. La teinte n'a aucune influence sur la qualit\u00e9.<br \/>\nEn raison du processus de fabrication, les dimensions peuvent varier de +\/- 1 mm.<\/p>\n<\/div>","protected":false},"excerpt":{"rendered":"<p>This set consists of 30 parts and is ideal for all grain-collecting ants species.<br \/>\nTaille : <span style=\"color: #0000ff;\"><strong>L<\/strong><\/span><\/p>","protected":false},"featured_media":5926,"comment_status":"open","ping_status":"closed","template":"","meta":{"_acf_changed":false,"content-type":"","_monsterinsights_skip_tracking":false,"_monsterinsights_sitenote_active":false,"_monsterinsights_sitenote_note":"","_monsterinsights_sitenote_category":0},"product_brand":[],"product_cat":[344,353,73,75],"product_tag":[],"class_list":{"0":"post-5936","1":"product","2":"type-product","3":"status-publish","4":"has-post-thumbnail","6":"product_cat-popcorn","7":"product_cat-starter-sets-for-harvester-ants","8":"product_cat-starter-sets","9":"product_cat-starter-sets-digfix","11":"first","12":"instock","13":"taxable","14":"shipping-taxable","15":"purchasable","16":"product-type-simple"},"acf":[],"aioseo_notices":[],"jetpack_sharing_enabled":true,"_links":{"self":[{"href":"https:\/\/antcube.shop\/fr\/wp-json\/wp\/v2\/product\/5936","targetHints":{"allow":["GET"]}}],"collection":[{"href":"https:\/\/antcube.shop\/fr\/wp-json\/wp\/v2\/product"}],"about":[{"href":"https:\/\/antcube.shop\/fr\/wp-json\/wp\/v2\/types\/product"}],"replies":[{"embeddable":true,"href":"https:\/\/antcube.shop\/fr\/wp-json\/wp\/v2\/comments?post=5936"}],"wp:featuredmedia":[{"embeddable":true,"href":"https:\/\/antcube.shop\/fr\/wp-json\/wp\/v2\/media\/5926"}],"wp:attachment":[{"href":"https:\/\/antcube.shop\/fr\/wp-json\/wp\/v2\/media?parent=5936"}],"wp:term":[{"taxonomy":"product_brand","embeddable":true,"href":"https:\/\/antcube.shop\/fr\/wp-json\/wp\/v2\/product_brand?post=5936"},{"taxonomy":"product_cat","embeddable":true,"href":"https:\/\/antcube.shop\/fr\/wp-json\/wp\/v2\/product_cat?post=5936"},{"taxonomy":"product_tag","embeddable":true,"href":"https:\/\/antcube.shop\/fr\/wp-json\/wp\/v2\/product_tag?post=5936"}],"curies":[{"name":"wp","href":"https:\/\/api.w.org\/{rel}","templated":true}]}}