{"id":5935,"date":"2023-06-24T12:30:33","date_gmt":"2023-06-24T10:30:33","guid":{"rendered":"https:\/\/antcube.shop\/product\/bundle-offer-messor-angularis\/"},"modified":"2025-10-19T06:01:04","modified_gmt":"2025-10-19T04:01:04","slug":"offre-groupee-messor-angularis","status":"publish","type":"product","link":"https:\/\/antcube.shop\/fr\/produit\/offre-groupee-messor-angularis\/","title":{"rendered":"Offre group\u00e9e - Messor arenarius"},"content":{"rendered":"<div class=\"tab-body active\">\n<p><span data-text-color=\"secondary\"><strong>Offre group\u00e9e comprenant une colonie de fourmis Messor angularis (reine + couvain), un set de d\u00e9marrage pour fourmis moissonneuses L Popcorn avec 3x Formicarium pads et un pot de nos grillons blanchis sp\u00e9ciaux (Moist Protein).<\/strong><\/span><\/p>\n<p><span data-text-color=\"alert\"><strong>Dans la limite des stocks disponibles.<\/strong><\/span><\/p>\n<p><strong>Tout ce dont vous avez besoin pour r\u00e9ussir \u00e0 \u00e9lever Messor arenarius<\/strong><br \/>\nCe kit contient tout ce dont vous avez besoin pour r\u00e9ussir \u00e0 \u00e9lever une colonie de Messor arenarius pendant les premiers mois. Il peut \u00eatre \u00e9tendu de mani\u00e8re flexible et est id\u00e9al pour d\u00e9buter dans l'\u00e9levage de fourmis.<\/p>\n<p><strong>Les esp\u00e8ces de fourmis : Messor arenarius<\/strong><br \/>\nMessor arenarius, \u00e9galement connue sous le nom de \"fourmi des dunes\", est une tr\u00e8s grande esp\u00e8ce de fourmis granivores par rapport aux autres esp\u00e8ces de Messor et se trouve principalement dans les r\u00e9gions s\u00e8ches et chaudes de l'Afrique du Nord. Les ouvri\u00e8res principales peuvent atteindre une taille \u00e9tonnante de 18 mm. Elle est connue pour son adaptabilit\u00e9 aux habitats secs et appartient aux fourmis moissonneuses, qui sont connues pour leur mode de vie int\u00e9ressant et les structures impressionnantes de leurs nids.<\/p>\n<p>Visuellement, Messor arenarius se distingue par son corps noir brillant et ses fourmis ouvri\u00e8res majeures puissamment construites, qui sont particuli\u00e8rement impressionnantes. En raison de sa nature robuste et de ses conditions de d\u00e9tention simples, c'est une esp\u00e8ce id\u00e9ale pour les d\u00e9butants, mais qui, en raison de sa taille impressionnante, est \u00e9galement int\u00e9ressante pour les \u00e9leveurs de fourmis chevronn\u00e9s.<\/p>\n<p><strong>Nourriture pour Messor arenarius<\/strong><br \/>\nMessor arenarius se nourrit principalement de c\u00e9r\u00e9ales, qu'elle utilise pour fabriquer ce que l'on appelle le \"pain de fourmis\". En outre, la colonie accepte \u00e9galement des fruits sucr\u00e9s, des petits insectes et des aliments prot\u00e9in\u00e9s. La majeure partie des besoins en eau est couverte par les grains, le reste \u00e9tant couvert par les insectes et les liquides propos\u00e9s, comme l'eau de miel.<\/p>\n<p><strong>Les aliments suivants doivent \u00eatre fournis dans le formarium :<\/strong><br \/>\nM\u00e9langes de c\u00e9r\u00e9ales<br \/>\nPetits insectes (p. ex. mouches des fruits)<br \/>\nToujours fournir de l'eau fra\u00eeche<br \/>\nDe l'eau miell\u00e9e si n\u00e9cessaire (note : toujours couvrir les liquides ouverts pour \u00e9viter que les fourmis n'y tombent).<\/p>\n<p><strong>Le bon formicarium pour Messor arenarius<\/strong><br \/>\nComme toutes les fourmis moissonneuses, Messor arenarius a \u00e9galement besoin d'un nid offrant des zones s\u00e8ches et l\u00e9g\u00e8rement humides. La partie humide est destin\u00e9e aux soins du couvain, tandis que la partie s\u00e8che est id\u00e9ale pour stocker les grains afin d'\u00e9viter la formation de moisissures. Notre kit de d\u00e9marrage contient donc deux fourmili\u00e8res (nids), qui suffisent pour les 1 \u00e0 2 premi\u00e8res ann\u00e9es. Ensuite, le formarium doit \u00eatre agrandi pour permettre \u00e0 la colonie de se d\u00e9velopper.<\/p>\n<p><strong>Les conditions climatiques optimales pour Messor arenarius :<\/strong><br \/>\n<strong>Humidit\u00e9 :<\/strong><br \/>\nAr\u00e8ne : 30-50 %<br \/>\nZone de nidification : 50-70 %<\/p>\n<p><strong>Temp\u00e9rature :<\/strong><br \/>\nAr\u00e8ne : 25-30 \u00b0C<br \/>\nZone de nidification : 22-28 \u00b0C<\/p>\n<p><strong>Mat\u00e9riel de nidification pour Messor arenarius<\/strong><br \/>\nDigfix est particuli\u00e8rement adapt\u00e9 \u00e0 l'\u00e9levage de Messor arenarius. Il est r\u00e9sistant \u00e0 l'humidit\u00e9 et permet de voir clairement les structures du nid sans qu'aucun r\u00e9sidu de substrat ne vienne g\u00eaner la vue, comme c'est le cas avec les m\u00e9langes de sable et d'argile.<\/p>\n<p>Comme les ouvri\u00e8res de Major peuvent aussi grignoter des mat\u00e9riaux plus durs comme l'Ytong avec le temps, nous recommandons des nids en verre avec un insert Digfix. Cette combinaison offre non seulement une grande long\u00e9vit\u00e9, mais aussi des conditions optimales pour l'observation et le soin de la colonie.<\/p>\n<p>Avec cette installation, vous cr\u00e9ez une base id\u00e9ale pour l'\u00e9levage de Messor arenarius et vous pouvez observer et prendre soin de ces fourmis fascinantes pendant de nombreuses ann\u00e9es.<\/p>\n<p><strong>Contenu :<\/strong><br \/>\n1x Messor arenarius (reine + 1-4 ouvri\u00e8res + couvain)<br \/>\n1x grillon blanchi 10g<br \/>\n1x nourriture en grain mineure 100g<br \/>\n1x tampon de formicarium - 20x20cm<br \/>\n2x tampon pour formicarium - 20x6cm<\/p>\n<p>1x ANTCUBE - ar\u00e8ne 20x20x10 - plat<br \/>\n1x cadre d'ar\u00e8ne de fourmis 20\u00d720<br \/>\n1x couverture de fourmili\u00e8re 20\u00d720<br \/>\n1x points de fixation pour la couverture de l'ar\u00e8ne 4pcs.<br \/>\n1x ANTCUBE - Fourmili\u00e8re - L - 20\u00d720 - vertical<\/p>\n<p>2x ANTCUBE - Digfix Terra nidum 20\u00d720 - L - beige<br \/>\n1x Popcorn Nest 20\u00d720 - L<br \/>\n1x tube de 1m transparent 20\/16 mm<br \/>\n2x ANTCUBE - Feuille rouge 20\u00d720 - filtre<br \/>\n2x clips adh\u00e9sifs - transparent 2 pcs.<br \/>\n1x substrat - d\u00e9sert - 1 kg<\/p>\n<p>2x grille d'insertion - 50mm - acier inoxydable<br \/>\n1x grille d'insertion - 27mm - acier inoxydable<br \/>\n1x couvercle de grille - 16mm - acier inoxydable<\/p>\n<p>1x connecteur de tuyau de r\u00e9servoir 27-14,16,20 mm - transparent<br \/>\n1x distributeur de nourriture 2ml - dosable<br \/>\n1x abreuvoir transparent 20ml - \u00e9ponge<br \/>\n1x bol transparent 1\u00d720 - \u00e9ponge<br \/>\n1x Mini thermo hygrom\u00e8tre analogique - affichage - suspension<br \/>\n1x Huile de protection contre les fourmis 10ml<br \/>\n1x Pince \u00e0 \u00e9piler en acier \u00e0 ressort - large - souple<br \/>\n1x Pince \u00e0 \u00e9piler en plastique transparent<br \/>\n1x pipette en plastique 3ml<br \/>\n1x loupe \u00e0 main - 2x - 30mm<br \/>\n1x racleur en mousse 150x18x2,5mm<br \/>\n1x dos photo - d\u00e9sert - 20\u00d710<\/p>\n<p><strong>Description Starter Set :<\/strong><br \/>\nCe kit de d\u00e9marrage est particuli\u00e8rement adapt\u00e9 aux esp\u00e8ces de fourmis collectrices de grains du genre Messor ou Pogonomyrmex. La ferme avec l'assiette \u00e0 pop-corn est destin\u00e9e au stockage des graines et du pain de fourmis et doit donc rester compl\u00e8tement s\u00e8che pour \u00e9viter que les graines\/grains stock\u00e9s par les fourmis ne germent ou ne moisissent.<br \/>\nLa deuxi\u00e8me ferme avec la plaque \"Terra nidum\" est destin\u00e9e \u00e0 servir de lieu de nidification et de reproduction pour la colonie de fourmis. Elle doit toujours \u00eatre maintenue l\u00e9g\u00e8rement humide.<br \/>\nPour vous donner plus de flexibilit\u00e9 dans l'installation de votre formicarium, nous avons inclus une deuxi\u00e8me plaque \"Terra nidum\" que vous pouvez utiliser \u00e0 la place du nid de pop-corn.<\/p>\n<p><strong>Description de la plaque Terra nidum :<\/strong> La plaque Terra nidum (nid de terre en latin) en mat\u00e9riau creusable convient parfaitement \u00e0 nos fourmili\u00e8res ANTCUBE. Elle peut \u00eatre utilis\u00e9e aussi bien s\u00e8che qu'humide. Elle convient \u00e9galement \u00e0 de nombreuses esp\u00e8ces de fourmis, en particulier celles qui nichent dans le sable et le bois (mort). Il peut \u00eatre utilis\u00e9 \u00e0 la place des m\u00e9langes de sable et d'argile ou des nids en li\u00e8ge. L'avantage de ce nid est que l'humidification de la plaque est plus facile \u00e0 contr\u00f4ler gr\u00e2ce \u00e0 une d\u00e9coloration clairement visible et que la couleur de la plaque offre un excellent contraste avec les esp\u00e8ces de fourmis g\u00e9n\u00e9ralement plus fonc\u00e9es. De plus, les vitres int\u00e9rieures de la fourmili\u00e8re ne peuvent pas \u00eatre souill\u00e9es par du substrat, comme c'est le cas avec les m\u00e9langes sable\/argile, par exemple, ce qui permet une vue parfaite du nid. Notre mat\u00e9riau de nidification a \u00e9galement une structure beaucoup plus ferme, de sorte que les tunnels et les chambres creus\u00e9s par les fourmis ne s'effondrent pas.<\/p>\n<p><strong>Description du nid de pop-corn :<\/strong> Ce nid \u00e0 pop-corn avec des passages et des chambres pr\u00e9fabriqu\u00e9s convient parfaitement comme grenier pour les fourmis Messor, par exemple, mais aussi pour d'autres esp\u00e8ces de fourmis collectrices de grains. Un trou permet d'acc\u00e9der au nid. Le nid de pop-corn absorbe l'humidit\u00e9 et peut donc se dilater, c'est pourquoi il doit toujours \u00eatre maintenu au sec. Messor barbarus accepte tr\u00e8s bien notre nid de pop-corn ANTCUBE comme grenier. Avec le temps, les fourmis commencent \u00e0 agrandir le nid de pop-corn et \u00e0 manger le mat\u00e9riel de nidification. Le nid sent le miel caram\u00e9lis\u00e9 et est donc tr\u00e8s attrayant.<\/p>\n<p>Le nid en pop-corn ne doit \u00eatre utilis\u00e9 que pour les esp\u00e8ces de fourmis qui ont besoin de tr\u00e8s peu ou pas d'humidit\u00e9 dans la zone du nid.<\/p>\n<p><strong>Important :<\/strong> Veuillez humidifier le substrat avant de l'utiliser afin que le m\u00e9lange puisse se lier et se d\u00e9velopper fermement dans la fourmili\u00e8re. En outre, un substrat sec et poussi\u00e9reux peut entra\u00eener l'obstruction des voies respiratoires des fourmis et, dans le pire des cas, la suffocation des animaux.<\/p>\n<p><strong>Recommandation :<\/strong> Nous recommandons une couche de substrat de 2 mm de hauteur, afin que les animaux ne puissent pas creuser dans l'ar\u00e8ne et utilisent plut\u00f4t la ferme pr\u00e9vue \u00e0 cet effet. Nous recommandons \u00e9galement que le mat\u00e9riau de nidification de la ferme (sable\/argile, Digfix, etc.) soit l\u00e9g\u00e8rement piqu\u00e9 \u00e0 un endroit pour que les animaux puissent creuser plus facilement.<\/p>\n<p><strong>Notes sur la production<\/strong><br \/>\nLe verre est coup\u00e9 selon la norme DIN 1249 avec une tol\u00e9rance de +\/- 1 mm. Pour les esp\u00e8ces de fourmis extr\u00eamement petites, une protection suppl\u00e9mentaire contre les fuites est indispensable.<\/p>\n<p><strong>Notes sur la ferme<\/strong><br \/>\nLorsque vous fixez ou retirez des tuyaux, veuillez tenir compte des points suivants :<br \/>\nSi le tuyau est tr\u00e8s difficile \u00e0 placer sur le manchon de raccordement, il faut frotter l\u00e9g\u00e8rement le manchon avec une goutte de notre huile ou de notre poudre anti-\u00e9clatement. Le tuyau doit ensuite \u00eatre pouss\u00e9 sur le manchon par des mouvements de torsion ou de vissage, sans solliciter le manchon par des mouvements de haut en bas. Il en va de m\u00eame lorsque vous retirez les tuyaux du manchon de raccordement \u00e0 la ferme. Ne tirez pas simplement sur le tuyau !<\/p>\n<p><strong>Note sur le Terra nidum :<\/strong> La couleur naturelle peut varier entre le beige \/ sable et le brun clair. La couleur n'a aucune influence sur la qualit\u00e9.<br \/>\nEn raison du processus de production, les dimensions peuvent varier de +\/- 1 mm.<\/p>\n<p><strong>Note sur les grillons blanchis :<\/strong><br \/>\nNos grillons blanchis sont un moyen facile de fournir \u00e0 vos fourmis une nourriture prot\u00e9in\u00e9e fra\u00eechement conserv\u00e9e sans avoir \u00e0 nourrir les insectes vivants. Les grillons contenus (Acheta domesticus) ont \u00e9t\u00e9 d\u00e9licatement blanchis pour garantir que les valeurs nutritionnelles, le go\u00fbt et l'ar\u00f4me soient conserv\u00e9s. En outre, la carapace chitineuse des insectes est ramollie de mani\u00e8re \u00e0 ce qu'elle puisse \u00eatre dig\u00e9r\u00e9e plus facilement. Les liaisons des prot\u00e9ines de collag\u00e8ne sont bris\u00e9es afin que les fourmis puissent mieux les utiliser. Les Acheta domesticus en conserve ont la m\u00eame valeur nutritionnelle que les grillons vivants, mais sont plus faciles \u00e0 dig\u00e9rer.<\/p>\n<p>Les grillons blanchis ne conviennent pas pour chasser les esp\u00e8ces de fourmis qui ont besoin de nourriture vivante (par exemple les pon\u00e9rines telles que Harpegnathos ou Odontomachus).<\/p>\n<p><strong>Autres avantages :<\/strong><br \/>\nGaranti sans acariens<br \/>\nPeut \u00eatre portionn\u00e9<br \/>\nSt\u00e9rilis\u00e9 et mis sous vide<br \/>\nSans additifs<br \/>\nGrillons issus d'un \u00e9levage durable et purement biologique, nourris avec des d\u00e9chets organiques<\/p>\n<p><strong>A noter :<\/strong><br \/>\nSe conserve au r\u00e9frig\u00e9rateur pendant environ quatre jours apr\u00e8s ouverture. La dur\u00e9e de conservation est plus longue si le produit est congel\u00e9.<\/p>\n<\/div>","protected":false},"excerpt":{"rendered":"<p>Offre group\u00e9e comprenant une colonie de fourmis Messor arenarius (reine + 5-10 ouvri\u00e8res + couvain), un kit de d\u00e9marrage pour fourmis moissonneuses L Popcorn avec 3x tampons de formicarium et un bocal de nos grillons blanchis sp\u00e9ciaux (prot\u00e9ines humides). Jusqu'\u00e0 \u00e9puisement des stocks. Tout ce dont vous avez besoin pour r\u00e9ussir l'\u00e9levage de Messor arenarius Cette offre contient tout ce dont vous avez besoin pour","protected":false},"featured_media":10873,"comment_status":"open","ping_status":"closed","template":"","meta":{"_acf_changed":false,"content-type":"","_monsterinsights_skip_tracking":false,"_monsterinsights_sitenote_active":false,"_monsterinsights_sitenote_note":"","_monsterinsights_sitenote_category":0},"product_brand":[],"product_cat":[355,344,353,73],"product_tag":[],"class_list":{"0":"post-5935","1":"product","2":"type-product","3":"status-publish","4":"has-post-thumbnail","6":"product_cat-bundle-offers","7":"product_cat-popcorn","8":"product_cat-starter-sets-for-harvester-ants","9":"product_cat-starter-sets","11":"first","12":"outofstock","13":"taxable","14":"shipping-taxable","15":"purchasable","16":"product-type-simple"},"acf":[],"aioseo_notices":[],"jetpack_sharing_enabled":true,"_links":{"self":[{"href":"https:\/\/antcube.shop\/fr\/wp-json\/wp\/v2\/product\/5935","targetHints":{"allow":["GET"]}}],"collection":[{"href":"https:\/\/antcube.shop\/fr\/wp-json\/wp\/v2\/product"}],"about":[{"href":"https:\/\/antcube.shop\/fr\/wp-json\/wp\/v2\/types\/product"}],"replies":[{"embeddable":true,"href":"https:\/\/antcube.shop\/fr\/wp-json\/wp\/v2\/comments?post=5935"}],"wp:featuredmedia":[{"embeddable":true,"href":"https:\/\/antcube.shop\/fr\/wp-json\/wp\/v2\/media\/10873"}],"wp:attachment":[{"href":"https:\/\/antcube.shop\/fr\/wp-json\/wp\/v2\/media?parent=5935"}],"wp:term":[{"taxonomy":"product_brand","embeddable":true,"href":"https:\/\/antcube.shop\/fr\/wp-json\/wp\/v2\/product_brand?post=5935"},{"taxonomy":"product_cat","embeddable":true,"href":"https:\/\/antcube.shop\/fr\/wp-json\/wp\/v2\/product_cat?post=5935"},{"taxonomy":"product_tag","embeddable":true,"href":"https:\/\/antcube.shop\/fr\/wp-json\/wp\/v2\/product_tag?post=5935"}],"curies":[{"name":"wp","href":"https:\/\/api.w.org\/{rel}","templated":true}]}}