{"id":5475,"date":"2023-02-10T13:18:16","date_gmt":"2023-02-10T12:18:16","guid":{"rendered":"https:\/\/antcube.shop\/produkt\/popcorn-nest-20x20-l\/"},"modified":"2026-03-09T17:50:04","modified_gmt":"2026-03-09T16:50:04","slug":"nid-a-popcorn-20x20-l","status":"publish","type":"product","link":"https:\/\/antcube.shop\/fr\/produit\/nid-a-popcorn-20x20-l\/","title":{"rendered":"Nid \u00e0 popcorn 20\u00d720 - L"},"content":{"rendered":"<p><strong>Dimensions :<\/strong> 184 x 160 x 18 mm<\/p>\n<p><strong>Mat\u00e9riau :<\/strong> pop-corn press\u00e9 avec du saccharose et des prot\u00e9ines<\/p>\n<p><strong>Convient uniquement<\/strong> dans la taille de nos fourmili\u00e8res <strong>L<\/strong><\/p>\n<p><strong>Description :<\/strong> Ce nid en pop-corn avec des passages et des chambres pr\u00e9fabriqu\u00e9s est parfait comme chambre \u00e0 grains pour les fourmis Messor par exemple, mais aussi pour d'autres esp\u00e8ces de fourmis collectrices de grains. Il dispose d'un trou pour acc\u00e9der au nid. Le nid de pop-corn absorbe l'humidit\u00e9 et peut donc se dilater.<strong> il faut absolument le garder au sec<\/strong>. Messor barbarus accepte tr\u00e8s bien notre ANTCUBE Popcorn Nest comme chambre \u00e0 grains. Avec le temps, les fourmis vont commencer \u00e0 agrandir le nid de popcorn et \u00e0 manger le mat\u00e9riel de nidification.<\/p>\n<p>Le Popcorn Nest ne doit \u00eatre utilis\u00e9 que pour les esp\u00e8ces de fourmis qui ont besoin de tr\u00e8s peu ou pas d'humidit\u00e9 dans la zone du nid.<\/p>","protected":false},"excerpt":{"rendered":"<p>Dimensions : 184 x 160 x 18 mm Mat\u00e9riau : pop-corn press\u00e9 avec du saccharose et des prot\u00e9ines Ne convient qu'\u00e0 nos fourmili\u00e8res taille L Description : Ce nid de pop-corn avec des passages et des chambres pr\u00e9fabriqu\u00e9s est parfait comme chambre \u00e0 grains pour les fourmis Messor par exemple, mais aussi pour d'autres esp\u00e8ces de fourmis collectrices de grains. Il a un trou comme nid","protected":false},"featured_media":5459,"comment_status":"open","ping_status":"closed","template":"","meta":{"_acf_changed":false,"content-type":"","_monsterinsights_skip_tracking":false,"_monsterinsights_sitenote_active":false,"_monsterinsights_sitenote_note":"","_monsterinsights_sitenote_category":0},"product_brand":[],"product_cat":[257,344,87],"product_tag":[],"class_list":{"0":"post-5475","1":"product","2":"type-product","3":"status-publish","4":"has-post-thumbnail","6":"product_cat-new-innovatve-products","7":"product_cat-popcorn","8":"product_cat-nest-insets","10":"first","11":"instock","12":"taxable","13":"shipping-taxable","14":"purchasable","15":"product-type-simple"},"acf":[],"aioseo_notices":[],"jetpack_sharing_enabled":true,"_links":{"self":[{"href":"https:\/\/antcube.shop\/fr\/wp-json\/wp\/v2\/product\/5475","targetHints":{"allow":["GET"]}}],"collection":[{"href":"https:\/\/antcube.shop\/fr\/wp-json\/wp\/v2\/product"}],"about":[{"href":"https:\/\/antcube.shop\/fr\/wp-json\/wp\/v2\/types\/product"}],"replies":[{"embeddable":true,"href":"https:\/\/antcube.shop\/fr\/wp-json\/wp\/v2\/comments?post=5475"}],"wp:featuredmedia":[{"embeddable":true,"href":"https:\/\/antcube.shop\/fr\/wp-json\/wp\/v2\/media\/5459"}],"wp:attachment":[{"href":"https:\/\/antcube.shop\/fr\/wp-json\/wp\/v2\/media?parent=5475"}],"wp:term":[{"taxonomy":"product_brand","embeddable":true,"href":"https:\/\/antcube.shop\/fr\/wp-json\/wp\/v2\/product_brand?post=5475"},{"taxonomy":"product_cat","embeddable":true,"href":"https:\/\/antcube.shop\/fr\/wp-json\/wp\/v2\/product_cat?post=5475"},{"taxonomy":"product_tag","embeddable":true,"href":"https:\/\/antcube.shop\/fr\/wp-json\/wp\/v2\/product_tag?post=5475"}],"curies":[{"name":"wp","href":"https:\/\/api.w.org\/{rel}","templated":true}]}}