{"id":5380,"date":"2023-02-01T17:57:19","date_gmt":"2023-02-01T16:57:19","guid":{"rendered":"https:\/\/antcube.shop\/produkt\/bundle-offer-lasius-niger\/"},"modified":"2026-05-06T18:08:44","modified_gmt":"2026-05-06T16:08:44","slug":"offre-groupee-lasius-niger","status":"publish","type":"product","link":"https:\/\/antcube.shop\/fr\/produit\/offre-groupee-lasius-niger\/","title":{"rendered":"Offre group\u00e9e - Lasius niger"},"content":{"rendered":"<p><span data-text-color=\"secondary\"><strong>Offre group\u00e9e comprenant une colonie de fourmis Lasius niger (reine + 26-50 ouvri\u00e8res + couvain), un kit de d\u00e9marrage Combi M avec cadre de protection contre les fuites, grille de 50 mm, base de formicarium - 20x20cm, abreuvoir transparent 20ml - \u00e9ponge, un pot de nos grillons entiers blanchis sp\u00e9ciaux 10g (prot\u00e9ines humides) et une recharge de m\u00e9lange de miellat 10ml.<\/strong><\/span><\/p>\n<p><span data-text-color=\"alert\"><strong>Dans la limite des stocks disponibles.<\/strong><\/span><\/p>\n<p><strong>Tout ce dont vous avez besoin pour une colonie de fourmis Lasius niger<\/strong><br \/>\nCe kit contient tout ce dont vous avez besoin pour r\u00e9ussir les premiers mois d'une colonie de Lasius niger. Il est extensible \u00e0 souhait et convient parfaitement aux d\u00e9butants en mati\u00e8re d'\u00e9levage de fourmis.<\/p>\n<p>Esp\u00e8ces de fourmis Lasius niger Lasius niger, \u00e9galement connue sous le nom de \"fourmi noire\", est l'une des esp\u00e8ces les plus populaires pour les d\u00e9butants en mati\u00e8re d'\u00e9levage de fourmis. Elle fait partie des fourmis de taille petite \u00e0 moyenne et est tr\u00e8s frugale. Elle est r\u00e9pandue dans toute l'Europe, mais on la trouve \u00e9galement en Asie, en Afrique et en Am\u00e9rique du Nord.<\/p>\n<p><strong>Nourriture pour Lasius niger<\/strong><br \/>\nDans la nature, Lasius niger garde souvent les pucerons pour recueillir leur miellat produit par la s\u00e8ve des plantes. Ce faisant, il les prot\u00e8ge et les transporte m\u00eame jusqu'aux jeunes pousses.<br \/>\nDans le formicarium, vous pouvez simplement placer quelques brindilles infest\u00e9es (par exemple des roses, des baies de sureau, des groseilles) dans un vase et regarder les animaux les traire. Dans le formicarium, il est pr\u00e9f\u00e9rable de donner une solution de miel et de la nourriture prot\u00e9in\u00e9e (soit des petits insectes vivants, soit de la nourriture prot\u00e9in\u00e9e s\u00e9ch\u00e9e).<\/p>\n<p><strong>L'hibernation chez Lasius niger<\/strong><br \/>\nLasius niger hiberne entre fin octobre et fin mars \u00e0 une temp\u00e9rature de 5 \u00e0 8 degr\u00e9s. Dans le formicarium, vous pouvez simplement placer l'ensemble du formicarium dans une pi\u00e8ce fra\u00eeche ou (si le formicarium est \u00e9quip\u00e9 d'un nid amovible) placer le nid dans le r\u00e9frig\u00e9rateur, par exemple. Il faut toutefois veiller \u00e0 ce que les fourmis ne soient pas expos\u00e9es \u00e0 des temp\u00e9ratures inf\u00e9rieures \u00e0 0 degr\u00e9, car elles ne sont jamais aussi bien prot\u00e9g\u00e9es du froid dans le formarium que dans la nature. Il existe \u00e9galement des rapports d'\u00e9leveurs qui \u00e9l\u00e8vent des Lasius niger sans hibernation. Cela peut toutefois entra\u00eener une r\u00e9duction de la dur\u00e9e de vie de la colonie ou un ralentissement du d\u00e9veloppement du couvain. Pendant l'hibernation, les animaux n'ont pas besoin d'\u00eatre nourris ou tr\u00e8s peu si n\u00e9cessaire. Il convient toutefois de v\u00e9rifier r\u00e9guli\u00e8rement l'humidit\u00e9 de l'air et de veiller \u00e0 ce qu'il n'y ait pas de moisissures !<\/p>\n<p><strong>Contenu :<\/strong><\/p>\n<p>1x Lasius niger (reine + 26-50 ouvri\u00e8res + couvain)<br \/>\n1x Confiture de grillons 25g<br \/>\n1x Honeydew honey 10ml refill pack<\/p>\n<p>1x ANTCUBE - Ar\u00e8ne 20x20x20 - Combi M<br \/>\n1x Housse pour fourmili\u00e8re 20\u00d720<br \/>\n4x Point de fixation pour la couverture de l'ar\u00e8ne<br \/>\n1x Cadre de l'ar\u00e8ne de fourmis 20\u00d720<br \/>\n1x pad for formicariums &#8211; 20x20cm<\/p>\n<p>2x grid insert &#8211; 50mm<br \/>\n2x grid insert &#8211; 27mm<br \/>\n1x ANTCUBE - Plaque Digfix 20\u00d720 - M<br \/>\n1x soil &#8211; Sand-loam red &#8211; 200g<\/p>\n<p>1x Foil thermometer display<br \/>\n1x drinking clear 5ml &#8211; sponge<br \/>\n1x abreuvoir 2ml - 360 degr\u00e9s<br \/>\n1x Feeding dish white rectangle &#8211; 3 compartments<br \/>\n1x Loupe de poche - 2x - 30mm<br \/>\n1x Transparent plastic tweezers<br \/>\n1x pince \u00e0 \u00e9piler acier \u00e0 ressort - large - souple<br \/>\n1x Pipette en plastique 3ml<br \/>\n1x huile de protection contre les fourmis 10ml<br \/>\n1x Foam wiper 150x18x2.5mm<\/p>\n<p><strong>Description :<\/strong><br \/>\nCe Starter Set - Combi convient \u00e0 la plupart des esp\u00e8ces de fourmis qui nichent dans le sol.<br \/>\nL'ensemble est tr\u00e8s compact et les accessoires inclus ont \u00e9t\u00e9 r\u00e9duits \u00e0 l'essentiel.<br \/>\nIl s'agit donc d'un ensemble peu co\u00fbteux, fabriqu\u00e9 \u00e0 partir de mat\u00e9riaux de haute qualit\u00e9, id\u00e9al pour d\u00e9buter dans l'\u00e9levage de fourmis.<br \/>\nLe substrat sable-argile beige inclus est bien accept\u00e9 par la plupart des esp\u00e8ces de fourmis fouisseuses de nids de terre.<\/p>\n<p>Cependant, d'autres substrats de sol ou des inserts de nidification peuvent \u00e9galement \u00eatre plac\u00e9s dans la zone de nidification de l'ar\u00e8ne.<br \/>\nD'autres accessoires utiles peuvent \u00eatre trouv\u00e9s dans les suggestions (voir ci-dessous).<\/p>\n<p><strong>Recommandation :<\/strong> Nous recommandons une couche de substrat de 2 mm de hauteur, afin que les animaux ne puissent pas creuser dans l'ar\u00e8ne et utilisent plut\u00f4t la ferme pr\u00e9vue \u00e0 cet effet. Nous recommandons \u00e9galement que le mat\u00e9riau de nidification de la ferme (sable\/argile, Digfix, etc.) soit l\u00e9g\u00e8rement piqu\u00e9 \u00e0 un endroit pour que les animaux puissent creuser plus facilement.<\/p>\n<p><strong>Important :<\/strong> Veuillez humidifier le substrat avant de l'utiliser afin que le m\u00e9lange puisse se lier et se d\u00e9velopper fermement dans la fourmili\u00e8re. En outre, un substrat sec et poussi\u00e9reux peut entra\u00eener l'obstruction des voies respiratoires des fourmis et, dans le pire des cas, la suffocation des animaux.<\/p>\n<p><strong>Note :<\/strong><br \/>\nSi vous utilisez nos inserts de nidification, veuillez noter qu'ils sont plus \u00e9troits de 8 mm, car ils ont \u00e9t\u00e9 con\u00e7us \u00e0 l'origine pour s'adapter \u00e0 nos fourmili\u00e8res et \u00e0 nos ar\u00e8nes plus \u00e9troites ! Dans ce cas, l'espace entre les deux doit \u00eatre combl\u00e9 avec un mat\u00e9riau de remplissage tel que du pl\u00e2tre ou de l'argile.<\/p>\n<p><strong>Notes sur la production<\/strong><br \/>\nLe verre est coup\u00e9 selon la norme DIN 1249 avec une tol\u00e9rance de +\/- 1 mm. Pour les esp\u00e8ces de fourmis extr\u00eamement petites, une protection suppl\u00e9mentaire contre les fuites est indispensable.<\/p>\n<p><strong>Instructions : <\/strong>(Version 2023, la version mise \u00e0 jour pour 2024 sera disponible au plus tard le 04\/2024)<strong><br \/>\n<\/strong><\/p>\n<p>- DE<a href=\"https:\/\/www.antstore.net\/shop\/images\/info\/de\/Gebrauchsanweisung%20Starter%20Set%20Combi.pdf\"> Gebrauchsanweisung Starter Set Combi<\/a> (PDF 7,98 MB)<\/p>\n<p>- FR<a href=\"https:\/\/www.antstore.net\/shop\/images\/info\/en\/Instructions%20for%20use%20-%20Starter%20Set%20Combi.pdf\"> Mode d'emploi - Starter Set Combi<\/a> (PDF 7,94 MB)<\/p>\n<p>- ES<a href=\"https:\/\/www.antstore.net\/shop\/images\/info\/es\/Manual%20de%20instrucciones%20-%20Set%20de%20inicio%20Combi.pdf\"> Manual de instrucciones - Set de inicio Combi<\/a> (PDF 7,94 MB)<\/p>\n<p>- FR<a href=\"https:\/\/www.antstore.net\/shop\/images\/info\/fr\/Manuel%20d'instruction%20-%20Kit%20de%20d%C3%A9marrage%20Combi.pdf\"> Manuel d'instruction - Kit de d\u00e9marrage Combi<\/a> (PDF 7,95 MB)<\/p>\n<p><strong>Notes sur le Cricket Jam :<\/strong><br \/>\nNos grillons blanchis sont un moyen facile de fournir \u00e0 vos fourmis une nourriture prot\u00e9in\u00e9e fra\u00eechement conserv\u00e9e sans avoir \u00e0 nourrir les insectes vivants. Les grillons contenus (Acheta domesticus) ont \u00e9t\u00e9 d\u00e9licatement blanchis pour garantir que les valeurs nutritionnelles, le go\u00fbt et l'ar\u00f4me soient conserv\u00e9s. En outre, la carapace chitineuse des insectes est ramollie de mani\u00e8re \u00e0 ce qu'elle puisse \u00eatre dig\u00e9r\u00e9e plus facilement. Les liaisons des prot\u00e9ines de collag\u00e8ne sont bris\u00e9es afin que les fourmis puissent mieux les utiliser. Les Acheta domesticus en conserve ont la m\u00eame valeur nutritionnelle que les grillons vivants, mais sont plus faciles \u00e0 dig\u00e9rer.<\/p>\n<p>Le Cricket Jam n'est pas adapt\u00e9 \u00e0 la chasse aux esp\u00e8ces de fourmis qui ont besoin de nourriture vivante (par exemple les pon\u00e9rines (grandes fourmis) telles que Harpegnathos ou Odontomachus).<\/p>\n<p><strong>Autres avantages :<\/strong><br \/>\nGaranti sans acariens<br \/>\nPeut \u00eatre portionn\u00e9 et dilu\u00e9 avec de l'eau<br \/>\nSt\u00e9rilis\u00e9 et emball\u00e9 sous vide<br \/>\nSans additifs<br \/>\nGrillons issus d'un \u00e9levage durable et purement biologique, nourris avec des d\u00e9chets organiques<\/p>\n<p><strong>Note :<\/strong><br \/>\nSe conserve au r\u00e9frig\u00e9rateur pendant environ quatre jours apr\u00e8s ouverture. La dur\u00e9e de conservation est plus longue si le produit est congel\u00e9.<br \/>\nAttention : D'abord la portion, puis la cong\u00e9lation.<\/p>\n<p><strong>Note sur le miellat :<\/strong><br \/>\nContenu : 10 ml<br \/>\nIl s'agit d'un produit naturel, que nous avons affin\u00e9 apr\u00e8s de nombreux tests dans notre laboratoire et d\u00e9velopp\u00e9 en un aliment tr\u00e8s bien accept\u00e9 par les fourmis. La raison en est que le miel de miellat non transform\u00e9 sous sa forme originale concentr\u00e9e n'est pas bien accept\u00e9 par les fourmis et leur m\u00e9tabolisme.<br \/>\nNotre miellat a \u00e9t\u00e9 r\u00e9colt\u00e9 dans les for\u00eats de montagne sauvages et non pollu\u00e9es de Bulgarie. Le miellat n'est produit que pendant une p\u00e9riode tr\u00e8s limit\u00e9e, environ deux mois en \u00e9t\u00e9. Il est donc tr\u00e8s rare. En raison des caract\u00e9ristiques sp\u00e9cifiques du sol des for\u00eats et du climat, des nutriments essentiels sont stock\u00e9s dans les feuilles des arbres et sont absorb\u00e9s par les pucerons. C'est ce qui rend ce m\u00e9lange de miellat si d\u00e9sirable pour les fourmis.<\/p>\n<p><strong>Application :<\/strong><br \/>\nLa quantit\u00e9 de nourriture doit \u00eatre consomm\u00e9e dans les 3 jours environ.<\/p>\n<p><strong>Description :<\/strong><br \/>\nLe miellat, contrairement au miel de fleurs, est obtenu \u00e0 partir des s\u00e9cr\u00e9tions d'insectes qui sucent les plantes, comme les pucerons. Le miellat est une source de nourriture appr\u00e9ci\u00e9e par de nombreux insectes tels que les fourmis, les abeilles et les bourdons. Les abeilles et les bourdons le l\u00e8chent sur les feuilles ou les aiguilles de divers arbres. Les fourmis comme Lasius niger gardent litt\u00e9ralement les pucerons. Elles les d\u00e9fendent m\u00eame contre les pr\u00e9dateurs et les transportent jusqu'aux nouvelles pousses.<\/p>\n<p>Le miellat est particuli\u00e8rement appr\u00e9ci\u00e9 des fourmis en raison de ses composants quelque peu diff\u00e9rents. Les principaux sucres du miellat sont le saccharose et le fructose, mais on y trouve aussi, en plus petites quantit\u00e9s, du maltose, du tr\u00e9halose, du m\u00e9l\u00e9zitose, du raffinose et d'autres oligosaccharides. Outre le sucre et l'eau, la miell\u00e9e contient \u00e9galement des acides amin\u00e9s essentiels, des min\u00e9raux, des oligo-\u00e9l\u00e9ments, des ad\u00e9nosines, des phosphates et d'autres ingr\u00e9dients tels que des vitamines.<\/p>\n<p><strong>Utilisez :<\/strong><br \/>\nPour les esp\u00e8ces de fourmis mangeuses de miel (Meliphagidae)<br \/>\nIl s'agit d'un aliment compl\u00e9mentaire<br \/>\nIl peut \u00eatre propos\u00e9 aux animaux tel quel. Comme la concentration en sucre est r\u00e9duite par l'humidit\u00e9 et qu'un processus de fermentation commence, la nourriture doit \u00eatre remplac\u00e9e tous les 3 jours. Nettoyer soigneusement le bol\/tube d'alimentation avant de le r\u00e9utiliser.<br \/>\nUne fois ouvert, l'emballage doit \u00eatre conserv\u00e9 herm\u00e9tiquement ferm\u00e9 jusqu'\u00e0 la date de p\u00e9remption.<\/p>\n<p><strong>Informations nutritionnelles pour 100 g :<\/strong><br \/>\nenviron 2,7 graisses %<br \/>\ndont environ 0,45 % satur\u00e9<br \/>\nenviron 95 % de glucides<br \/>\ndont environ 71 % de sucre<br \/>\nenviron 2,85% de prot\u00e9ines<br \/>\nMin\u00e9raux (potassium, calcium, cuivre, fer, sodium, magn\u00e9sium, phosphore, zinc et autres oligo-\u00e9l\u00e9ments) Acides amin\u00e9s (proline, leucine, ph\u00e9nylalanine, alanine, histidine, isoleucine, acide glutamique, arginine, acide aspartique, etc.) Acides organiques Enzymes (ferments) Ar\u00f4mes Inhibines (substances antibact\u00e9riennes) Fleurs Pollen<\/p>\n<p><strong>Stockage :<\/strong><br \/>\nPour garantir la qualit\u00e9 des aliments, ceux-ci doivent \u00eatre stock\u00e9s dans un endroit sombre et sec.<\/p>\n<p><strong>Note :<\/strong><br \/>\nAlimentation compl\u00e9mentaire pour les fourmis mangeuses de miel.<br \/>\nVeuillez consulter la notice pour conna\u00eetre la composition, les ingr\u00e9dients analytiques, la date de p\u00e9remption et le num\u00e9ro de lot.<\/p>\n<p>Num\u00e9ro d'information +49 30 439703870<\/p>\n<p>Inspections v\u00e9t\u00e9rinaires et alimentaires responsables :<br \/>\nCabinet v\u00e9t\u00e9rinaire Steglitz<br \/>\nK\u00f6nigin-Luise-Str. 92<br \/>\n14195 Berlin<\/p>","protected":false},"excerpt":{"rendered":"<p>Taille : M<\/p>","protected":false},"featured_media":7115,"comment_status":"open","ping_status":"closed","template":"","meta":{"_acf_changed":false,"content-type":"","_monsterinsights_skip_tracking":false,"_monsterinsights_sitenote_active":false,"_monsterinsights_sitenote_note":"","_monsterinsights_sitenote_category":0},"product_brand":[],"product_cat":[355,73,78],"product_tag":[],"class_list":{"0":"post-5380","1":"product","2":"type-product","3":"status-publish","4":"has-post-thumbnail","6":"product_cat-bundle-offers","7":"product_cat-starter-sets","8":"product_cat-starter-sets-combi","10":"first","11":"instock","12":"taxable","13":"shipping-taxable","14":"purchasable","15":"product-type-simple"},"acf":[],"aioseo_notices":[],"jetpack_sharing_enabled":true,"_links":{"self":[{"href":"https:\/\/antcube.shop\/fr\/wp-json\/wp\/v2\/product\/5380","targetHints":{"allow":["GET"]}}],"collection":[{"href":"https:\/\/antcube.shop\/fr\/wp-json\/wp\/v2\/product"}],"about":[{"href":"https:\/\/antcube.shop\/fr\/wp-json\/wp\/v2\/types\/product"}],"replies":[{"embeddable":true,"href":"https:\/\/antcube.shop\/fr\/wp-json\/wp\/v2\/comments?post=5380"}],"wp:featuredmedia":[{"embeddable":true,"href":"https:\/\/antcube.shop\/fr\/wp-json\/wp\/v2\/media\/7115"}],"wp:attachment":[{"href":"https:\/\/antcube.shop\/fr\/wp-json\/wp\/v2\/media?parent=5380"}],"wp:term":[{"taxonomy":"product_brand","embeddable":true,"href":"https:\/\/antcube.shop\/fr\/wp-json\/wp\/v2\/product_brand?post=5380"},{"taxonomy":"product_cat","embeddable":true,"href":"https:\/\/antcube.shop\/fr\/wp-json\/wp\/v2\/product_cat?post=5380"},{"taxonomy":"product_tag","embeddable":true,"href":"https:\/\/antcube.shop\/fr\/wp-json\/wp\/v2\/product_tag?post=5380"}],"curies":[{"name":"wp","href":"https:\/\/api.w.org\/{rel}","templated":true}]}}