{"id":5378,"date":"2023-02-01T17:48:16","date_gmt":"2023-02-01T16:48:16","guid":{"rendered":"https:\/\/antcube.shop\/produkt\/honigtau-mix-in-2ml-futterrohrchen-10-st\/"},"modified":"2026-03-30T19:04:28","modified_gmt":"2026-03-30T17:04:28","slug":"honigtau-mix-in-2ml-futterrohrchen-10-st","status":"publish","type":"product","link":"https:\/\/antcube.shop\/fr\/produit\/honigtau-mix-in-2ml-futterrohrchen-10-st\/","title":{"rendered":"M\u00e9lange de miellat en tubes d'alimentation de 2ml - 10 pcs."},"content":{"rendered":"<p><strong>Contenu :<\/strong> 10x 2 ml<\/p>\n<p>Il s'agit d'un produit naturel, que nous avons affin\u00e9 apr\u00e8s de nombreux tests dans notre laboratoire et d\u00e9velopp\u00e9 en un aliment tr\u00e8s bien accept\u00e9 par les fourmis. La raison en est que le miel de miellat non transform\u00e9 sous sa forme originale concentr\u00e9e n'est pas bien accept\u00e9 par les fourmis et leur m\u00e9tabolisme.<\/p>\n<p>Notre miellat a \u00e9t\u00e9 r\u00e9colt\u00e9 dans les for\u00eats sauvages de montagne non pollu\u00e9es de Bulgarie. Le miellat n'est produit que pendant une p\u00e9riode tr\u00e8s limit\u00e9e, d'environ deux mois en \u00e9t\u00e9. Il est donc tr\u00e8s rare. En raison des caract\u00e9ristiques sp\u00e9cifiques du sol des for\u00eats et du climat, des nutriments importants pour l'existence ont \u00e9t\u00e9 stock\u00e9s dans les feuilles des arbres, qui sont absorb\u00e9s par les pucerons. C'est ce qui rend ce m\u00e9lange de miellat si d\u00e9sirable pour les fourmis.<\/p>\n<p><strong>Application :<\/strong><br \/>\nLe tube d'alimentation peut \u00eatre plac\u00e9 en entier dans le formicarium, ou bien ajouter de plus petites quantit\u00e9s dans un bol d'alimentation selon les besoins\/la taille de la colonie. La quantit\u00e9 de nourriture doit \u00eatre consomm\u00e9e en 3 jours environ.<\/p>\n<p><strong>Description :<\/strong><br \/>\nLe miellat, contrairement au miel de fleurs, provient des s\u00e9cr\u00e9tions d'insectes suceurs de plantes tels que les pucerons. Le miellat est la source de nourriture pr\u00e9f\u00e9r\u00e9e de nombreux insectes tels que les fourmis, les abeilles et m\u00eame les bourdons. Les abeilles et les bourdons le l\u00e8chent sur les feuilles ou les aiguilles de diff\u00e9rents arbres. Les fourmis comme Lasius niger gardent r\u00e9guli\u00e8rement les pucerons. Elles les d\u00e9fendent m\u00eame contre les pr\u00e9dateurs et les transportent vers des pousses fra\u00eeches.<\/p>\n<p>Le miellat est appr\u00e9ci\u00e9 des fourmis principalement en raison de ses composants quelque peu diff\u00e9rents. Les principaux sucres du miellat sont le saccharose et le fructose, mais on y trouve \u00e9galement de petites quantit\u00e9s de maltose, de tr\u00e9halose, de m\u00e9l\u00e9zitose, de raffinose et d'autres oligosaccharides. Outre les sucres et l'eau, le miellat contient \u00e9galement des acides amin\u00e9s, des min\u00e9raux, des oligo-\u00e9l\u00e9ments, des phosphates d'ad\u00e9nosine et d'autres ingr\u00e9dients tels que des vitamines.<\/p>\n<p><strong>Utilisations :<\/strong><br \/>\nPour les esp\u00e8ces de fourmis mellif\u00e8res (Meliphagidae).<br \/>\nIl s'agit d'un aliment compl\u00e9mentaire (aliment unique)<br \/>\nIl peut \u00eatre propos\u00e9 aux animaux \u00e0 l'\u00e9tat de livraison. Comme l'humidit\u00e9 r\u00e9duit la concentration en sucre et qu'un processus de fermentation commence, la nourriture doit \u00eatre remplac\u00e9e tous les 3 jours. Nettoyez soigneusement le bol\/tube de nourriture avant de le r\u00e9utiliser.<br \/>\nUn emballage ouvert doit \u00eatre utilis\u00e9 bien ferm\u00e9 jusqu'\u00e0 la date indiqu\u00e9e (date de p\u00e9remption).<\/p>\n<p><strong>Informations nutritionnelles pour 100g :<\/strong><br \/>\nenviron 2,7 graisses %<br \/>\ndont satur\u00e9 ca. 0,45 %<br \/>\nca 95 % hydrates de carbone<br \/>\ndont sucre ca. 71%<br \/>\nca 2,851 prot\u00e9ineTP3T<\/p>\n<p>Min\u00e9raux (potassium, calcium, cuivre, fer, sodium, magn\u00e9sium, phosphore, zinc et autres oligo-\u00e9l\u00e9ments) Acides amin\u00e9s (proline, leucine, ph\u00e9nylalanine, alanine, histidine, isoleucine, acide glutamique, arginine, acide aspartique, etc.) Acides organiques Enzymes (ferments) Ar\u00f4mes Inhibines (substances antibact\u00e9riennes) Fleurs Pollen<\/p>\n<p><strong>Stockage :<\/strong><br \/>\npour garantir la qualit\u00e9 de l'aliment, il faut le stocker dans un endroit sombre et sec.<\/p>\n<p><strong>Avis :<\/strong><br \/>\nVous trouverez des informations sur l'utilisation des tubes d'alimentation ici : Lien<br \/>\nAlimentation compl\u00e9mentaire pour les fourmis mangeuses de miel.<br \/>\nVeuillez consulter la notice pour conna\u00eetre la composition, les ingr\u00e9dients analytiques, la date de p\u00e9remption et le num\u00e9ro de lot.<\/p>\n<p>Num\u00e9ro d'information +49 30 439703870<\/p>\n<p><strong>Autorit\u00e9 comp\u00e9tente en mati\u00e8re de contr\u00f4le v\u00e9t\u00e9rinaire et alimentaire :<\/strong><br \/>\nCabinet v\u00e9t\u00e9rinaire Steglitz<br \/>\nK\u00f6nigin-Luise-Str. 92<br \/>\n14195 Berlin<\/p>\n<p>&nbsp;<\/p>\n<div style=\"width: 1020px;\" class=\"wp-video\"><video class=\"wp-video-shortcode\" id=\"video-5378-1\" width=\"1020\" height=\"1813\" preload=\"metadata\" controls=\"controls\"><source type=\"video\/mp4\" src=\"https:\/\/antcube.shop\/wp-content\/uploads\/2024\/04\/black-ant_ein-shot_aphids-.mp4?_=1\" \/><a href=\"https:\/\/antcube.shop\/wp-content\/uploads\/2024\/04\/black-ant_ein-shot_aphids-.mp4\">https:\/\/antcube.shop\/wp-content\/uploads\/2024\/04\/black-ant_ein-shot_aphids-.mp4<\/a><\/video><\/div>","protected":false},"excerpt":{"rendered":"<p>Alimentation compl\u00e9mentaire<\/p>","protected":false},"featured_media":5385,"comment_status":"open","ping_status":"closed","template":"","meta":{"_acf_changed":false,"content-type":"","_monsterinsights_skip_tracking":false,"_monsterinsights_sitenote_active":false,"_monsterinsights_sitenote_note":"","_monsterinsights_sitenote_category":0},"product_brand":[],"product_cat":[257,115,116],"product_tag":[],"class_list":{"0":"post-5378","1":"product","2":"type-product","3":"status-publish","4":"has-post-thumbnail","6":"product_cat-new-innovatve-products","7":"product_cat-food-and-feeding","8":"product_cat-food","10":"first","11":"instock","12":"taxable","13":"shipping-taxable","14":"purchasable","15":"product-type-simple"},"acf":[],"aioseo_notices":[],"jetpack_sharing_enabled":true,"_links":{"self":[{"href":"https:\/\/antcube.shop\/fr\/wp-json\/wp\/v2\/product\/5378","targetHints":{"allow":["GET"]}}],"collection":[{"href":"https:\/\/antcube.shop\/fr\/wp-json\/wp\/v2\/product"}],"about":[{"href":"https:\/\/antcube.shop\/fr\/wp-json\/wp\/v2\/types\/product"}],"replies":[{"embeddable":true,"href":"https:\/\/antcube.shop\/fr\/wp-json\/wp\/v2\/comments?post=5378"}],"wp:featuredmedia":[{"embeddable":true,"href":"https:\/\/antcube.shop\/fr\/wp-json\/wp\/v2\/media\/5385"}],"wp:attachment":[{"href":"https:\/\/antcube.shop\/fr\/wp-json\/wp\/v2\/media?parent=5378"}],"wp:term":[{"taxonomy":"product_brand","embeddable":true,"href":"https:\/\/antcube.shop\/fr\/wp-json\/wp\/v2\/product_brand?post=5378"},{"taxonomy":"product_cat","embeddable":true,"href":"https:\/\/antcube.shop\/fr\/wp-json\/wp\/v2\/product_cat?post=5378"},{"taxonomy":"product_tag","embeddable":true,"href":"https:\/\/antcube.shop\/fr\/wp-json\/wp\/v2\/product_tag?post=5378"}],"curies":[{"name":"wp","href":"https:\/\/api.w.org\/{rel}","templated":true}]}}