{"id":5347,"date":"2023-01-17T17:36:25","date_gmt":"2023-01-17T16:36:25","guid":{"rendered":"https:\/\/antcube.shop\/produkt\/bundle-offer-messor-barbarus\/"},"modified":"2026-04-20T01:57:18","modified_gmt":"2026-04-19T23:57:18","slug":"offre-groupee-messor-barbarus","status":"publish","type":"product","link":"https:\/\/antcube.shop\/fr\/produit\/offre-groupee-messor-barbarus\/","title":{"rendered":"Offre group\u00e9e - Messor barbarus"},"content":{"rendered":"<p><span data-text-color=\"secondary\"><strong>Offre group\u00e9e comprenant une colonie de fourmis Messor barbarus (reine + 11-25 ouvri\u00e8res + couvain), un set de d\u00e9marrage pour Messor spec. avec 3x tapis de formicarium et un pot de nos grillons entiers blanchis sp\u00e9ciaux 10g (prot\u00e9ine humide).<\/strong><\/span><\/p>\n<p><span data-text-color=\"alert\"><strong>Dans la limite des stocks disponibles.<\/strong><\/span><\/p>\n<p><strong>Tout ce dont vous avez besoin pour une colonie de fourmis Messor barbarus<\/strong><br \/>\nCe kit contient tout ce dont vous avez besoin pour r\u00e9ussir les premiers mois d'une colonie de Messor barbarus. Il est extensible \u00e0 souhait et convient parfaitement aux d\u00e9butants en mati\u00e8re d'\u00e9levage de fourmis.<\/p>\n<p><strong>Messor barbarus esp\u00e8ces de fourmis :<\/strong><br \/>\nMessor barbarus est une esp\u00e8ce de fourmi granivore (mangeuse de grains) de la r\u00e9gion m\u00e9diterran\u00e9enne. Elle fait partie des fourmis moissonneuses et est l'une des esp\u00e8ces d'entr\u00e9e de gamme pour les \u00e9leveurs de fourmis en raison de ses exigences relativement simples en termes de climat et de nourriture. Gr\u00e2ce \u00e0 sa couleur et \u00e0 la formation d'ouvri\u00e8res mineures, moyennes et majeures (plus petites et plus grandes), elle est tr\u00e8s int\u00e9ressante \u00e0 observer.<\/p>\n<p><strong>Nourriture pour Messor barbarus<\/strong><br \/>\nDans la nature, Messor barbarus mange principalement des c\u00e9r\u00e9ales et les utilise pour faire du \"pain de fourmis\", mais les fruits sucr\u00e9s et les insectes morts sont \u00e9galement accept\u00e9s. Messor barbarus couvre une grande partie de ses besoins en eau avec des c\u00e9r\u00e9ales et le reste avec des insectes. Dans le formicarium, on peut donner des grains et, si n\u00e9cessaire, du miel, des aliments prot\u00e9in\u00e9s, de tr\u00e8s petits insectes ou de la gel\u00e9e. L'eau miell\u00e9e n'est accept\u00e9e qu'en cas de manque de liquide. Les esp\u00e8ces de Messor ayant tendance \u00e0 plonger dans des sources d'eau ouvertes, celles-ci doivent toujours \u00eatre recouvertes de pierres ou de coton absorbant.<\/p>\n<p>Messor barbarus hiberne de fin novembre \u00e0 fin f\u00e9vrier environ. Cependant, contrairement \u00e0 Lasius niger, par exemple, il s'agit d'une p\u00e9riode d'activit\u00e9 tr\u00e8s r\u00e9duite. La p\u00e9riode d'hibernation doit se d\u00e9rouler \u00e0 une temp\u00e9rature d'environ 15\u00b0C, car les temp\u00e9ratures dans les r\u00e9gions d'origine de Messor barbarus sont tr\u00e8s rarement inf\u00e9rieures, m\u00eame en hiver. Vous pouvez simplement placer les fourmis dans une pi\u00e8ce non chauff\u00e9e \u00e0 cet effet. Il existe \u00e9galement des rapports d'\u00e9leveurs qui \u00e9l\u00e8vent des Messor barbarus sans hibernation. Cependant, cela peut entra\u00eener une r\u00e9duction de la dur\u00e9e de vie de la colonie ou un ralentissement du d\u00e9veloppement du couvain. Pendant l'hibernation, les animaux ne doivent \u00eatre que peu nourris. Il convient toutefois de v\u00e9rifier r\u00e9guli\u00e8rement l'humidit\u00e9 de l'air et de faire attention aux moisissures !<\/p>\n<p><strong>Formicarium pour Messor barbarus<\/strong><br \/>\nLes fourmis moissonneuses ont besoin d'un nid l\u00e9g\u00e8rement humide pour le couvain et d'un nid sec pour stocker les grains r\u00e9colt\u00e9s (sec pour \u00e9viter la formation de moisissures). La meilleure solution consiste \u00e0 utiliser deux nids s\u00e9par\u00e9s, qui sont inclus dans notre kit de d\u00e9marrage. Cela durera au moins 1 \u00e0 2 ans. Par la suite, les zones du nid et de l'ar\u00e8ne doivent \u00eatre agrandies.<\/p>\n<p><strong>Les conditions climatiques optimales pour Messor barbarus sont les suivantes :<\/strong><br \/>\nHumidit\u00e9 :<br \/>\nAr\u00e8ne : 30 - 50% Zone de nidification : 50 - 70%<br \/>\nTemp\u00e9rature :<br \/>\nAr\u00e8ne : 25 - 30\u00b0C Zone de nidification : 21 - 26\u00b0C<\/p>\n<p>Notre Digfix est le mat\u00e9riau de nidification le plus appropri\u00e9. Il est tr\u00e8s r\u00e9sistant \u00e0 l'humidit\u00e9 et garantit que la vue sur le nid, les chambres et les passages \u00e0 l'int\u00e9rieur n'est pas perturb\u00e9e par des r\u00e9sidus de substrat, comme c'est le cas avec les m\u00e9langes de sable et de paille. Gr\u00e2ce \u00e0 leurs m\u00e2choires puissantes, les ouvri\u00e8res de Major peuvent \u00e9galement se frayer un chemin \u00e0 travers Ytong au fil du temps sans aucun probl\u00e8me. Les nids en verre avec des inserts Digfix sont donc la meilleure et la plus s\u00fbre fa\u00e7on de garder Messor angularis.<\/p>\n<p><strong>Contenu :<\/strong><\/p>\n<p>1x Messor barbarus (reine + 11-25 ouvri\u00e8res + couvain)<br \/>\n1x Confiture de grillons 25g<br \/>\n1x Aliment pour c\u00e9r\u00e9ales mineures 100g<br \/>\n1x pad for formicariums &#8211; 20x20cm<br \/>\n2x pad for formicariums &#8211; 20x6cm<\/p>\n<p>1x ANTCUBE - ar\u00e8ne 20x20x10 - plat<br \/>\n1x cadre d'ar\u00e8ne de fourmis 20\u00d720<br \/>\n1x couverture de fourmili\u00e8re 20\u00d720<br \/>\n4x point de fixation pour la couverture de l'ar\u00e8ne<br \/>\n2x ANTCUBE - Fourmili\u00e8re - L - 20\u00d720 - vertical<\/p>\n<p>2x ANTCUBE - Plaque Digfix 20\u00d720 - M<br \/>\n1x 1m tube transparent 14\/10 mm<br \/>\n2x ANTCUBE - Feuille rouge 20\u00d720 - filtre<br \/>\n2x pinces adh\u00e9sives - transparentes 2 pcs.<br \/>\n1x substrat - d\u00e9sert - 1 kg<\/p>\n<p>2x grid insert &#8211; 50mm<br \/>\n1x grid insert &#8211; 27mm<br \/>\n1x couvercle de grille - 10mm - acier inoxydable<\/p>\n<p>1x connecteur de tuyau de r\u00e9servoir 27-14,16,20 mm - transparent<br \/>\n1x drinking clear 5ml &#8211; sponge<br \/>\n1x Feeding dish white rectangle &#8211; 3 compartments<br \/>\n1x Foil thermometer display<br \/>\n2x Foil thermometer farm<br \/>\n1x Huile de protection contre les fourmis 10ml<br \/>\n1x Pince \u00e0 \u00e9piler en acier \u00e0 ressort - large - souple<br \/>\n1x Pince \u00e0 \u00e9piler en plastique transparent<br \/>\n1x pipette en plastique 3ml<br \/>\n1x loupe \u00e0 main - 2x - 30mm<br \/>\n1x racleur en mousse 150x18x2,5mm<br \/>\n1x dos photo - d\u00e9sert - 20\u00d710<\/p>\n<p><strong>Description Starter Set :<\/strong><br \/>\nCe kit de d\u00e9marrage est particuli\u00e8rement adapt\u00e9 aux diff\u00e9rentes esp\u00e8ces du genre Messor. L'une des deux fermes est destin\u00e9e au stockage des graines et du pain de fourmis et doit donc \u00eatre maintenue parfaitement s\u00e8che afin d'\u00e9viter que les graines\/grains stock\u00e9s par les fourmis ne germent ou ne moisissent.<br \/>\nLes \"plaques Digfix\" peuvent \u00eatre ins\u00e9r\u00e9es dans les fermes enti\u00e8rement transparentes. Il est \u00e9galement possible d'utiliser le \"Soil - Desert\" pour remplir les fermes. Si n\u00e9cessaire, des modules suppl\u00e9mentaires peuvent \u00eatre connect\u00e9s via les trous de 50 mm du couvercle, par exemple les brumisateurs, les ventilateurs ou les lumi\u00e8res disponibles s\u00e9par\u00e9ment. En alternative, des grilles appropri\u00e9es pour fermer les ouvertures sont incluses dans la livraison. Si vous le souhaitez, le formicarium peut \u00e9galement \u00eatre utilis\u00e9 ouvert. Il suffit de fixer le cadre amovible et d'appliquer de l'huile anti-fourmis sur le bord.<\/p>\n<p><strong>Important :<\/strong> Veuillez humidifier le substrat avant de l'utiliser afin que le m\u00e9lange puisse se fixer et s'accrocher solidement dans la fourmili\u00e8re. En outre, si le substrat est trop sec et poussi\u00e9reux, les voies respiratoires des fourmis peuvent \u00eatre obstru\u00e9es et, dans le pire des cas, les animaux peuvent suffoquer.<\/p>\n<p><strong>Recommandation :<\/strong> Nous recommandons une couche de substrat de 2 mm de hauteur, afin que les animaux ne puissent pas creuser dans l'ar\u00e8ne et utilisent plut\u00f4t la ferme pr\u00e9vue \u00e0 cet effet. Nous recommandons \u00e9galement que le mat\u00e9riau de nidification de la ferme (sable\/argile, Digfix, etc.) soit l\u00e9g\u00e8rement piqu\u00e9 \u00e0 un endroit pour que les animaux puissent creuser plus facilement.<\/p>\n<p><strong>Notes sur la production<\/strong><br \/>\nLe verre est coup\u00e9 selon la norme DIN 1249 avec une tol\u00e9rance de +\/- 1 mm. Pour les esp\u00e8ces de fourmis extr\u00eamement petites, une protection suppl\u00e9mentaire contre les fuites est indispensable.<\/p>\n<p><strong>Notes sur la ferme<\/strong><br \/>\nLorsque vous fixez ou retirez des tuyaux, veuillez tenir compte des points suivants :<br \/>\nSi le tuyau est tr\u00e8s difficile \u00e0 placer sur le manchon de raccordement, il faut frotter l\u00e9g\u00e8rement le manchon avec une goutte de notre huile ou de notre poudre anti-\u00e9clatement. Le tuyau doit ensuite \u00eatre pouss\u00e9 sur le manchon par des mouvements de torsion ou de vissage, sans solliciter le manchon par des mouvements de haut en bas. Il en va de m\u00eame lorsque vous retirez les tuyaux du manchon de raccordement \u00e0 la ferme. Ne tirez pas simplement sur le tuyau !<\/p>\n<p><strong>Note sur Digfix :<\/strong> La couleur naturelle peut varier entre le vert\/gris-brun et le brun terre. Le ton de la couleur n'a aucune influence sur la qualit\u00e9.<\/p>\n<p><strong>Instructions : <\/strong>(Version 2023, la version mise \u00e0 jour pour 2024 sera disponible au plus tard le 04\/2024)<br \/>\n<span data-sheets-root=\"1\" data-sheets-value=\"{&quot;1&quot;:2,&quot;2&quot;:&quot;DE Gebrauchsanweisung Starter Set Ernteameisen (PDF 2,50 MB)&quot;}\" data-sheets-userformat=\"{&quot;2&quot;:513,&quot;3&quot;:{&quot;1&quot;:0},&quot;12&quot;:0}\" data-sheets-hyperlink=\"https:\/\/www.antstore.net\/shop\/images\/info\/de\/Gebrauchsanweisung Starter Set Ernteameisen.pdf\" data-sheets-hyperlinkruns=\"{&quot;1&quot;:3,&quot;2&quot;:&quot;https:\/\/www.antstore.net\/shop\/images\/info\/de\/Gebrauchsanweisung Starter Set Ernteameisen.pdf&quot;}\uee10{&quot;1&quot;:46}\"><a class=\"in-cell-link\" href=\"https:\/\/www.antstore.net\/shop\/images\/info\/de\/Gebrauchsanweisung Starter Set Ernteameisen.pdf\" target=\"_blank\" rel=\"noopener\">- DE <\/a><a class=\"in-cell-link\" href=\"https:\/\/www.antstore.net\/shop\/images\/info\/de\/Gebrauchsanweisung Starter Set Ernteameisen.pdf\" target=\"_blank\" rel=\"noopener\">Gebrauchsanweisung Starter Set Ernteameisen<\/a><a class=\"in-cell-link\" href=\"https:\/\/www.antstore.net\/shop\/images\/info\/de\/Gebrauchsanweisung Starter Set Ernteameisen.pdf\" target=\"_blank\" rel=\"noopener\"> (PDF 2,50 MB)<\/a><\/span><br \/>\n<a href=\"https:\/\/www.antstore.net\/shop\/images\/info\/en\/Instructions%20for%20use%20-%20Starter%20Set%20for%20Harvester%20Ants.pdf\">- FR Mode d'emploi - Starter Set pour fourmis moissonneuses (PDF 2,50 MB)<\/a><br \/>\n<a href=\"https:\/\/www.antstore.net\/shop\/images\/info\/es\/Manual%20de%20instrucciones%20-%20Set%20de%20inicio%20para%20las%20hormigas%20de%20la%20cosecha%20_%20messor.pdf\">- ES Manual de instrucciones - Set de inicio para las hormigas de la cosecha _ messor (PDF 2,50 MB)<\/a><br \/>\n<a href=\"https:\/\/www.antstore.net\/shop\/images\/info\/fr\/Manuel%20d'instruction%20-%20Kit%20de%20d%C3%A9marrage%20pour%20les%20fourmis%20moissonneuses_%20Messor.pdf\">- FR Manuel d'instruction - Kit de d\u00e9marrage pour les fourmis moissonneuses_ Messor (PDF 2,50 MB)<\/a><\/p>\n<p><strong>Notes sur le Cricket Jam :<\/strong><br \/>\nNos grillons blanchis sont un moyen facile de fournir \u00e0 vos fourmis une nourriture prot\u00e9in\u00e9e fra\u00eechement conserv\u00e9e sans avoir \u00e0 nourrir les insectes vivants. Les grillons contenus (Acheta domesticus) ont \u00e9t\u00e9 d\u00e9licatement blanchis pour garantir que les valeurs nutritionnelles, le go\u00fbt et l'ar\u00f4me soient conserv\u00e9s. En outre, la carapace chitineuse des insectes est ramollie de mani\u00e8re \u00e0 ce qu'elle puisse \u00eatre dig\u00e9r\u00e9e plus facilement. Les liaisons des prot\u00e9ines de collag\u00e8ne sont bris\u00e9es afin que les fourmis puissent mieux les utiliser. Les Acheta domesticus en conserve ont la m\u00eame valeur nutritionnelle que les grillons vivants, mais sont plus faciles \u00e0 dig\u00e9rer.<\/p>\n<p>Le Cricket Jam n'est pas adapt\u00e9 \u00e0 la chasse aux esp\u00e8ces de fourmis qui ont besoin de nourriture vivante (par exemple les pon\u00e9rines (grandes fourmis) telles que Harpegnathos ou Odontomachus).<\/p>\n<p><strong>Autres avantages :<\/strong><br \/>\nGaranti sans acariens<br \/>\nPeut \u00eatre portionn\u00e9 et dilu\u00e9 avec de l'eau<br \/>\nSt\u00e9rilis\u00e9 et emball\u00e9 sous vide<br \/>\nSans additifs<br \/>\nGrillons issus d'un \u00e9levage durable et purement biologique, nourris avec des d\u00e9chets organiques<\/p>\n<p><strong>Note :<\/strong><br \/>\nSe conserve au r\u00e9frig\u00e9rateur pendant environ quatre jours apr\u00e8s ouverture. La dur\u00e9e de conservation est plus longue si le produit est congel\u00e9.<br \/>\n<strong>Attention :<\/strong> D'abord la portion, puis la cong\u00e9lation.<\/p>","protected":false},"excerpt":{"rendered":"<p>L'ensemble est compos\u00e9 de 39 pi\u00e8ces<br \/>\nTaille : M<\/p>","protected":false},"featured_media":7113,"comment_status":"open","ping_status":"closed","template":"","meta":{"_acf_changed":false,"content-type":"","_monsterinsights_skip_tracking":false,"_monsterinsights_sitenote_active":false,"_monsterinsights_sitenote_note":"","_monsterinsights_sitenote_category":0},"product_brand":[],"product_cat":[355,353,73],"product_tag":[],"class_list":{"0":"post-5347","1":"product","2":"type-product","3":"status-publish","4":"has-post-thumbnail","6":"product_cat-bundle-offers","7":"product_cat-starter-sets-for-harvester-ants","8":"product_cat-starter-sets","10":"first","11":"instock","12":"taxable","13":"shipping-taxable","14":"purchasable","15":"product-type-simple"},"acf":[],"aioseo_notices":[],"jetpack_sharing_enabled":true,"_links":{"self":[{"href":"https:\/\/antcube.shop\/fr\/wp-json\/wp\/v2\/product\/5347","targetHints":{"allow":["GET"]}}],"collection":[{"href":"https:\/\/antcube.shop\/fr\/wp-json\/wp\/v2\/product"}],"about":[{"href":"https:\/\/antcube.shop\/fr\/wp-json\/wp\/v2\/types\/product"}],"replies":[{"embeddable":true,"href":"https:\/\/antcube.shop\/fr\/wp-json\/wp\/v2\/comments?post=5347"}],"wp:featuredmedia":[{"embeddable":true,"href":"https:\/\/antcube.shop\/fr\/wp-json\/wp\/v2\/media\/7113"}],"wp:attachment":[{"href":"https:\/\/antcube.shop\/fr\/wp-json\/wp\/v2\/media?parent=5347"}],"wp:term":[{"taxonomy":"product_brand","embeddable":true,"href":"https:\/\/antcube.shop\/fr\/wp-json\/wp\/v2\/product_brand?post=5347"},{"taxonomy":"product_cat","embeddable":true,"href":"https:\/\/antcube.shop\/fr\/wp-json\/wp\/v2\/product_cat?post=5347"},{"taxonomy":"product_tag","embeddable":true,"href":"https:\/\/antcube.shop\/fr\/wp-json\/wp\/v2\/product_tag?post=5347"}],"curies":[{"name":"wp","href":"https:\/\/api.w.org\/{rel}","templated":true}]}}