{"id":4873,"date":"2022-12-07T14:03:10","date_gmt":"2022-12-07T13:03:10","guid":{"rendered":"https:\/\/antcube.shop\/produkt\/combi-balkon\/"},"modified":"2026-04-09T15:19:14","modified_gmt":"2026-04-09T13:19:14","slug":"combi-balkon","status":"publish","type":"product","link":"https:\/\/antcube.shop\/fr\/produit\/combi-balkon\/","title":{"rendered":"Combi - Balcon"},"content":{"rendered":"<p style=\"margin-bottom: 0cm;\"><strong>Dimensions :<\/strong> 19x6x8 cm<\/p>\n<p><strong>Mat\u00e9riau :<\/strong> PMMA<\/p>\n<p><strong>Couleur :<\/strong> limpide, transparent, translucide<\/p>\n<p><strong>Contenu :<\/strong><br \/>\n1x plaque de base<br \/>\n2x support de fixation<br \/>\n1x rampe \u00e9troite (pour les petites fourmis)<br \/>\n1x rampe large (pour les grandes fourmis)<\/p>\n<p><strong>Note :<\/strong> Les pi\u00e8ces sont fournies sous forme de kit ou de syst\u00e8me enfichable. Aucun collage n'est n\u00e9cessaire.<\/p>\n<p><strong>Connexion :<\/strong><br \/>\nPeut \u00eatre accroch\u00e9 \u00e0 toutes les ar\u00e8nes Combi 20x20x20 cm en S, M, L.<\/p>\n<p><strong>Description :<\/strong> Le Combi-Balcon est simplement accroch\u00e9 au Combi Arena existant. Le balcon sert d'extension \u00e0 l'ar\u00e8ne et permet aux fourmis de monter ou de descendre plus facilement de la partie sup\u00e9rieure du nid de l'ar\u00e8ne. Il existe une aide \u00e0 l'escalade \u00e9troite pour les petites esp\u00e8ces de fourmis, telles que Lasius niger, et une plus large pour les esp\u00e8ces telles que Camponotus. La plate-forme sur\u00e9lev\u00e9e peut \u00eatre utilis\u00e9e comme zone d'alimentation pour placer des bols ou des abreuvoirs. Elle simplifie les travaux d'entretien et de maintenance, gr\u00e2ce \u00e0 la proximit\u00e9 de l'ouverture sup\u00e9rieure, et maintient le substrat inf\u00e9rieur exempt de r\u00e9sidus alimentaires. Gr\u00e2ce \u00e0 son mat\u00e9riau transparent, le Balcon Combi s'int\u00e8gre parfaitement dans le Combi Arena sans bloquer la vue sur la zone du nid et est \u00e9galement facile \u00e0 nettoyer.<\/p>\n<p style=\"margin-bottom: 0cm;\">","protected":false},"excerpt":{"rendered":"<p>Dimensions : 19x6x8 cm Mat\u00e9riau : PMMA Couleur : cristal clair, transparent, translucide Contenu : 1x plaque de base 2x support de fixation 1x rampe \u00e9troite (pour petites fourmis) 1x rampe large (pour grandes fourmis) Remarque : Les pi\u00e8ces sont fournies sous forme de kit ou de syst\u00e8me enfichable. Aucun collage n'est n\u00e9cessaire. Connexion : Peut \u00eatre accroch\u00e9 dans toutes les ar\u00e8nes Combi 20x20x20 cm en","protected":false},"featured_media":4875,"comment_status":"open","ping_status":"closed","template":"","meta":{"_acf_changed":false,"content-type":"","_monsterinsights_skip_tracking":false,"_monsterinsights_sitenote_active":false,"_monsterinsights_sitenote_note":"","_monsterinsights_sitenote_category":0},"product_brand":[],"product_cat":[239],"product_tag":[],"class_list":{"0":"post-4873","1":"product","2":"type-product","3":"status-publish","4":"has-post-thumbnail","6":"product_cat-useful-additions","8":"first","9":"instock","10":"taxable","11":"shipping-taxable","12":"purchasable","13":"product-type-simple"},"acf":[],"aioseo_notices":[],"jetpack_sharing_enabled":true,"_links":{"self":[{"href":"https:\/\/antcube.shop\/fr\/wp-json\/wp\/v2\/product\/4873","targetHints":{"allow":["GET"]}}],"collection":[{"href":"https:\/\/antcube.shop\/fr\/wp-json\/wp\/v2\/product"}],"about":[{"href":"https:\/\/antcube.shop\/fr\/wp-json\/wp\/v2\/types\/product"}],"replies":[{"embeddable":true,"href":"https:\/\/antcube.shop\/fr\/wp-json\/wp\/v2\/comments?post=4873"}],"wp:featuredmedia":[{"embeddable":true,"href":"https:\/\/antcube.shop\/fr\/wp-json\/wp\/v2\/media\/4875"}],"wp:attachment":[{"href":"https:\/\/antcube.shop\/fr\/wp-json\/wp\/v2\/media?parent=4873"}],"wp:term":[{"taxonomy":"product_brand","embeddable":true,"href":"https:\/\/antcube.shop\/fr\/wp-json\/wp\/v2\/product_brand?post=4873"},{"taxonomy":"product_cat","embeddable":true,"href":"https:\/\/antcube.shop\/fr\/wp-json\/wp\/v2\/product_cat?post=4873"},{"taxonomy":"product_tag","embeddable":true,"href":"https:\/\/antcube.shop\/fr\/wp-json\/wp\/v2\/product_tag?post=4873"}],"curies":[{"name":"wp","href":"https:\/\/api.w.org\/{rel}","templated":true}]}}