{"id":4747,"date":"2022-11-14T15:08:27","date_gmt":"2022-11-14T14:08:27","guid":{"rendered":"https:\/\/antcube.shop\/produkt\/beckenverbinder-3-4-beidseitig-fur-bohrung-27-mm\/"},"modified":"2026-04-15T15:04:19","modified_gmt":"2026-04-15T13:04:19","slug":"beckenverbinder-3-4-beidseitig-fur-bohrung-27-mm","status":"publish","type":"product","link":"https:\/\/antcube.shop\/fr\/produit\/beckenverbinder-3-4-beidseitig-fur-bohrung-27-mm\/","title":{"rendered":"Raccord de lavabo 3\/4\u2033 - des deux c\u00f4t\u00e9s pour un al\u00e9sage de 27 mm."},"content":{"rendered":"<p><strong>Dimensions :<\/strong> pour al\u00e9sage 27mm<\/p>\n<p><strong>Contenu :<\/strong> 1x adaptateur \u00e0 vis (<strong>ATTENTION<\/strong>: Les \u00e9crous filet\u00e9s ne sont pas inclus, voir sous \"Produits connexes\").<\/p>\n<p><strong>Description :<\/strong> Ce raccord de lavabo permet de relier deux lavabos ou deux fermes de taille XL. Les trous doivent \u00eatre \u00e0 la m\u00eame hauteur dans les bassins que vous voulez connecter. Le connecteur est ins\u00e9r\u00e9 dans chacun des trous et viss\u00e9 avec un contre-\u00e9crou disponible s\u00e9par\u00e9ment. Cela garantit que la connexion est r\u00e9sistante \u00e0 la rupture et qu'elle tient fermement lors du d\u00e9placement des bassins.<\/p>\n<p>&nbsp;<\/p>","protected":false},"excerpt":{"rendered":"<p>Dimensions : pour al\u00e9sage 27mm Contenu : 1x adaptateur \u00e0 vis (ATTENTION : Les \u00e9crous filet\u00e9s ne sont pas inclus, voir sous \"Produits connexes\"). Description : Ce raccord de lavabo permet de relier deux lavabos ou deux fermes de taille XL. Les trous doivent \u00eatre \u00e0 la m\u00eame hauteur dans les bassins que vous voulez connecter. Le site","protected":false},"featured_media":4755,"comment_status":"open","ping_status":"closed","template":"","meta":{"_acf_changed":false,"content-type":"","_monsterinsights_skip_tracking":false,"_monsterinsights_sitenote_active":false,"_monsterinsights_sitenote_note":"","_monsterinsights_sitenote_category":0},"product_brand":[],"product_cat":[121],"product_tag":[],"class_list":{"0":"post-4747","1":"product","2":"type-product","3":"status-publish","4":"has-post-thumbnail","6":"product_cat-connectors","8":"first","9":"instock","10":"taxable","11":"shipping-taxable","12":"purchasable","13":"product-type-simple"},"acf":[],"aioseo_notices":[],"jetpack_sharing_enabled":true,"_links":{"self":[{"href":"https:\/\/antcube.shop\/fr\/wp-json\/wp\/v2\/product\/4747","targetHints":{"allow":["GET"]}}],"collection":[{"href":"https:\/\/antcube.shop\/fr\/wp-json\/wp\/v2\/product"}],"about":[{"href":"https:\/\/antcube.shop\/fr\/wp-json\/wp\/v2\/types\/product"}],"replies":[{"embeddable":true,"href":"https:\/\/antcube.shop\/fr\/wp-json\/wp\/v2\/comments?post=4747"}],"wp:featuredmedia":[{"embeddable":true,"href":"https:\/\/antcube.shop\/fr\/wp-json\/wp\/v2\/media\/4755"}],"wp:attachment":[{"href":"https:\/\/antcube.shop\/fr\/wp-json\/wp\/v2\/media?parent=4747"}],"wp:term":[{"taxonomy":"product_brand","embeddable":true,"href":"https:\/\/antcube.shop\/fr\/wp-json\/wp\/v2\/product_brand?post=4747"},{"taxonomy":"product_cat","embeddable":true,"href":"https:\/\/antcube.shop\/fr\/wp-json\/wp\/v2\/product_cat?post=4747"},{"taxonomy":"product_tag","embeddable":true,"href":"https:\/\/antcube.shop\/fr\/wp-json\/wp\/v2\/product_tag?post=4747"}],"curies":[{"name":"wp","href":"https:\/\/api.w.org\/{rel}","templated":true}]}}