{"id":4746,"date":"2022-11-14T15:07:53","date_gmt":"2022-11-14T14:07:53","guid":{"rendered":"https:\/\/antcube.shop\/produkt\/acrylglas-xt-rohr-20-16mm-1m\/"},"modified":"2026-04-05T21:18:08","modified_gmt":"2026-04-05T19:18:08","slug":"acrylglas-xt-rohr-20-16mm-1m","status":"publish","type":"product","link":"https:\/\/antcube.shop\/fr\/produit\/acrylglas-xt-rohr-20-16mm-1m\/","title":{"rendered":"Tuyau de fourmi - transparent - 20mm - 1m"},"content":{"rendered":"<p><strong>Dimensions :<\/strong> diam\u00e8tre ext\u00e9rieur 20 mm, longueur 1m <span data-text-color=\"alert\"><strong>(2\u00d750 cm)<\/strong><\/span><\/p>\n<p><strong>Mat\u00e9riau :<\/strong> verre acrylique<\/p>\n<p><strong>Couleur :<\/strong> transparent, clair<\/p>\n<p><strong>Description :<\/strong> Peut \u00eatre connect\u00e9 au formicarium via des adaptateurs ou connecter plusieurs formicariums ensemble.<\/p>","protected":false},"excerpt":{"rendered":"<p>Dimensions : diam\u00e8tre ext\u00e9rieur 20 mm, longueur 1m (2x50 cm) Mat\u00e9riau : verre acrylique Couleur : transparent, clair Description : Peut \u00eatre connect\u00e9 au formicarium via des adaptateurs ou connecter plusieurs formicariums ensemble.<\/p>","protected":false},"featured_media":4763,"comment_status":"open","ping_status":"closed","template":"","meta":{"_acf_changed":false,"content-type":"","_monsterinsights_skip_tracking":false,"_monsterinsights_sitenote_active":false,"_monsterinsights_sitenote_note":"","_monsterinsights_sitenote_category":0},"product_brand":[],"product_cat":[120],"product_tag":[],"class_list":{"0":"post-4746","1":"product","2":"type-product","3":"status-publish","4":"has-post-thumbnail","6":"product_cat-hoses","8":"first","9":"instock","10":"taxable","11":"shipping-taxable","12":"purchasable","13":"product-type-simple"},"acf":[],"aioseo_notices":[],"jetpack_sharing_enabled":true,"_links":{"self":[{"href":"https:\/\/antcube.shop\/fr\/wp-json\/wp\/v2\/product\/4746","targetHints":{"allow":["GET"]}}],"collection":[{"href":"https:\/\/antcube.shop\/fr\/wp-json\/wp\/v2\/product"}],"about":[{"href":"https:\/\/antcube.shop\/fr\/wp-json\/wp\/v2\/types\/product"}],"replies":[{"embeddable":true,"href":"https:\/\/antcube.shop\/fr\/wp-json\/wp\/v2\/comments?post=4746"}],"wp:featuredmedia":[{"embeddable":true,"href":"https:\/\/antcube.shop\/fr\/wp-json\/wp\/v2\/media\/4763"}],"wp:attachment":[{"href":"https:\/\/antcube.shop\/fr\/wp-json\/wp\/v2\/media?parent=4746"}],"wp:term":[{"taxonomy":"product_brand","embeddable":true,"href":"https:\/\/antcube.shop\/fr\/wp-json\/wp\/v2\/product_brand?post=4746"},{"taxonomy":"product_cat","embeddable":true,"href":"https:\/\/antcube.shop\/fr\/wp-json\/wp\/v2\/product_cat?post=4746"},{"taxonomy":"product_tag","embeddable":true,"href":"https:\/\/antcube.shop\/fr\/wp-json\/wp\/v2\/product_tag?post=4746"}],"curies":[{"name":"wp","href":"https:\/\/api.w.org\/{rel}","templated":true}]}}