{"id":4745,"date":"2022-11-14T15:07:37","date_gmt":"2022-11-14T14:07:37","guid":{"rendered":"https:\/\/antcube.shop\/produkt\/rohrkappe-glasklar-fur-20mm\/"},"modified":"2026-04-13T09:34:43","modified_gmt":"2026-04-13T07:34:43","slug":"rohrkappe-glasslar-fur-20mm","status":"publish","type":"product","link":"https:\/\/antcube.shop\/fr\/produit\/rohrkappe-glasslar-fur-20mm\/","title":{"rendered":"Bouchon de tuyau transparent pour 20mm"},"content":{"rendered":"<p><strong>Dimensions<\/strong> (LxlxH) : 1,9\u00d72,5\u00d72,5cm<br \/>\n<strong>Diam\u00e8tre int\u00e9rieur :<\/strong> 20mm<\/p>\n<p>Mat\u00e9riau : Acrylique<br \/>\nCouleur : Incolore\/Transparent\/Clair<\/p>\n<p>Contenu : 1pcs.<\/p>\n<p>Sp\u00e9cifications techniques :<br \/>\nBouchon de tuyau transparent diam\u00e8tre 25mm pour tuyau de 20mm.<\/p>\n<p><strong>Description :<\/strong><br \/>\nBouchon de tuyau en acrylique transparent pour fermer les tuyaux en acrylique.<\/p>\n<p><strong>Avis :<\/strong><br \/>\nLors du montage des tuyaux, veuillez noter les points suivants :<br \/>\nEn raison des propri\u00e9t\u00e9s du mat\u00e9riau acrylique, il faut \u00e0 tout prix \u00e9viter la pression et l'effet de levier. Si la connexion est difficile, effectuez des mouvements de torsion prudents et appliquez un peu d'huile anti-rupture si n\u00e9cessaire.<\/p>","protected":false},"excerpt":{"rendered":"<p>Dimensions (LxlxH) : 1,9x2,5x2,5cm Diam\u00e8tre int\u00e9rieur : 20mm Mat\u00e9riau : Acrylique Couleur : Incolore\/Transparent\/Clair Contenu : 1pcs. Sp\u00e9cifications techniques : Bouchon de tuyau transparent diam\u00e8tre 25mm pour tuyau de 20mm. Description : Bouchon de tuyau en acrylique transparent pour fermer les tuyaux en acrylique. Remarque : Lors du montage des tuyaux, veuillez noter les points suivants : En raison des propri\u00e9t\u00e9s du mat\u00e9riau de l'acrylique, la pression et le levier doivent \u00eatre","protected":false},"featured_media":4768,"comment_status":"open","ping_status":"closed","template":"","meta":{"_acf_changed":false,"content-type":"","_monsterinsights_skip_tracking":false,"_monsterinsights_sitenote_active":false,"_monsterinsights_sitenote_note":"","_monsterinsights_sitenote_category":0},"product_brand":[],"product_cat":[345],"product_tag":[],"class_list":{"0":"post-4745","1":"product","2":"type-product","3":"status-publish","4":"has-post-thumbnail","6":"product_cat-pipe-connectors","8":"first","9":"instock","10":"taxable","11":"shipping-taxable","12":"purchasable","13":"product-type-simple"},"acf":[],"aioseo_notices":[],"jetpack_sharing_enabled":true,"_links":{"self":[{"href":"https:\/\/antcube.shop\/fr\/wp-json\/wp\/v2\/product\/4745","targetHints":{"allow":["GET"]}}],"collection":[{"href":"https:\/\/antcube.shop\/fr\/wp-json\/wp\/v2\/product"}],"about":[{"href":"https:\/\/antcube.shop\/fr\/wp-json\/wp\/v2\/types\/product"}],"replies":[{"embeddable":true,"href":"https:\/\/antcube.shop\/fr\/wp-json\/wp\/v2\/comments?post=4745"}],"wp:featuredmedia":[{"embeddable":true,"href":"https:\/\/antcube.shop\/fr\/wp-json\/wp\/v2\/media\/4768"}],"wp:attachment":[{"href":"https:\/\/antcube.shop\/fr\/wp-json\/wp\/v2\/media?parent=4745"}],"wp:term":[{"taxonomy":"product_brand","embeddable":true,"href":"https:\/\/antcube.shop\/fr\/wp-json\/wp\/v2\/product_brand?post=4745"},{"taxonomy":"product_cat","embeddable":true,"href":"https:\/\/antcube.shop\/fr\/wp-json\/wp\/v2\/product_cat?post=4745"},{"taxonomy":"product_tag","embeddable":true,"href":"https:\/\/antcube.shop\/fr\/wp-json\/wp\/v2\/product_tag?post=4745"}],"curies":[{"name":"wp","href":"https:\/\/api.w.org\/{rel}","templated":true}]}}